{"id":5132,"date":"2022-04-19T15:54:25","date_gmt":"2022-04-19T15:54:25","guid":{"rendered":"https:\/\/staging.filotrack.com\/devices\/"},"modified":"2022-04-28T12:48:18","modified_gmt":"2022-04-28T12:48:18","slug":"devices","status":"publish","type":"page","link":"https:\/\/filotrack.com\/it\/devices\/","title":{"rendered":"Devices"},"content":{"rendered":"\t\t<div data-elementor-type=\"wp-page\" data-elementor-id=\"5132\" class=\"elementor elementor-5132 elementor-3452\" data-elementor-post-type=\"page\">\n\t\t\t\t\t\t<section class=\"elementor-section elementor-top-section elementor-element elementor-element-35784e5 elementor-section-full_width elementor-section-height-default elementor-section-height-default\" data-id=\"35784e5\" data-element_type=\"section\" data-e-type=\"section\">\n\t\t\t\t\t\t<div class=\"elementor-container elementor-column-gap-no\">\n\t\t\t\t\t<div class=\"elementor-column elementor-col-100 elementor-top-column elementor-element elementor-element-a7bdf3f\" data-id=\"a7bdf3f\" data-element_type=\"column\" data-e-type=\"column\">\n\t\t\t<div class=\"elementor-widget-wrap elementor-element-populated\">\n\t\t\t\t\t\t<div class=\"elementor-element elementor-element-a5c3040 elementor-widget elementor-widget-template\" data-id=\"a5c3040\" data-element_type=\"widget\" data-e-type=\"widget\" data-widget_type=\"template.default\">\n\t\t\t\t<div class=\"elementor-widget-container\">\n\t\t\t\t\t\t\t<div class=\"elementor-template\">\n\t\t\t\t\t<div data-elementor-type=\"single-page\" data-elementor-id=\"5093\" class=\"elementor elementor-5093 elementor-5026\" data-elementor-post-type=\"elementor_library\">\n\t\t\t\t\t<section class=\"elementor-section elementor-top-section elementor-element elementor-element-14ee5f08 elementor-section-boxed elementor-section-height-default elementor-section-height-default\" data-id=\"14ee5f08\" data-element_type=\"section\" data-e-type=\"section\">\n\t\t\t\t\t\t<div class=\"elementor-container elementor-column-gap-default\">\n\t\t\t\t\t<div class=\"elementor-column elementor-col-100 elementor-top-column elementor-element elementor-element-43d29a1b\" data-id=\"43d29a1b\" data-element_type=\"column\" data-e-type=\"column\">\n\t\t\t<div class=\"elementor-widget-wrap elementor-element-populated\">\n\t\t\t\t\t\t<div class=\"elementor-element elementor-element-5bc4d180 elementor-widget elementor-widget-heading\" data-id=\"5bc4d180\" data-element_type=\"widget\" data-e-type=\"widget\" data-widget_type=\"heading.default\">\n\t\t\t\t<div class=\"elementor-widget-container\">\n\t\t\t\t\t<h2 class=\"elementor-heading-title elementor-size-default\">\nDispositivi compatibili con Filo\n<\/h2>\t\t\t\t<\/div>\n\t\t\t\t<\/div>\n\t\t\t\t<div class=\"elementor-element elementor-element-2d89de30 elementor-widget elementor-widget-text-editor\" data-id=\"2d89de30\" data-element_type=\"widget\" data-e-type=\"widget\" data-widget_type=\"text-editor.default\">\n\t\t\t\t<div class=\"elementor-widget-container\">\n\t\t\t\t\t\t\t\t\t<div>\n<div>\n<div>\n<div>\n<h2>Requisiti minimi di compatibilit\u00e0<\/h2>\n<p><\/p>\n<div>\n<p>Filo \u00e8 compatibile con smartphone o tablet<\/p>\n<p><\/p>\n<ul>\n<li>iOS (versione 13 o successive) e Android (versione 8.0 o successive)<\/li>\n<li>che possiedono Bluetooth Low Energy ( 4.0 o successivo)<br><br><\/li>\n<\/ul>\n<\/div>\n<div>Se il tuo dispositivo ha le caratteristiche definite sopra c\u2019\u00e8 un\u2019alta probabilit\u00e0 che funzioni correttamente con Filo. <\/div>\n<\/div>\n<\/div>\n<\/div>\n<\/div>\n<div> <\/div>\n<div> <\/div>\n<div>\n<div>\n<div>\n<div>\n<h2>Dispositivi supportati<\/h2>\n<p><\/p>\n<div>La nostra applicazione \u00e8 regolarmente testata sui dispositivi Android ed iOS elencati qui sotto.<br>Non preoccuparti; se il tuo dispositivo non \u00e8 presente nella lista, ma rispetta i requisiti minimi di compatibilit\u00e0, \u00e8 molto probabile che filo funzioni correttamente. per maggiori informazioni riguardo ai modelli compatibili non presenti nell\u2019elenco seguente, ti invitiamo a scriverci a <a href=\"\">help@filotrack.com<\/a>. <\/div>\n<div> <\/div>\n<\/div>\n<div>\n<h2>iOS<\/h2>\n<p><\/p>\n<div>Dispositivi iOS (versione 13 o successive) con Bluetooth Low Energy ( 4.0 e successivi)<\/div>\n<div> <\/div>\n<div>\n<h3>iPhone<\/h3>\n<div>\n<ul>\n<li>iPhone 5s<\/li>\n<li>iPhone SE (1\u00b0 e 2\u00b0 generazione)<\/li>\n<li>iPhone 6<\/li>\n<li>iPhone 6 Plus<\/li>\n<li>iPhone 6s<\/li>\n<li>iPhone 6s Plus<\/li>\n<li>iPhone 7<\/li>\n<li>iPhone 7 Plus<\/li>\n<li>iPhone 8<\/li>\n<li>iPhone 8 Plus<\/li>\n<li>iPhone X<\/li>\n<li>iPhone XR<\/li>\n<li>iPhone XS<\/li>\n<li>iPhone XS Max<\/li>\n<li>iPhone 11<\/li>\n<li>iPhone 11 Pro<\/li>\n<li>iPhone 11 Pro Max<\/li>\n<li>iPhone 12<\/li>\n<li>iPhone 12 mini<\/li>\n<li>iPhone 12 Pro<\/li>\n<li>iPhone 12 Pro Max<\/li>\n<li>iPhone 13<\/li>\n<li>iPhone 13 mini<\/li>\n<li>iPhone 13 Plus<\/li>\n<li>iPhone 13 Pro<\/li>\n<li>iPhone 13 Pro Max<\/li>\n<li>iPhone 14<\/li>\n<li>iPhone 14 Plus<\/li>\n<li>iPhone 14 Pro<\/li>\n<li>iPhone 14 Pro Max<\/li>\n<li>iPhone 15<\/li>\n<li>iPhone 15 Plus<\/li>\n<li>iPhone 15 Pro<\/li>\n<li>iPhone 15 Pro Max<\/li>\n<li>iPhone 16<\/li>\n<li>iPhone 16 Plus<\/li>\n<li>iPhone 16 Pro<\/li>\n<li>iPhone 16 Pro Max<\/li>\n<p><br><\/p>\n<\/ul>\n<\/div>\n<\/div>\n<div>\n<h3>iPad<\/h3>\n<div>\n<ul>\n<li>iPad 3\u00b0, 4\u00b0, 5\u00b0, 6\u00b0, 7\u00b0, 8\u00b0, 9\u00b0, 10\u00b0 generazione<\/li>\n<li>iPad Air 3\u00b0, 4\u00b0, 5\u00b0 generazione<\/li>\n<li>iPad Air 11\u2019\u2019, 13\u2019\u2019<\/li>\n<li>iPad Pro 1\u00b0, 2\u00b0, 3\u00b0, 4\u00b0 generazione<\/li>\n<li>iPad mini 5\u00b0, 6\u00b0 generazione<br><br><\/li>\n<\/ul>\n<\/div>\n<\/div>\n<div>\n<h3>Apple Watch<\/h3>\n<div>\n<ul>\n<li>\n<\/li>\n<li>Apple Watch SE<\/li>\n<li>Apple Watch Series 3, 4, 5, 6, 7, 8, 9<\/li>\n<li>Apple Watch Ultra 2<\/li>\n<li>Apple Watch Ultra<br><\/li>\n<p><br><\/p>\n<\/ul>\n<\/div>\n<\/div>\n<\/div>\n<div>\n<h2>Android<\/h2>\n<div>Dispositivi Android (versione 8.0 o successive) con Bluetooth 4.0 o successivo<\/div>\n<div> <\/div>\n<div>\n<h3>Smartphone Android<\/h3>\n<p>Ad ogni aggiornamento testiamo l\u2019app di Filo sui seguenti Smartphone<\/p><div><ul><li>Google Pixel 6a<\/li>\n<li>Google Pixel 5<\/li>\n<li>Google Pixel 3a<\/li>\n<li>Samsung Galaxy S22 plus<\/li>\n<li>Samsung Galaxy S21 plus<\/li>\n<li>Samsung Galaxy S20 plus<\/li>\n<li>Samsung Galaxy S10e<\/li>\n<li>Samsung Galaxy S9<\/li>\n<li>Samsung Galaxy A40<\/li>\n<li>Samsung Galaxy A20e<\/li>\n<li>Samsung Galaxy A10<\/li>\n<li>Motorola Moto G34<\/li>\n<li>Xiaomi Mi A9<\/li>\n<li>Xiaomi A3<\/li>\n<li>Huawei P30<\/li>\n<li>Huawei Mate 20 lite<\/li>\n<li>Oppo A5<\/li>\n\n<\/ul>\n<\/div>\n<\/div>\n<div>\n<h3>Dispositivi Android non compatibili:<\/h3>\n<div>\n<ul>\n<li>Sony Xperia series Z, M<\/li>\n<li>Samsung S3 neo, S3, S3 mini<\/li>\n<li>Samsung Galaxy J3<\/li>\n<\/ul>\n<\/div>\n<\/div>\n<\/div>\n<div>\n<h2>Dispositivi non supportati<\/h2>\n<div>I dispositivi <span>Windows <\/span>non sono supportati<\/div>\n<div>I dispositivi <span>Blackberry <\/span>non sono supportati<\/div>\n<div>I dispositivi <span>Huawei <\/span>senza i servizi di Google non sono supportati<\/div>\n<div> <\/div>\n<\/div>\n<div>\n<h2>Non Disponibile per App Gallery<\/h2>\n<\/div>\n<\/div>\n<\/div>\n<\/div>\t\t\t\t\t\t\t\t<\/div>\n\t\t\t\t<\/div>\n\t\t\t\t\t<\/div>\n\t\t<\/div>\n\t\t\t\t\t<\/div>\n\t\t<\/section>\n\t\t\t\t<\/div>\n\t\t\t\t<\/div>\n\t\t\t\t\t\t<\/div>\n\t\t\t\t<\/div>\n\t\t\t\t\t<\/div>\n\t\t<\/div>\n\t\t\t\t\t<\/div>\n\t\t<\/section>\n\t\t\t\t<\/div>\n\t\t","protected":false},"excerpt":{"rendered":"","protected":false},"author":10,"featured_media":0,"parent":0,"menu_order":0,"comment_status":"closed","ping_status":"closed","template":"elementor_header_footer","meta":{"inline_featured_image":false,"footnotes":""},"class_list":["post-5132","page","type-page","status-publish","hentry","entry"],"_links":{"self":[{"href":"https:\/\/filotrack.com\/it\/wp-json\/wp\/v2\/pages\/5132","targetHints":{"allow":["GET"]}}],"collection":[{"href":"https:\/\/filotrack.com\/it\/wp-json\/wp\/v2\/pages"}],"about":[{"href":"https:\/\/filotrack.com\/it\/wp-json\/wp\/v2\/types\/page"}],"author":[{"embeddable":true,"href":"https:\/\/filotrack.com\/it\/wp-json\/wp\/v2\/users\/10"}],"replies":[{"embeddable":true,"href":"https:\/\/filotrack.com\/it\/wp-json\/wp\/v2\/comments?post=5132"}],"version-history":[{"count":4,"href":"https:\/\/filotrack.com\/it\/wp-json\/wp\/v2\/pages\/5132\/revisions"}],"predecessor-version":[{"id":5136,"href":"https:\/\/filotrack.com\/it\/wp-json\/wp\/v2\/pages\/5132\/revisions\/5136"}],"wp:attachment":[{"href":"https:\/\/filotrack.com\/it\/wp-json\/wp\/v2\/media?parent=5132"}],"curies":[{"name":"wp","href":"https:\/\/api.w.org\/{rel}","templated":true}]}}