{"id":2103,"date":"2022-03-24T18:20:10","date_gmt":"2022-03-24T18:20:10","guid":{"rendered":"https:\/\/34.241.33.110\/filo-press-kit\/"},"modified":"2024-10-07T13:18:55","modified_gmt":"2024-10-07T13:18:55","slug":"filo-press-kit","status":"publish","type":"page","link":"https:\/\/filotrack.com\/it\/filo-press-kit\/","title":{"rendered":"Filo &#8211; Press Kit"},"content":{"rendered":"\t\t<div data-elementor-type=\"wp-page\" data-elementor-id=\"2103\" class=\"elementor elementor-2103 elementor-501\" data-elementor-post-type=\"page\">\n\t\t\t\t\t\t<section class=\"elementor-section elementor-top-section elementor-element elementor-element-4e8233bc elementor-section-full_width elementor-hidden-mobile elementor-section-height-default elementor-section-height-default\" data-id=\"4e8233bc\" data-element_type=\"section\" data-e-type=\"section\">\n\t\t\t\t\t\t<div class=\"elementor-container elementor-column-gap-no\">\n\t\t\t\t\t<div class=\"elementor-column elementor-col-50 elementor-top-column elementor-element elementor-element-16831259\" data-id=\"16831259\" data-element_type=\"column\" data-e-type=\"column\">\n\t\t\t<div class=\"elementor-widget-wrap elementor-element-populated\">\n\t\t\t\t\t\t<div class=\"elementor-element elementor-element-1e43707c elementor-widget elementor-widget-image\" data-id=\"1e43707c\" data-element_type=\"widget\" data-e-type=\"widget\" data-widget_type=\"image.default\">\n\t\t\t\t<div class=\"elementor-widget-container\">\n\t\t\t\t\t\t\t\t\t\t\t\t\t\t\t<img decoding=\"async\" src=\"https:\/\/filotrack.com\/wp-content\/uploads\/elementor\/thumbs\/HomePage_Img_1-1-q9og3879lsom2c5kq9c0mnkwqm642emk10ypqw8nb4.webp\" title=\"HomePage_Img_1\" alt=\"HomePage_Img_1\" loading=\"lazy\" \/>\t\t\t\t\t\t\t\t\t\t\t\t\t\t\t<\/div>\n\t\t\t\t<\/div>\n\t\t\t\t\t<\/div>\n\t\t<\/div>\n\t\t\t\t<div class=\"elementor-column elementor-col-50 elementor-top-column elementor-element elementor-element-227949fc\" data-id=\"227949fc\" data-element_type=\"column\" data-e-type=\"column\">\n\t\t\t<div class=\"elementor-widget-wrap elementor-element-populated\">\n\t\t\t\t\t\t<div class=\"elementor-element elementor-element-72da089b elementor-widget elementor-widget-heading\" data-id=\"72da089b\" data-element_type=\"widget\" data-e-type=\"widget\" data-widget_type=\"heading.default\">\n\t\t\t\t<div class=\"elementor-widget-container\">\n\t\t\t\t\t<h2 class=\"elementor-heading-title elementor-size-default\">Press Kit<\/h2>\t\t\t\t<\/div>\n\t\t\t\t<\/div>\n\t\t\t\t<div class=\"elementor-element elementor-element-5cd4d04 elementor-widget elementor-widget-text-editor\" data-id=\"5cd4d04\" data-element_type=\"widget\" data-e-type=\"widget\" data-widget_type=\"text-editor.default\">\n\t\t\t\t<div class=\"elementor-widget-container\">\n\t\t\t\t\t\t\t\t\tFilo non \u00e8 soltanto un piccolo dispositivo, \u00e8 un modo incredibilmente intelligente di trovare i tuoi oggetti. Basta solo collegarlo a ci\u00f2 che non vuoi perdere e cercarlo attraverso una semplice app. Puoi usare Filo anche per cercare il tuo smartphone. Scarica il nostro press-kit per avere pi\u00f9 informazioni: troverai la presentazione del prodotto, le immagini e i nostri loghi.   \t\t\t\t\t\t\t\t<\/div>\n\t\t\t\t<\/div>\n\t\t\t\t<div class=\"elementor-element elementor-element-37419cdd elementor-widget elementor-widget-button\" data-id=\"37419cdd\" data-element_type=\"widget\" data-e-type=\"widget\" data-widget_type=\"button.default\">\n\t\t\t\t<div class=\"elementor-widget-container\">\n\t\t\t\t\t\t\t\t\t<div class=\"elementor-button-wrapper\">\n\t\t\t\t\t<a class=\"elementor-button elementor-button-link elementor-size-sm\" href=\"https:\/\/drive.google.com\/drive\/folders\/1AcDtU-wjp3jI6hpfniY1E-XQTu8gX1Y0?usp=sharing\" target=\"_blank\" rel=\"noopener\">\n\t\t\t\t\t\t<span class=\"elementor-button-content-wrapper\">\n\t\t\t\t\t\t\t\t\t<span class=\"elementor-button-text\">Scarica il press kit<\/span>\n\t\t\t\t\t<\/span>\n\t\t\t\t\t<\/a>\n\t\t\t\t<\/div>\n\t\t\t\t\t\t\t\t<\/div>\n\t\t\t\t<\/div>\n\t\t\t\t\t<\/div>\n\t\t<\/div>\n\t\t\t\t\t<\/div>\n\t\t<\/section>\n\t\t\t\t<section class=\"elementor-section elementor-top-section elementor-element elementor-element-375d7a3e elementor-section-full_width elementor-hidden-desktop elementor-hidden-tablet elementor-hidden-tablet_extra elementor-section-height-default elementor-section-height-default\" data-id=\"375d7a3e\" data-element_type=\"section\" data-e-type=\"section\">\n\t\t\t\t\t\t<div class=\"elementor-container elementor-column-gap-no\">\n\t\t\t\t\t<div class=\"elementor-column elementor-col-50 elementor-top-column elementor-element elementor-element-1f82f77b\" data-id=\"1f82f77b\" data-element_type=\"column\" data-e-type=\"column\">\n\t\t\t<div class=\"elementor-widget-wrap elementor-element-populated\">\n\t\t\t\t\t\t<div class=\"elementor-element elementor-element-a32a9fd elementor-widget elementor-widget-heading\" data-id=\"a32a9fd\" data-element_type=\"widget\" data-e-type=\"widget\" data-widget_type=\"heading.default\">\n\t\t\t\t<div class=\"elementor-widget-container\">\n\t\t\t\t\t<h2 class=\"elementor-heading-title elementor-size-default\">Press Kit<\/h2>\t\t\t\t<\/div>\n\t\t\t\t<\/div>\n\t\t\t\t<div class=\"elementor-element elementor-element-635dae8a elementor-widget elementor-widget-text-editor\" data-id=\"635dae8a\" data-element_type=\"widget\" data-e-type=\"widget\" data-widget_type=\"text-editor.default\">\n\t\t\t\t<div class=\"elementor-widget-container\">\n\t\t\t\t\t\t\t\t\tFilo non \u00e8 soltanto un piccolo dispositivo, \u00e8 un modo incredibilmente intelligente di trovare i tuoi oggetti. Basta solo collegarlo a ci\u00f2 che non vuoi perdere e cercarlo attraverso una semplice app. Puoi usare Filo anche per cercare il tuo smartphone. Scarica il nostro press-kit per avere pi\u00f9 informazioni: troverai la presentazione del prodotto, le immagini e i nostri loghi.   \t\t\t\t\t\t\t\t<\/div>\n\t\t\t\t<\/div>\n\t\t\t\t<div class=\"elementor-element elementor-element-25d8afbf elementor-mobile-align-center elementor-widget elementor-widget-button\" data-id=\"25d8afbf\" data-element_type=\"widget\" data-e-type=\"widget\" data-widget_type=\"button.default\">\n\t\t\t\t<div class=\"elementor-widget-container\">\n\t\t\t\t\t\t\t\t\t<div class=\"elementor-button-wrapper\">\n\t\t\t\t\t<a class=\"elementor-button elementor-button-link elementor-size-sm\" href=\"https:\/\/drive.google.com\/drive\/folders\/1AcDtU-wjp3jI6hpfniY1E-XQTu8gX1Y0?usp=sharing\" target=\"_blank\" rel=\"noopener\">\n\t\t\t\t\t\t<span class=\"elementor-button-content-wrapper\">\n\t\t\t\t\t\t\t\t\t<span class=\"elementor-button-text\">Scarica il press kit<\/span>\n\t\t\t\t\t<\/span>\n\t\t\t\t\t<\/a>\n\t\t\t\t<\/div>\n\t\t\t\t\t\t\t\t<\/div>\n\t\t\t\t<\/div>\n\t\t\t\t\t<\/div>\n\t\t<\/div>\n\t\t\t\t<div class=\"elementor-column elementor-col-50 elementor-top-column elementor-element elementor-element-2aab24d\" data-id=\"2aab24d\" data-element_type=\"column\" data-e-type=\"column\">\n\t\t\t<div class=\"elementor-widget-wrap elementor-element-populated\">\n\t\t\t\t\t\t<div class=\"elementor-element elementor-element-57b1c000 elementor-widget elementor-widget-image\" data-id=\"57b1c000\" data-element_type=\"widget\" data-e-type=\"widget\" data-widget_type=\"image.default\">\n\t\t\t\t<div class=\"elementor-widget-container\">\n\t\t\t\t\t\t\t\t\t\t\t\t\t\t\t<img fetchpriority=\"high\" decoding=\"async\" width=\"636\" height=\"1024\" src=\"https:\/\/filotrack.com\/wp-content\/uploads\/HomePage_Img_1-1-636x1024.webp\" class=\"attachment-large size-large wp-image-9378\" alt=\"\" srcset=\"https:\/\/filotrack.com\/wp-content\/uploads\/HomePage_Img_1-1-636x1024.webp 636w, https:\/\/filotrack.com\/wp-content\/uploads\/HomePage_Img_1-1-600x966.webp 600w, https:\/\/filotrack.com\/wp-content\/uploads\/HomePage_Img_1-1-186x300.webp 186w, https:\/\/filotrack.com\/wp-content\/uploads\/HomePage_Img_1-1.webp 679w\" sizes=\"(max-width: 636px) 100vw, 636px\" style=\"width:100%;height:160.97%;max-width:679px\" \/>\t\t\t\t\t\t\t\t\t\t\t\t\t\t\t<\/div>\n\t\t\t\t<\/div>\n\t\t\t\t\t<\/div>\n\t\t<\/div>\n\t\t\t\t\t<\/div>\n\t\t<\/section>\n\t\t\t\t<section class=\"elementor-section elementor-top-section elementor-element elementor-element-4c29d82a elementor-section-full_width elementor-hidden-mobile elementor-section-height-default elementor-section-height-default\" data-id=\"4c29d82a\" data-element_type=\"section\" data-e-type=\"section\">\n\t\t\t\t\t\t<div class=\"elementor-container elementor-column-gap-no\">\n\t\t\t\t\t<div class=\"elementor-column elementor-col-50 elementor-top-column elementor-element elementor-element-45c3d8a5\" data-id=\"45c3d8a5\" data-element_type=\"column\" data-e-type=\"column\">\n\t\t\t<div class=\"elementor-widget-wrap elementor-element-populated\">\n\t\t\t\t\t\t<div class=\"elementor-element elementor-element-79afd9b2 elementor-widget elementor-widget-heading\" data-id=\"79afd9b2\" data-element_type=\"widget\" data-e-type=\"widget\" data-widget_type=\"heading.default\">\n\t\t\t\t<div class=\"elementor-widget-container\">\n\t\t\t\t\t<h2 class=\"elementor-heading-title elementor-size-default\">Press Kit &amp; Media<\/h2>\t\t\t\t<\/div>\n\t\t\t\t<\/div>\n\t\t\t\t<div class=\"elementor-element elementor-element-7b5e8bad elementor-widget elementor-widget-text-editor\" data-id=\"7b5e8bad\" data-element_type=\"widget\" data-e-type=\"widget\" data-widget_type=\"text-editor.default\">\n\t\t\t\t<div class=\"elementor-widget-container\">\n\t\t\t\t\t\t\t\t\t<p>Se vuoi pubblicare una news o un articolo sul tuo blog riguardante Filo, contattaci <strong><a style=\"color: #ff3545;\" href=\"https:\/\/filotrack.com\/it\/contattaci\/\">qui<\/a><\/strong> e ti forniremo tutte le informazioni di cui avrai bisogno.<\/p>\t\t\t\t\t\t\t\t<\/div>\n\t\t\t\t<\/div>\n\t\t\t\t\t<\/div>\n\t\t<\/div>\n\t\t\t\t<div class=\"elementor-column elementor-col-50 elementor-top-column elementor-element elementor-element-2bbb1e8c\" data-id=\"2bbb1e8c\" data-element_type=\"column\" data-e-type=\"column\" data-settings=\"{&quot;background_background&quot;:&quot;classic&quot;}\">\n\t\t\t<div class=\"elementor-widget-wrap elementor-element-populated\">\n\t\t\t\t\t\t<div class=\"elementor-element elementor-element-58a2303e elementor-widget elementor-widget-image\" data-id=\"58a2303e\" data-element_type=\"widget\" data-e-type=\"widget\" data-widget_type=\"image.default\">\n\t\t\t\t<div class=\"elementor-widget-container\">\n\t\t\t\t\t\t\t\t\t\t\t\t\t\t\t<img decoding=\"async\" width=\"750\" height=\"462\" src=\"https:\/\/filotrack.com\/wp-content\/uploads\/Press_Img_2-1024x631.jpg\" class=\"attachment-large size-large wp-image-3751\" alt=\"\" srcset=\"https:\/\/filotrack.com\/wp-content\/uploads\/Press_Img_2-1024x631.jpg 1024w, https:\/\/filotrack.com\/wp-content\/uploads\/Press_Img_2-600x370.jpg 600w, https:\/\/filotrack.com\/wp-content\/uploads\/Press_Img_2-300x185.jpg 300w, https:\/\/filotrack.com\/wp-content\/uploads\/Press_Img_2-768x474.jpg 768w, https:\/\/filotrack.com\/wp-content\/uploads\/Press_Img_2.jpg 1440w\" sizes=\"(max-width: 750px) 100vw, 750px\" style=\"width:100%;height:61.67%;max-width:1440px\" \/>\t\t\t\t\t\t\t\t\t\t\t\t\t\t\t<\/div>\n\t\t\t\t<\/div>\n\t\t\t\t\t<\/div>\n\t\t<\/div>\n\t\t\t\t\t<\/div>\n\t\t<\/section>\n\t\t\t\t<section class=\"elementor-section elementor-top-section elementor-element elementor-element-779d3d6c elementor-section-full_width elementor-hidden-desktop elementor-hidden-tablet elementor-hidden-tablet_extra elementor-section-height-default elementor-section-height-default\" data-id=\"779d3d6c\" data-element_type=\"section\" data-e-type=\"section\">\n\t\t\t\t\t\t<div class=\"elementor-container elementor-column-gap-no\">\n\t\t\t\t\t<div class=\"elementor-column elementor-col-50 elementor-top-column elementor-element elementor-element-6477e513\" data-id=\"6477e513\" data-element_type=\"column\" data-e-type=\"column\">\n\t\t\t<div class=\"elementor-widget-wrap elementor-element-populated\">\n\t\t\t\t\t\t<div class=\"elementor-element elementor-element-676af15f elementor-widget elementor-widget-heading\" data-id=\"676af15f\" data-element_type=\"widget\" data-e-type=\"widget\" data-widget_type=\"heading.default\">\n\t\t\t\t<div class=\"elementor-widget-container\">\n\t\t\t\t\t<h2 class=\"elementor-heading-title elementor-size-default\">Press Kit &amp; Media<\/h2>\t\t\t\t<\/div>\n\t\t\t\t<\/div>\n\t\t\t\t<div class=\"elementor-element elementor-element-1f7364db elementor-widget elementor-widget-text-editor\" data-id=\"1f7364db\" data-element_type=\"widget\" data-e-type=\"widget\" data-widget_type=\"text-editor.default\">\n\t\t\t\t<div class=\"elementor-widget-container\">\n\t\t\t\t\t\t\t\t\tSe desideri pubblicare una storia, un articolo di notizie o un blog su Filo, contattaci <strong><a href=\"https:\/\/staging.filotrack.com\/it\/contattaci\/\" style=\"color: #ff3545\">qui<\/a><\/strong> e ti forniremo tutte le informazioni necessarie di cui potresti aver bisogno.\t\t\t\t\t\t\t\t<\/div>\n\t\t\t\t<\/div>\n\t\t\t\t\t<\/div>\n\t\t<\/div>\n\t\t\t\t<div class=\"elementor-column elementor-col-50 elementor-top-column elementor-element elementor-element-31227ea0\" data-id=\"31227ea0\" data-element_type=\"column\" data-e-type=\"column\" data-settings=\"{&quot;background_background&quot;:&quot;classic&quot;}\">\n\t\t\t<div class=\"elementor-widget-wrap elementor-element-populated\">\n\t\t\t\t\t\t<div class=\"elementor-element elementor-element-69bffbee elementor-widget elementor-widget-image\" data-id=\"69bffbee\" data-element_type=\"widget\" data-e-type=\"widget\" data-widget_type=\"image.default\">\n\t\t\t\t<div class=\"elementor-widget-container\">\n\t\t\t\t\t\t\t\t\t\t\t\t\t\t\t<img decoding=\"async\" width=\"750\" height=\"462\" src=\"https:\/\/filotrack.com\/wp-content\/uploads\/Press_Img_2-1024x631.jpg\" class=\"attachment-large size-large wp-image-3751\" alt=\"\" srcset=\"https:\/\/filotrack.com\/wp-content\/uploads\/Press_Img_2-1024x631.jpg 1024w, https:\/\/filotrack.com\/wp-content\/uploads\/Press_Img_2-600x370.jpg 600w, https:\/\/filotrack.com\/wp-content\/uploads\/Press_Img_2-300x185.jpg 300w, https:\/\/filotrack.com\/wp-content\/uploads\/Press_Img_2-768x474.jpg 768w, https:\/\/filotrack.com\/wp-content\/uploads\/Press_Img_2.jpg 1440w\" sizes=\"(max-width: 750px) 100vw, 750px\" style=\"width:100%;height:61.67%;max-width:1440px\" \/>\t\t\t\t\t\t\t\t\t\t\t\t\t\t\t<\/div>\n\t\t\t\t<\/div>\n\t\t\t\t\t<\/div>\n\t\t<\/div>\n\t\t\t\t\t<\/div>\n\t\t<\/section>\n\t\t\t\t<section class=\"elementor-section elementor-top-section elementor-element elementor-element-fa332ea elementor-section-full_width elementor-section-height-default elementor-section-height-default\" data-id=\"fa332ea\" data-element_type=\"section\" data-e-type=\"section\">\n\t\t\t\t\t\t<div class=\"elementor-container elementor-column-gap-no\">\n\t\t\t\t\t<div class=\"elementor-column elementor-col-100 elementor-top-column elementor-element elementor-element-3cae12e0\" data-id=\"3cae12e0\" data-element_type=\"column\" data-e-type=\"column\">\n\t\t\t<div class=\"elementor-widget-wrap elementor-element-populated\">\n\t\t\t\t\t\t<div class=\"elementor-element elementor-element-546cf72 elementor-widget elementor-widget-heading\" data-id=\"546cf72\" data-element_type=\"widget\" data-e-type=\"widget\" data-widget_type=\"heading.default\">\n\t\t\t\t<div class=\"elementor-widget-container\">\n\t\t\t\t\t<h2 class=\"elementor-heading-title elementor-size-default\">Parlano di noi<\/h2>\t\t\t\t<\/div>\n\t\t\t\t<\/div>\n\t\t\t\t<div class=\"elementor-element elementor-element-2369a79 elementor-widget elementor-widget-html\" data-id=\"2369a79\" data-element_type=\"widget\" data-e-type=\"widget\" data-widget_type=\"html.default\">\n\t\t\t\t<div class=\"elementor-widget-container\">\n\t\t\t\t\t<div class=\"press-slider\">\n        <div class=\"slides-container press-page\">\n            <div class=\"slide-img\">\n                <img decoding=\"async\" src=\"https:\/\/filotrack.com\/wp-content\/uploads\/Press_StartupItalia.png\" alt=\"\">\n            <\/div>\n            <div class=\"slide-img\">\n                <img decoding=\"async\" src=\"https:\/\/filotrack.com\/wp-content\/uploads\/Press_Repubblica.png\" alt=\"\">\n            <\/div>\n            <div class=\"slide-img\">\n                <img decoding=\"async\" src=\"https:\/\/filotrack.com\/wp-content\/uploads\/Press_TG5-1.png\" alt=\"\">\n            <\/div>\n            <div class=\"slide-img\">\n                <img decoding=\"async\" src=\"https:\/\/filotrack.com\/wp-content\/uploads\/Press_TG1.png\" alt=\"\">\n            <\/div>\n            <div class=\"slide-img\">\n                <img decoding=\"async\" src=\"https:\/\/filotrack.com\/wp-content\/uploads\/Press_24_Sole.png\" alt=\"\">\n            <\/div>\n            <div class=\"slide-img\">\n                <img decoding=\"async\" src=\"https:\/\/filotrack.com\/wp-content\/uploads\/Press_StartupItalia.png\" alt=\"\">\n            <\/div>\n            <div class=\"slide-img\">\n                <img decoding=\"async\" src=\"https:\/\/filotrack.com\/wp-content\/uploads\/Press_Repubblica.png\" alt=\"\">\n            <\/div>\n        <\/div>\n        <div class=\"navigator\">\n            <ion-icon name=\"ellipse\" class=\"active\"><\/ion-icon>\n            <ion-icon name=\"ellipse-outline\"><\/ion-icon>\n            <ion-icon name=\"ellipse-outline\"><\/ion-icon>\n            <ion-icon name=\"ellipse-outline\"><\/ion-icon>\n            <ion-icon name=\"ellipse-outline\"><\/ion-icon>\n        <\/div>\n        <ion-icon name=\"chevron-back-outline\"><\/ion-icon>\n        <ion-icon name=\"chevron-forward-outline\"><\/ion-icon>\n    <\/div>\n    <script type=\"module\" src=\"https:\/\/unpkg.com\/ionicons@5.5.2\/dist\/ionicons\/ionicons.esm.js\"><\/script>\n    <script nomodule src=\"https:\/\/unpkg.com\/ionicons@5.5.2\/dist\/ionicons\/ionicons.js\"><\/script>\n    \t\t\t\t<\/div>\n\t\t\t\t<\/div>\n\t\t\t\t\t<\/div>\n\t\t<\/div>\n\t\t\t\t\t<\/div>\n\t\t<\/section>\n\t\t\t\t<\/div>\n\t\t","protected":false},"excerpt":{"rendered":"<p>Press Kit Filo non \u00e8 soltanto un piccolo dispositivo, \u00e8 un modo incredibilmente intelligente di trovare i tuoi oggetti. Basta solo collegarlo a ci\u00f2 che non vuoi perdere e cercarlo attraverso una semplice app. Puoi usare Filo anche per cercare il tuo smartphone. Scarica il nostro press-kit per avere pi\u00f9 informazioni: troverai la presentazione del&hellip; <a class=\"more-link\" href=\"https:\/\/filotrack.com\/it\/filo-press-kit\/\">Continua a leggere <span class=\"screen-reader-text\">Filo &#8211; Press Kit<\/span><\/a><\/p>\n","protected":false},"author":10,"featured_media":0,"parent":0,"menu_order":0,"comment_status":"closed","ping_status":"closed","template":"elementor_header_footer","meta":{"inline_featured_image":false,"footnotes":""},"class_list":["post-2103","page","type-page","status-publish","hentry","entry"],"_links":{"self":[{"href":"https:\/\/filotrack.com\/it\/wp-json\/wp\/v2\/pages\/2103","targetHints":{"allow":["GET"]}}],"collection":[{"href":"https:\/\/filotrack.com\/it\/wp-json\/wp\/v2\/pages"}],"about":[{"href":"https:\/\/filotrack.com\/it\/wp-json\/wp\/v2\/types\/page"}],"author":[{"embeddable":true,"href":"https:\/\/filotrack.com\/it\/wp-json\/wp\/v2\/users\/10"}],"replies":[{"embeddable":true,"href":"https:\/\/filotrack.com\/it\/wp-json\/wp\/v2\/comments?post=2103"}],"version-history":[{"count":40,"href":"https:\/\/filotrack.com\/it\/wp-json\/wp\/v2\/pages\/2103\/revisions"}],"predecessor-version":[{"id":11849,"href":"https:\/\/filotrack.com\/it\/wp-json\/wp\/v2\/pages\/2103\/revisions\/11849"}],"wp:attachment":[{"href":"https:\/\/filotrack.com\/it\/wp-json\/wp\/v2\/media?parent=2103"}],"curies":[{"name":"wp","href":"https:\/\/api.w.org\/{rel}","templated":true}]}}