{"id":2097,"date":"2022-03-24T18:20:33","date_gmt":"2022-03-24T18:20:33","guid":{"rendered":"https:\/\/34.241.33.110\/lavora-con-noi\/"},"modified":"2025-12-15T09:47:30","modified_gmt":"2025-12-15T09:47:30","slug":"lavora-con-noi","status":"publish","type":"page","link":"https:\/\/filotrack.com\/it\/lavora-con-noi\/","title":{"rendered":"Lavora con noi"},"content":{"rendered":"\t\t<div data-elementor-type=\"wp-page\" data-elementor-id=\"2097\" class=\"elementor elementor-2097 elementor-503\" data-elementor-post-type=\"page\">\n\t\t\t\t\t\t<section class=\"elementor-section elementor-top-section elementor-element elementor-element-98825e9 elementor-section-full_width elementor-hidden-mobile elementor-section-height-default elementor-section-height-default\" data-id=\"98825e9\" data-element_type=\"section\" data-e-type=\"section\" data-settings=\"{&quot;background_background&quot;:&quot;classic&quot;}\">\n\t\t\t\t\t\t\t<div class=\"elementor-background-overlay\"><\/div>\n\t\t\t\t\t\t\t<div class=\"elementor-container elementor-column-gap-no\">\n\t\t\t\t\t<div class=\"elementor-column elementor-col-100 elementor-top-column elementor-element elementor-element-c11f245\" data-id=\"c11f245\" data-element_type=\"column\" data-e-type=\"column\">\n\t\t\t<div class=\"elementor-widget-wrap elementor-element-populated\">\n\t\t\t\t\t\t<div class=\"elementor-element elementor-element-d0106b1 elementor-widget elementor-widget-heading\" data-id=\"d0106b1\" data-element_type=\"widget\" data-e-type=\"widget\" data-widget_type=\"heading.default\">\n\t\t\t\t<div class=\"elementor-widget-container\">\n\t\t\t\t\t<h2 class=\"elementor-heading-title elementor-size-default\">Lavorare in Filo. Ti piacer\u00e0. <\/h2>\t\t\t\t<\/div>\n\t\t\t\t<\/div>\n\t\t\t\t<div class=\"elementor-element elementor-element-b2419f4 elementor-widget elementor-widget-text-editor\" data-id=\"b2419f4\" data-element_type=\"widget\" data-e-type=\"widget\" data-widget_type=\"text-editor.default\">\n\t\t\t\t<div class=\"elementor-widget-container\">\n\t\t\t\t\t\t\t\t\t<p>Siamo un team di persone appassionate che ama ci\u00f2 che fa quotidianamente.<\/p>\n<p>La nostra sede \u00e8 a Roma, nel verde del quartiere EUR.<\/p>\n<p>Siamo costantemente alla ricerca di risorse talentuose che<\/p>\n<p>possano aggiungere valore al nostro team.<\/p>\t\t\t\t\t\t\t\t<\/div>\n\t\t\t\t<\/div>\n\t\t\t\t\t<\/div>\n\t\t<\/div>\n\t\t\t\t\t<\/div>\n\t\t<\/section>\n\t\t\t\t<section class=\"elementor-section elementor-top-section elementor-element elementor-element-5214785 elementor-section-full_width elementor-hidden-desktop elementor-hidden-tablet elementor-hidden-tablet_extra elementor-section-height-default elementor-section-height-default\" data-id=\"5214785\" data-element_type=\"section\" data-e-type=\"section\" data-settings=\"{&quot;background_background&quot;:&quot;classic&quot;}\">\n\t\t\t\t\t\t\t<div class=\"elementor-background-overlay\"><\/div>\n\t\t\t\t\t\t\t<div class=\"elementor-container elementor-column-gap-no\">\n\t\t\t\t\t<div class=\"elementor-column elementor-col-100 elementor-top-column elementor-element elementor-element-7a5003c\" data-id=\"7a5003c\" data-element_type=\"column\" data-e-type=\"column\">\n\t\t\t<div class=\"elementor-widget-wrap elementor-element-populated\">\n\t\t\t\t\t\t<div class=\"elementor-element elementor-element-1619a87 elementor-widget elementor-widget-heading\" data-id=\"1619a87\" data-element_type=\"widget\" data-e-type=\"widget\" data-widget_type=\"heading.default\">\n\t\t\t\t<div class=\"elementor-widget-container\">\n\t\t\t\t\t<h2 class=\"elementor-heading-title elementor-size-default\">Lavorare in Filo. Ti piacer\u00e0. <\/h2>\t\t\t\t<\/div>\n\t\t\t\t<\/div>\n\t\t\t\t<div class=\"elementor-element elementor-element-8f4579c elementor-widget elementor-widget-text-editor\" data-id=\"8f4579c\" data-element_type=\"widget\" data-e-type=\"widget\" data-widget_type=\"text-editor.default\">\n\t\t\t\t<div class=\"elementor-widget-container\">\n\t\t\t\t\t\t\t\t\t<p>Siamo un team di persone appassionate che ama ci\u00f2 che fa quotidianamente.<\/p><p>La nostra sede \u00e8 a Roma, nel verde del quartiere EUR.<\/p><p>Siamo costantemente alla ricerca di risorse talentuose che<\/p><p>possano aggiungere valore al nostro team.<\/p>\t\t\t\t\t\t\t\t<\/div>\n\t\t\t\t<\/div>\n\t\t\t\t\t<\/div>\n\t\t<\/div>\n\t\t\t\t\t<\/div>\n\t\t<\/section>\n\t\t\t\t<section class=\"elementor-section elementor-top-section elementor-element elementor-element-2b482a3 elementor-hidden-mobile elementor-section-boxed elementor-section-height-default elementor-section-height-default\" data-id=\"2b482a3\" data-element_type=\"section\" data-e-type=\"section\">\n\t\t\t\t\t\t<div class=\"elementor-container elementor-column-gap-default\">\n\t\t\t\t\t<div class=\"elementor-column elementor-col-100 elementor-top-column elementor-element elementor-element-91cbea0\" data-id=\"91cbea0\" data-element_type=\"column\" data-e-type=\"column\">\n\t\t\t<div class=\"elementor-widget-wrap elementor-element-populated\">\n\t\t\t\t\t\t<div class=\"elementor-element elementor-element-165ac93 elementor-widget elementor-widget-text-editor\" data-id=\"165ac93\" data-element_type=\"widget\" data-e-type=\"widget\" data-widget_type=\"text-editor.default\">\n\t\t\t\t<div class=\"elementor-widget-container\">\n\t\t\t\t\t\t\t\t\t<p>Fondata nel 2014 come startup innovativa, Filo S.r.l. si \u00e8 affermata nel panorama italiano come un &#8220;italian tech atelier&#8221; specializzato in ambito bluetooth e IoT baby\/juvenile. Grazie a un round di investimenti di 2M\u20ac, nel corso degli anni Filo ha sviluppato diversi prodotti di successo, raggiungendo un fatturato di 10M\u20ac nel 2019. Nel 2023, l\u2019azienda ha vissuto un momento cruciale con l&#8217;acquisizione da parte di un gruppo internazionale attivo nel settore tecnologico e dell&#8217;IoT.<br \/>Ad oggi, Filo gestisce integralmente ogni fase della creazione di prodotti IoT hardware, dall&#8217;ideazione alla progettazione, fino alle fasi di validazione e produzione.<\/p><p>\u00a0<\/p><p class=\"fc-emph1\"><strong>Perch\u00e9 lavorare in Filo?<\/strong><\/p><p>\u00a0<\/p><p>Creare prodotti di qualit\u00e0 &#8220;al servizio di qualcuno&#8221; significa ascoltare attentamente le sue esigenze e fare tesoro dei suoi suggerimenti. Ma, ancor prima di questo, significa costruire un ambiente di lavoro sano, in cui le persone si sentano costantemente messe al centro e motivate a perseguire un obiettivo comune.Oggi il team di Filo conta circa 30 persone e il business \u00e8 in rapida crescita, unisciti a noi!<\/p>\t\t\t\t\t\t\t\t<\/div>\n\t\t\t\t<\/div>\n\t\t\t\t\t<\/div>\n\t\t<\/div>\n\t\t\t\t\t<\/div>\n\t\t<\/section>\n\t\t\t\t<section class=\"elementor-section elementor-top-section elementor-element elementor-element-7866626 elementor-hidden-desktop elementor-hidden-tablet_extra elementor-hidden-tablet elementor-section-boxed elementor-section-height-default elementor-section-height-default\" data-id=\"7866626\" data-element_type=\"section\" data-e-type=\"section\">\n\t\t\t\t\t\t<div class=\"elementor-container elementor-column-gap-default\">\n\t\t\t\t\t<div class=\"elementor-column elementor-col-100 elementor-top-column elementor-element elementor-element-c596e9c\" data-id=\"c596e9c\" data-element_type=\"column\" data-e-type=\"column\">\n\t\t\t<div class=\"elementor-widget-wrap elementor-element-populated\">\n\t\t\t\t\t\t<div class=\"elementor-element elementor-element-b40e441 elementor-widget elementor-widget-text-editor\" data-id=\"b40e441\" data-element_type=\"widget\" data-e-type=\"widget\" data-widget_type=\"text-editor.default\">\n\t\t\t\t<div class=\"elementor-widget-container\">\n\t\t\t\t\t\t\t\t\t<p>Fondata nel 2014 come startup innovativa, Filo S.r.l. si \u00e8 affermata nel panorama italiano come un &#8220;italian tech atelier&#8221; specializzato in ambito bluetooth e IoT baby\/juvenile. Grazie a un round di investimenti di 2M\u20ac, nel corso degli anni Filo ha sviluppato diversi prodotti di successo, raggiungendo un fatturato di 10M\u20ac nel 2019. Nel 2023, l\u2019azienda ha vissuto un momento cruciale con l&#8217;acquisizione da parte di un gruppo internazionale attivo nel settore tecnologico e dell&#8217;IoT.<br \/>Ad oggi, Filo gestisce integralmente ogni fase della creazione di prodotti IoT hardware, dall&#8217;ideazione alla progettazione, fino alle fasi di validazione e produzione.<\/p><p>\u00a0<\/p><p class=\"fc-emph1\"><strong>Perch\u00e9 lavorare in Filo?<\/strong><\/p><p>\u00a0<\/p><p>Creare prodotti di qualit\u00e0 &#8220;al servizio di qualcuno&#8221; significa ascoltare attentamente le sue esigenze e fare tesoro dei suoi suggerimenti. Ma, ancor prima di questo, significa costruire un ambiente di lavoro sano, in cui le persone si sentano costantemente messe al centro e motivate a perseguire un obiettivo comune.Oggi il team di Filo conta circa 30 persone e il business \u00e8 in rapida crescita, unisciti a noi!<\/p>\t\t\t\t\t\t\t\t<\/div>\n\t\t\t\t<\/div>\n\t\t\t\t\t<\/div>\n\t\t<\/div>\n\t\t\t\t\t<\/div>\n\t\t<\/section>\n\t\t\t\t<section class=\"elementor-section elementor-top-section elementor-element elementor-element-b64cceb elementor-section-boxed elementor-section-height-default elementor-section-height-default\" data-id=\"b64cceb\" data-element_type=\"section\" data-e-type=\"section\">\n\t\t\t\t\t\t<div class=\"elementor-container elementor-column-gap-default\">\n\t\t\t\t\t<div class=\"elementor-column elementor-col-100 elementor-top-column elementor-element elementor-element-d058f27\" data-id=\"d058f27\" data-element_type=\"column\" data-e-type=\"column\">\n\t\t\t<div class=\"elementor-widget-wrap elementor-element-populated\">\n\t\t\t\t\t\t<div class=\"elementor-element elementor-element-d60a9b6 elementor-widget elementor-widget-text-editor\" data-id=\"d60a9b6\" data-element_type=\"widget\" data-e-type=\"widget\" data-widget_type=\"text-editor.default\">\n\t\t\t\t<div class=\"elementor-widget-container\">\n\t\t\t\t\t\t\t\t\t<p>In Filo troverai<\/p>\t\t\t\t\t\t\t\t<\/div>\n\t\t\t\t<\/div>\n\t\t\t\t\t<\/div>\n\t\t<\/div>\n\t\t\t\t\t<\/div>\n\t\t<\/section>\n\t\t\t\t<section class=\"elementor-section elementor-top-section elementor-element elementor-element-64dbe12 elementor-section-boxed elementor-section-height-default elementor-section-height-default\" data-id=\"64dbe12\" data-element_type=\"section\" data-e-type=\"section\">\n\t\t\t\t\t\t<div class=\"elementor-container elementor-column-gap-wide\">\n\t\t\t\t\t<div class=\"elementor-column elementor-col-25 elementor-top-column elementor-element elementor-element-6e94e25\" data-id=\"6e94e25\" data-element_type=\"column\" data-e-type=\"column\">\n\t\t\t<div class=\"elementor-widget-wrap elementor-element-populated\">\n\t\t\t\t\t\t<div class=\"elementor-element elementor-element-8b68a90 elementor-widget elementor-widget-image\" data-id=\"8b68a90\" data-element_type=\"widget\" data-e-type=\"widget\" data-widget_type=\"image.default\">\n\t\t\t\t<div class=\"elementor-widget-container\">\n\t\t\t\t\t\t\t\t\t\t\t\t\t\t\t<img fetchpriority=\"high\" decoding=\"async\" width=\"750\" height=\"533\" src=\"https:\/\/staging.filotrack.com\/wp-content\/uploads\/AboutUs_Work_life_balance.webp\" class=\"attachment-large size-large wp-image-10507\" alt=\"\" srcset=\"https:\/\/staging.filotrack.com\/wp-content\/uploads\/AboutUs_Work_life_balance.webp 810w, https:\/\/staging.filotrack.com\/wp-content\/uploads\/AboutUs_Work_life_balance-600x427.webp 600w, https:\/\/staging.filotrack.com\/wp-content\/uploads\/AboutUs_Work_life_balance-300x213.webp 300w, https:\/\/staging.filotrack.com\/wp-content\/uploads\/AboutUs_Work_life_balance-768x546.webp 768w\" sizes=\"(max-width: 750px) 100vw, 750px\" style=\"width:100%;height:71.11%;max-width:810px\" \/>\t\t\t\t\t\t\t\t\t\t\t\t\t\t\t<\/div>\n\t\t\t\t<\/div>\n\t\t\t\t<div class=\"elementor-element elementor-element-f120d42 elementor-widget elementor-widget-text-editor\" data-id=\"f120d42\" data-element_type=\"widget\" data-e-type=\"widget\" data-widget_type=\"text-editor.default\">\n\t\t\t\t<div class=\"elementor-widget-container\">\n\t\t\t\t\t\t\t\t\t<p>WORK-LIFE BALANCE<\/p>\t\t\t\t\t\t\t\t<\/div>\n\t\t\t\t<\/div>\n\t\t\t\t<div class=\"elementor-element elementor-element-239e94b elementor-widget elementor-widget-text-editor\" data-id=\"239e94b\" data-element_type=\"widget\" data-e-type=\"widget\" data-widget_type=\"text-editor.default\">\n\t\t\t\t<div class=\"elementor-widget-container\">\n\t\t\t\t\t\t\t\t\t<p>Filo permette di conciliare <br \/>al meglio la vita personale <br \/>e quella lavorativa supportando i propri dipendenti con strumenti adeguati e orari flessibili.<\/p>\t\t\t\t\t\t\t\t<\/div>\n\t\t\t\t<\/div>\n\t\t\t\t\t<\/div>\n\t\t<\/div>\n\t\t\t\t<div class=\"elementor-column elementor-col-25 elementor-top-column elementor-element elementor-element-5575710\" data-id=\"5575710\" data-element_type=\"column\" data-e-type=\"column\">\n\t\t\t<div class=\"elementor-widget-wrap elementor-element-populated\">\n\t\t\t\t\t\t<div class=\"elementor-element elementor-element-b8520b9 elementor-widget elementor-widget-image\" data-id=\"b8520b9\" data-element_type=\"widget\" data-e-type=\"widget\" data-widget_type=\"image.default\">\n\t\t\t\t<div class=\"elementor-widget-container\">\n\t\t\t\t\t\t\t\t\t\t\t\t\t\t\t<img decoding=\"async\" width=\"750\" height=\"533\" src=\"https:\/\/staging.filotrack.com\/wp-content\/uploads\/AboutUs_Location_Speciale_2023.webp\" class=\"attachment-large size-large wp-image-10497\" alt=\"\" srcset=\"https:\/\/staging.filotrack.com\/wp-content\/uploads\/AboutUs_Location_Speciale_2023.webp 810w, https:\/\/staging.filotrack.com\/wp-content\/uploads\/AboutUs_Location_Speciale_2023-600x427.webp 600w, https:\/\/staging.filotrack.com\/wp-content\/uploads\/AboutUs_Location_Speciale_2023-300x213.webp 300w, https:\/\/staging.filotrack.com\/wp-content\/uploads\/AboutUs_Location_Speciale_2023-768x546.webp 768w\" sizes=\"(max-width: 750px) 100vw, 750px\" style=\"width:100%;height:71.11%;max-width:810px\" \/>\t\t\t\t\t\t\t\t\t\t\t\t\t\t\t<\/div>\n\t\t\t\t<\/div>\n\t\t\t\t<div class=\"elementor-element elementor-element-6c7f8b0 elementor-widget elementor-widget-text-editor\" data-id=\"6c7f8b0\" data-element_type=\"widget\" data-e-type=\"widget\" data-widget_type=\"text-editor.default\">\n\t\t\t\t<div class=\"elementor-widget-container\">\n\t\t\t\t\t\t\t\t\t<p>UNA LOCATION SPECIALE<\/p>\t\t\t\t\t\t\t\t<\/div>\n\t\t\t\t<\/div>\n\t\t\t\t<div class=\"elementor-element elementor-element-5e0d2d1 elementor-widget elementor-widget-text-editor\" data-id=\"5e0d2d1\" data-element_type=\"widget\" data-e-type=\"widget\" data-widget_type=\"text-editor.default\">\n\t\t\t\t<div class=\"elementor-widget-container\">\n\t\t\t\t\t\t\t\t\t<p>La nostra sede si trova<br \/>a Roma, nel verde del quartiere EUR, in una villa con un ampio giardino a pochi passi dalla Basilica<br \/>dei Santi Pietro e Paolo.<\/p>\t\t\t\t\t\t\t\t<\/div>\n\t\t\t\t<\/div>\n\t\t\t\t\t<\/div>\n\t\t<\/div>\n\t\t\t\t<div class=\"elementor-column elementor-col-25 elementor-top-column elementor-element elementor-element-2f7dd43\" data-id=\"2f7dd43\" data-element_type=\"column\" data-e-type=\"column\">\n\t\t\t<div class=\"elementor-widget-wrap elementor-element-populated\">\n\t\t\t\t\t\t<div class=\"elementor-element elementor-element-0210b0e elementor-widget elementor-widget-image\" data-id=\"0210b0e\" data-element_type=\"widget\" data-e-type=\"widget\" data-widget_type=\"image.default\">\n\t\t\t\t<div class=\"elementor-widget-container\">\n\t\t\t\t\t\t\t\t\t\t\t\t\t\t\t<img decoding=\"async\" width=\"750\" height=\"533\" src=\"https:\/\/staging.filotrack.com\/wp-content\/uploads\/AboutUs_Crescita_Professionale.webp\" class=\"attachment-large size-large wp-image-10492\" alt=\"\" srcset=\"https:\/\/staging.filotrack.com\/wp-content\/uploads\/AboutUs_Crescita_Professionale.webp 810w, https:\/\/staging.filotrack.com\/wp-content\/uploads\/AboutUs_Crescita_Professionale-600x427.webp 600w, https:\/\/staging.filotrack.com\/wp-content\/uploads\/AboutUs_Crescita_Professionale-300x213.webp 300w, https:\/\/staging.filotrack.com\/wp-content\/uploads\/AboutUs_Crescita_Professionale-768x546.webp 768w\" sizes=\"(max-width: 750px) 100vw, 750px\" style=\"width:100%;height:71.11%;max-width:810px\" \/>\t\t\t\t\t\t\t\t\t\t\t\t\t\t\t<\/div>\n\t\t\t\t<\/div>\n\t\t\t\t<div class=\"elementor-element elementor-element-769c24b elementor-widget elementor-widget-text-editor\" data-id=\"769c24b\" data-element_type=\"widget\" data-e-type=\"widget\" data-widget_type=\"text-editor.default\">\n\t\t\t\t<div class=\"elementor-widget-container\">\n\t\t\t\t\t\t\t\t\tCRESCITA PROFESSIONALE \t\t\t\t\t\t\t\t<\/div>\n\t\t\t\t<\/div>\n\t\t\t\t<div class=\"elementor-element elementor-element-b3c30f8 elementor-widget elementor-widget-text-editor\" data-id=\"b3c30f8\" data-element_type=\"widget\" data-e-type=\"widget\" data-widget_type=\"text-editor.default\">\n\t\t\t\t<div class=\"elementor-widget-container\">\n\t\t\t\t\t\t\t\t\t<p>Lavorare in Filo significa essere parte di una realt\u00e0 dinamica e in continua evoluzione, con l&#8217;impegno quotidiano in sfide stimolanti che contribuiranno in maniera esponenziale alla tua crescita professionale.<\/p>\t\t\t\t\t\t\t\t<\/div>\n\t\t\t\t<\/div>\n\t\t\t\t\t<\/div>\n\t\t<\/div>\n\t\t\t\t<div class=\"elementor-column elementor-col-25 elementor-top-column elementor-element elementor-element-093a319\" data-id=\"093a319\" data-element_type=\"column\" data-e-type=\"column\">\n\t\t\t<div class=\"elementor-widget-wrap elementor-element-populated\">\n\t\t\t\t\t\t<div class=\"elementor-element elementor-element-d126e6d elementor-widget elementor-widget-image\" data-id=\"d126e6d\" data-element_type=\"widget\" data-e-type=\"widget\" data-widget_type=\"image.default\">\n\t\t\t\t<div class=\"elementor-widget-container\">\n\t\t\t\t\t\t\t\t\t\t\t\t\t\t\t<img loading=\"lazy\" decoding=\"async\" width=\"750\" height=\"533\" src=\"https:\/\/staging.filotrack.com\/wp-content\/uploads\/AboutUs_Non_Solo_Lavoro_2023.webp\" class=\"attachment-large size-large wp-image-10502\" alt=\"\" srcset=\"https:\/\/staging.filotrack.com\/wp-content\/uploads\/AboutUs_Non_Solo_Lavoro_2023.webp 810w, https:\/\/staging.filotrack.com\/wp-content\/uploads\/AboutUs_Non_Solo_Lavoro_2023-600x427.webp 600w, https:\/\/staging.filotrack.com\/wp-content\/uploads\/AboutUs_Non_Solo_Lavoro_2023-300x213.webp 300w, https:\/\/staging.filotrack.com\/wp-content\/uploads\/AboutUs_Non_Solo_Lavoro_2023-768x546.webp 768w\" sizes=\"(max-width: 750px) 100vw, 750px\" style=\"width:100%;height:71.11%;max-width:810px\" \/>\t\t\t\t\t\t\t\t\t\t\t\t\t\t\t<\/div>\n\t\t\t\t<\/div>\n\t\t\t\t<div class=\"elementor-element elementor-element-6d13c76 elementor-widget elementor-widget-text-editor\" data-id=\"6d13c76\" data-element_type=\"widget\" data-e-type=\"widget\" data-widget_type=\"text-editor.default\">\n\t\t\t\t<div class=\"elementor-widget-container\">\n\t\t\t\t\t\t\t\t\tNON SOLO LAVORO \t\t\t\t\t\t\t\t<\/div>\n\t\t\t\t<\/div>\n\t\t\t\t<div class=\"elementor-element elementor-element-4fd711e elementor-widget elementor-widget-text-editor\" data-id=\"4fd711e\" data-element_type=\"widget\" data-e-type=\"widget\" data-widget_type=\"text-editor.default\">\n\t\t\t\t<div class=\"elementor-widget-container\">\n\t\t\t\t\t\t\t\t\t<p>Cerchiamo di iniziare ogni giornata con il sorriso, e anche se il lavoro \u00e8 intenso, sappiamo trovare il tempo per distenderci e divertirci attraverso numerosi momenti di team building e svago.<\/p>\t\t\t\t\t\t\t\t<\/div>\n\t\t\t\t<\/div>\n\t\t\t\t\t<\/div>\n\t\t<\/div>\n\t\t\t\t\t<\/div>\n\t\t<\/section>\n\t\t\t\t<section class=\"elementor-section elementor-top-section elementor-element elementor-element-d94edff elementor-section-boxed elementor-section-height-default elementor-section-height-default\" data-id=\"d94edff\" data-element_type=\"section\" data-e-type=\"section\">\n\t\t\t\t\t\t<div class=\"elementor-container elementor-column-gap-default\">\n\t\t\t\t\t<div class=\"elementor-column elementor-col-100 elementor-top-column elementor-element elementor-element-50111dc\" data-id=\"50111dc\" data-element_type=\"column\" data-e-type=\"column\">\n\t\t\t<div class=\"elementor-widget-wrap elementor-element-populated\">\n\t\t\t\t\t\t<div class=\"elementor-element elementor-element-3db8436 elementor-widget elementor-widget-text-editor\" data-id=\"3db8436\" data-element_type=\"widget\" data-e-type=\"widget\" data-widget_type=\"text-editor.default\">\n\t\t\t\t<div class=\"elementor-widget-container\">\n\t\t\t\t\t\t\t\t\t<p>Posizioni aperte<\/p>\t\t\t\t\t\t\t\t<\/div>\n\t\t\t\t<\/div>\n\t\t\t\t\t<\/div>\n\t\t<\/div>\n\t\t\t\t\t<\/div>\n\t\t<\/section>\n\t\t\t\t<section class=\"elementor-section elementor-top-section elementor-element elementor-element-8b9cd85 elementor-section-boxed elementor-section-height-default elementor-section-height-default\" data-id=\"8b9cd85\" data-element_type=\"section\" data-e-type=\"section\">\n\t\t\t\t\t\t<div class=\"elementor-container elementor-column-gap-default\">\n\t\t\t\t\t<div class=\"elementor-column elementor-col-100 elementor-top-column elementor-element elementor-element-bd6db95\" data-id=\"bd6db95\" data-element_type=\"column\" data-e-type=\"column\">\n\t\t\t<div class=\"elementor-widget-wrap elementor-element-populated\">\n\t\t\t\t\t\t<div class=\"elementor-element elementor-element-d586b9c elementor-widget elementor-widget-text-editor\" data-id=\"d586b9c\" data-element_type=\"widget\" data-e-type=\"widget\" data-widget_type=\"text-editor.default\">\n\t\t\t\t<div class=\"elementor-widget-container\">\n\t\t\t\t\t\t\t\t\tSiamo costantemente alla ricerca di risorse competenti e dinamiche che possano apportare valore al nostro team e accelerare lo sviluppo dei nostri prodotti. Al momento, stiamo cercando le seguenti figure:\n\n&#8211; Sviluppatori mobile (android, iOS e flutter)\n\n&#8211; Ingegneri elettronici e dell\u2019hardware\n\n&#8211; Ingegneri informatici esperti in ambito backend\n\n&#8211; Software tester\n\nSe vuoi rimanere informato su future posizioni aperte, invia il tuo CV e la tua cover letter a: <a style=\"color: #ff3545;\" href=\"mailto:elisabetta@doona.com\">elisabetta@doona.com<\/a>\t\t\t\t\t\t\t\t<\/div>\n\t\t\t\t<\/div>\n\t\t\t\t\t<\/div>\n\t\t<\/div>\n\t\t\t\t\t<\/div>\n\t\t<\/section>\n\t\t\t\t<section class=\"elementor-section elementor-top-section elementor-element elementor-element-925c19d elementor-section-boxed elementor-section-height-default elementor-section-height-default\" data-id=\"925c19d\" data-element_type=\"section\" data-e-type=\"section\">\n\t\t\t\t\t\t<div class=\"elementor-container elementor-column-gap-default\">\n\t\t\t\t\t<div class=\"elementor-column elementor-col-100 elementor-top-column elementor-element elementor-element-eee8b5a\" data-id=\"eee8b5a\" data-element_type=\"column\" data-e-type=\"column\">\n\t\t\t<div class=\"elementor-widget-wrap elementor-element-populated\">\n\t\t\t\t\t\t<div class=\"elementor-element elementor-element-0ab46ee elementor-widget elementor-widget-text-editor\" data-id=\"0ab46ee\" data-element_type=\"widget\" data-e-type=\"widget\" data-widget_type=\"text-editor.default\">\n\t\t\t\t<div class=\"elementor-widget-container\">\n\t\t\t\t\t\t\t\t\t<p>Sei uno studente?<\/p>\t\t\t\t\t\t\t\t<\/div>\n\t\t\t\t<\/div>\n\t\t\t\t\t<\/div>\n\t\t<\/div>\n\t\t\t\t\t<\/div>\n\t\t<\/section>\n\t\t\t\t<section class=\"elementor-section elementor-top-section elementor-element elementor-element-ed6890d elementor-section-boxed elementor-section-height-default elementor-section-height-default\" data-id=\"ed6890d\" data-element_type=\"section\" data-e-type=\"section\">\n\t\t\t\t\t\t<div class=\"elementor-container elementor-column-gap-default\">\n\t\t\t\t\t<div class=\"elementor-column elementor-col-100 elementor-top-column elementor-element elementor-element-967f47e\" data-id=\"967f47e\" data-element_type=\"column\" data-e-type=\"column\">\n\t\t\t<div class=\"elementor-widget-wrap elementor-element-populated\">\n\t\t\t\t\t\t<div class=\"elementor-element elementor-element-c8bd7d6 elementor-widget elementor-widget-text-editor\" data-id=\"c8bd7d6\" data-element_type=\"widget\" data-e-type=\"widget\" data-widget_type=\"text-editor.default\">\n\t\t\t\t<div class=\"elementor-widget-container\">\n\t\t\t\t\t\t\t\t\tSiamo convinti che il modo migliore per promuovere l&#8217;innovazione sia investire sui giovani e sul loro talento. Per questo, offriamo costantemente opportunit\u00e0 di tirocini curriculari e progetti di tesi in ambito tecnologico.\n\nPer maggiori informazioni contattaci a <a style=\"color: #ff3545;\" href=\"mailto:elisabetta@doona.com\">elisabetta@doona.com<\/a>\t\t\t\t\t\t\t\t<\/div>\n\t\t\t\t<\/div>\n\t\t\t\t\t<\/div>\n\t\t<\/div>\n\t\t\t\t\t<\/div>\n\t\t<\/section>\n\t\t\t\t<\/div>\n\t\t","protected":false},"excerpt":{"rendered":"<p>Lavorare in Filo. Ti piacer\u00e0. Siamo un team di persone appassionate che ama ci\u00f2 che fa quotidianamente. La nostra sede \u00e8 a Roma, nel verde del quartiere EUR. Siamo costantemente alla ricerca di risorse talentuose che possano aggiungere valore al nostro team. Lavorare in Filo. Ti piacer\u00e0. Siamo un team di persone appassionate che ama&hellip; <a class=\"more-link\" href=\"https:\/\/filotrack.com\/it\/lavora-con-noi\/\">Continua a leggere <span class=\"screen-reader-text\">Lavora con noi<\/span><\/a><\/p>\n","protected":false},"author":10,"featured_media":0,"parent":0,"menu_order":0,"comment_status":"closed","ping_status":"closed","template":"elementor_header_footer","meta":{"inline_featured_image":false,"footnotes":""},"class_list":["post-2097","page","type-page","status-publish","hentry","entry"],"_links":{"self":[{"href":"https:\/\/filotrack.com\/it\/wp-json\/wp\/v2\/pages\/2097","targetHints":{"allow":["GET"]}}],"collection":[{"href":"https:\/\/filotrack.com\/it\/wp-json\/wp\/v2\/pages"}],"about":[{"href":"https:\/\/filotrack.com\/it\/wp-json\/wp\/v2\/types\/page"}],"author":[{"embeddable":true,"href":"https:\/\/filotrack.com\/it\/wp-json\/wp\/v2\/users\/10"}],"replies":[{"embeddable":true,"href":"https:\/\/filotrack.com\/it\/wp-json\/wp\/v2\/comments?post=2097"}],"version-history":[{"count":31,"href":"https:\/\/filotrack.com\/it\/wp-json\/wp\/v2\/pages\/2097\/revisions"}],"predecessor-version":[{"id":12722,"href":"https:\/\/filotrack.com\/it\/wp-json\/wp\/v2\/pages\/2097\/revisions\/12722"}],"wp:attachment":[{"href":"https:\/\/filotrack.com\/it\/wp-json\/wp\/v2\/media?parent=2097"}],"curies":[{"name":"wp","href":"https:\/\/api.w.org\/{rel}","templated":true}]}}