{"id":2211,"date":"2022-03-24T18:20:10","date_gmt":"2022-03-24T18:20:10","guid":{"rendered":"https:\/\/34.241.33.110\/media-kit\/"},"modified":"2024-10-07T13:22:22","modified_gmt":"2024-10-07T13:22:22","slug":"media-kit","status":"publish","type":"page","link":"https:\/\/filotrack.com\/fr\/media-kit\/","title":{"rendered":"Media Kit"},"content":{"rendered":"\t\t<div data-elementor-type=\"wp-page\" data-elementor-id=\"2211\" class=\"elementor elementor-2211 elementor-501\" data-elementor-post-type=\"page\">\n\t\t\t\t\t\t<section class=\"elementor-section elementor-top-section elementor-element elementor-element-7f2d3644 elementor-section-full_width elementor-hidden-mobile elementor-section-height-default elementor-section-height-default\" data-id=\"7f2d3644\" data-element_type=\"section\" data-e-type=\"section\">\n\t\t\t\t\t\t<div class=\"elementor-container elementor-column-gap-no\">\n\t\t\t\t\t<div class=\"elementor-column elementor-col-50 elementor-top-column elementor-element elementor-element-561b5a4e\" data-id=\"561b5a4e\" data-element_type=\"column\" data-e-type=\"column\">\n\t\t\t<div class=\"elementor-widget-wrap elementor-element-populated\">\n\t\t\t\t\t\t<div class=\"elementor-element elementor-element-72d0d098 elementor-widget elementor-widget-image\" data-id=\"72d0d098\" data-element_type=\"widget\" data-e-type=\"widget\" data-widget_type=\"image.default\">\n\t\t\t\t<div class=\"elementor-widget-container\">\n\t\t\t\t\t\t\t\t\t\t\t\t\t\t\t<img decoding=\"async\" src=\"https:\/\/business.filotrack.com\/wp-content\/uploads\/elementor\/thumbs\/HomePage_Img_1_EN-q9og3b0s6ash161h9sjwc4vairs7phxr1ex66q4gsg.webp\" title=\"HomePage_Img_1_EN\" alt=\"HomePage_Img_1_EN\" loading=\"lazy\" \/>\t\t\t\t\t\t\t\t\t\t\t\t\t\t\t<\/div>\n\t\t\t\t<\/div>\n\t\t\t\t\t<\/div>\n\t\t<\/div>\n\t\t\t\t<div class=\"elementor-column elementor-col-50 elementor-top-column elementor-element elementor-element-3e510d40\" data-id=\"3e510d40\" data-element_type=\"column\" data-e-type=\"column\">\n\t\t\t<div class=\"elementor-widget-wrap elementor-element-populated\">\n\t\t\t\t\t\t<div class=\"elementor-element elementor-element-7d557576 elementor-widget elementor-widget-heading\" data-id=\"7d557576\" data-element_type=\"widget\" data-e-type=\"widget\" data-widget_type=\"heading.default\">\n\t\t\t\t<div class=\"elementor-widget-container\">\n\t\t\t\t\t<h1 class=\"elementor-heading-title elementor-size-default\">Dossier de presse<\/h1>\t\t\t\t<\/div>\n\t\t\t\t<\/div>\n\t\t\t\t<div class=\"elementor-element elementor-element-76bda81b elementor-widget elementor-widget-text-editor\" data-id=\"76bda81b\" data-element_type=\"widget\" data-e-type=\"widget\" data-widget_type=\"text-editor.default\">\n\t\t\t\t<div class=\"elementor-widget-container\">\n\t\t\t\t\t\t\t\t\t<p>Filo n\u2019est pas seulement un petit dispositif, c\u2019est \u00e9galement un moyen incroyablement intelligent de retrouver des objets. Il vous suffit d\u2019attacher ce traceur Bluetooth g\u00e9nial \u00e0 vos objets importants et de le retrouver \u00e0 l\u2019aide de notre application Filo conviviale. Vous pouvez \u00e9galement utiliser Filo pour retrouver votre t\u00e9l\u00e9phone. Vous pouvez t\u00e9l\u00e9charger notre dossier de presse pour obtenir davantage d\u2019informations, notamment une pr\u00e9sentation du produit, des images du produits et des logos.<\/p>\t\t\t\t\t\t\t\t<\/div>\n\t\t\t\t<\/div>\n\t\t\t\t<div class=\"elementor-element elementor-element-749c0bbe elementor-widget elementor-widget-button\" data-id=\"749c0bbe\" data-element_type=\"widget\" data-e-type=\"widget\" data-widget_type=\"button.default\">\n\t\t\t\t<div class=\"elementor-widget-container\">\n\t\t\t\t\t\t\t\t\t<div class=\"elementor-button-wrapper\">\n\t\t\t\t\t<a class=\"elementor-button elementor-button-link elementor-size-sm\" href=\"https:\/\/drive.google.com\/drive\/folders\/1AcDtU-wjp3jI6hpfniY1E-XQTu8gX1Y0?usp=sharing\" target=\"_blank\" rel=\"noopener\">\n\t\t\t\t\t\t<span class=\"elementor-button-content-wrapper\">\n\t\t\t\t\t\t\t\t\t<span class=\"elementor-button-text\">                    T\u00c9L\u00c9CHARGEZ LE DOSSIER DE PRESSE                  <\/span>\n\t\t\t\t\t<\/span>\n\t\t\t\t\t<\/a>\n\t\t\t\t<\/div>\n\t\t\t\t\t\t\t\t<\/div>\n\t\t\t\t<\/div>\n\t\t\t\t\t<\/div>\n\t\t<\/div>\n\t\t\t\t\t<\/div>\n\t\t<\/section>\n\t\t\t\t<section class=\"elementor-section elementor-top-section elementor-element elementor-element-33ee8d54 elementor-section-full_width elementor-hidden-desktop elementor-hidden-tablet elementor-section-height-default elementor-section-height-default\" data-id=\"33ee8d54\" data-element_type=\"section\" data-e-type=\"section\">\n\t\t\t\t\t\t<div class=\"elementor-container elementor-column-gap-no\">\n\t\t\t\t\t<div class=\"elementor-column elementor-col-50 elementor-top-column elementor-element elementor-element-6396574d\" data-id=\"6396574d\" data-element_type=\"column\" data-e-type=\"column\">\n\t\t\t<div class=\"elementor-widget-wrap elementor-element-populated\">\n\t\t\t\t\t\t<div class=\"elementor-element elementor-element-3381b769 elementor-widget elementor-widget-heading\" data-id=\"3381b769\" data-element_type=\"widget\" data-e-type=\"widget\" data-widget_type=\"heading.default\">\n\t\t\t\t<div class=\"elementor-widget-container\">\n\t\t\t\t\t<h2 class=\"elementor-heading-title elementor-size-default\">Dossier de presse<\/h2>\t\t\t\t<\/div>\n\t\t\t\t<\/div>\n\t\t\t\t<div class=\"elementor-element elementor-element-2c876435 elementor-widget elementor-widget-text-editor\" data-id=\"2c876435\" data-element_type=\"widget\" data-e-type=\"widget\" data-widget_type=\"text-editor.default\">\n\t\t\t\t<div class=\"elementor-widget-container\">\n\t\t\t\t\t\t\t\t\t<p>Filo n\u2019est pas seulement un petit dispositif, c\u2019est \u00e9galement un moyen incroyablement intelligent de retrouver des objets. Il vous suffit d\u2019attacher ce traceur Bluetooth g\u00e9nial \u00e0 vos objets importants et de le retrouver \u00e0 l\u2019aide de notre application Filo conviviale. Vous pouvez \u00e9galement utiliser Filo pour retrouver votre t\u00e9l\u00e9phone. Vous pouvez t\u00e9l\u00e9charger notre dossier de presse pour obtenir davantage d\u2019informations, notamment une pr\u00e9sentation du produit, des images du produits et des logos.<\/p>\t\t\t\t\t\t\t\t<\/div>\n\t\t\t\t<\/div>\n\t\t\t\t<div class=\"elementor-element elementor-element-73507f3e elementor-mobile-align-center elementor-widget elementor-widget-button\" data-id=\"73507f3e\" data-element_type=\"widget\" data-e-type=\"widget\" data-widget_type=\"button.default\">\n\t\t\t\t<div class=\"elementor-widget-container\">\n\t\t\t\t\t\t\t\t\t<div class=\"elementor-button-wrapper\">\n\t\t\t\t\t<a class=\"elementor-button elementor-button-link elementor-size-sm\" href=\"https:\/\/drive.google.com\/drive\/folders\/1AcDtU-wjp3jI6hpfniY1E-XQTu8gX1Y0?usp=sharing\" target=\"_blank\" rel=\"noopener\">\n\t\t\t\t\t\t<span class=\"elementor-button-content-wrapper\">\n\t\t\t\t\t\t\t\t\t<span class=\"elementor-button-text\">                    T\u00c9L\u00c9CHARGEZ LE DOSSIER DE PRESSE                  <\/span>\n\t\t\t\t\t<\/span>\n\t\t\t\t\t<\/a>\n\t\t\t\t<\/div>\n\t\t\t\t\t\t\t\t<\/div>\n\t\t\t\t<\/div>\n\t\t\t\t\t<\/div>\n\t\t<\/div>\n\t\t\t\t<div class=\"elementor-column elementor-col-50 elementor-top-column elementor-element elementor-element-3a80bbd2\" data-id=\"3a80bbd2\" data-element_type=\"column\" data-e-type=\"column\">\n\t\t\t<div class=\"elementor-widget-wrap elementor-element-populated\">\n\t\t\t\t\t\t<div class=\"elementor-element elementor-element-39b4cf88 elementor-widget elementor-widget-image\" data-id=\"39b4cf88\" data-element_type=\"widget\" data-e-type=\"widget\" data-widget_type=\"image.default\">\n\t\t\t\t<div class=\"elementor-widget-container\">\n\t\t\t\t\t\t\t\t\t\t\t\t\t\t\t<img fetchpriority=\"high\" decoding=\"async\" width=\"636\" height=\"1024\" src=\"https:\/\/business.filotrack.com\/wp-content\/uploads\/HomePage_Img_1_EN-636x1024.webp\" class=\"attachment-large size-large wp-image-9381\" alt=\"\" srcset=\"https:\/\/business.filotrack.com\/wp-content\/uploads\/HomePage_Img_1_EN-636x1024.webp 636w, https:\/\/business.filotrack.com\/wp-content\/uploads\/HomePage_Img_1_EN-600x966.webp 600w, https:\/\/business.filotrack.com\/wp-content\/uploads\/HomePage_Img_1_EN-186x300.webp 186w, https:\/\/business.filotrack.com\/wp-content\/uploads\/HomePage_Img_1_EN.webp 679w\" sizes=\"(max-width: 636px) 100vw, 636px\" style=\"width:100%;height:160.97%;max-width:679px\" \/>\t\t\t\t\t\t\t\t\t\t\t\t\t\t\t<\/div>\n\t\t\t\t<\/div>\n\t\t\t\t\t<\/div>\n\t\t<\/div>\n\t\t\t\t\t<\/div>\n\t\t<\/section>\n\t\t\t\t<section class=\"elementor-section elementor-top-section elementor-element elementor-element-5c08c797 elementor-section-full_width elementor-hidden-mobile elementor-section-height-default elementor-section-height-default\" data-id=\"5c08c797\" data-element_type=\"section\" data-e-type=\"section\">\n\t\t\t\t\t\t<div class=\"elementor-container elementor-column-gap-no\">\n\t\t\t\t\t<div class=\"elementor-column elementor-col-50 elementor-top-column elementor-element elementor-element-5f0dc809\" data-id=\"5f0dc809\" data-element_type=\"column\" data-e-type=\"column\">\n\t\t\t<div class=\"elementor-widget-wrap elementor-element-populated\">\n\t\t\t\t\t\t<div class=\"elementor-element elementor-element-41174b4c elementor-widget elementor-widget-heading\" data-id=\"41174b4c\" data-element_type=\"widget\" data-e-type=\"widget\" data-widget_type=\"heading.default\">\n\t\t\t\t<div class=\"elementor-widget-container\">\n\t\t\t\t\t<h2 class=\"elementor-heading-title elementor-size-default\">Dossier de presse et demande concernant les m\u00e9dias <\/h2>\t\t\t\t<\/div>\n\t\t\t\t<\/div>\n\t\t\t\t<div class=\"elementor-element elementor-element-761c35fe elementor-widget elementor-widget-text-editor\" data-id=\"761c35fe\" data-element_type=\"widget\" data-e-type=\"widget\" data-widget_type=\"text-editor.default\">\n\t\t\t\t<div class=\"elementor-widget-container\">\n\t\t\t\t\t\t\t\t\tSi vous souhaitez publier une histoire, un article ou un blog sur Filo, veuillez nous contacter <a style=\"color: #ff3545;\" title=\"Contactez-nous\" href=\"\/fr\/contact-us\"><strong>ici<\/strong><\/a>\u00a0et nous vous fournirons toutes les informations n\u00e9cessaires.\u00a0and we\u2019ll provide you with all the necessary information that you may need.\t\t\t\t\t\t\t\t<\/div>\n\t\t\t\t<\/div>\n\t\t\t\t\t<\/div>\n\t\t<\/div>\n\t\t\t\t<div class=\"elementor-column elementor-col-50 elementor-top-column elementor-element elementor-element-51ea2cac\" data-id=\"51ea2cac\" data-element_type=\"column\" data-e-type=\"column\" data-settings=\"{&quot;background_background&quot;:&quot;classic&quot;}\">\n\t\t\t<div class=\"elementor-widget-wrap elementor-element-populated\">\n\t\t\t\t\t\t<div class=\"elementor-element elementor-element-7dcfbc03 elementor-widget elementor-widget-image\" data-id=\"7dcfbc03\" data-element_type=\"widget\" data-e-type=\"widget\" data-widget_type=\"image.default\">\n\t\t\t\t<div class=\"elementor-widget-container\">\n\t\t\t\t\t\t\t\t\t\t\t\t\t\t\t<img decoding=\"async\" width=\"750\" height=\"462\" src=\"https:\/\/business.filotrack.com\/wp-content\/uploads\/Press_Img_2-1024x631.jpg\" class=\"attachment-large size-large wp-image-3751\" alt=\"\" srcset=\"https:\/\/business.filotrack.com\/wp-content\/uploads\/Press_Img_2-1024x631.jpg 1024w, https:\/\/business.filotrack.com\/wp-content\/uploads\/Press_Img_2-600x370.jpg 600w, https:\/\/business.filotrack.com\/wp-content\/uploads\/Press_Img_2-300x185.jpg 300w, https:\/\/business.filotrack.com\/wp-content\/uploads\/Press_Img_2-768x474.jpg 768w, https:\/\/business.filotrack.com\/wp-content\/uploads\/Press_Img_2.jpg 1440w\" sizes=\"(max-width: 750px) 100vw, 750px\" style=\"width:100%;height:61.67%;max-width:1440px\" \/>\t\t\t\t\t\t\t\t\t\t\t\t\t\t\t<\/div>\n\t\t\t\t<\/div>\n\t\t\t\t\t<\/div>\n\t\t<\/div>\n\t\t\t\t\t<\/div>\n\t\t<\/section>\n\t\t\t\t<section class=\"elementor-section elementor-top-section elementor-element elementor-element-7d03c341 elementor-section-full_width elementor-hidden-desktop elementor-hidden-tablet elementor-section-height-default elementor-section-height-default\" data-id=\"7d03c341\" data-element_type=\"section\" data-e-type=\"section\">\n\t\t\t\t\t\t<div class=\"elementor-container elementor-column-gap-no\">\n\t\t\t\t\t<div class=\"elementor-column elementor-col-50 elementor-top-column elementor-element elementor-element-4011f927\" data-id=\"4011f927\" data-element_type=\"column\" data-e-type=\"column\">\n\t\t\t<div class=\"elementor-widget-wrap elementor-element-populated\">\n\t\t\t\t\t\t<div class=\"elementor-element elementor-element-9a73ae6 elementor-widget elementor-widget-heading\" data-id=\"9a73ae6\" data-element_type=\"widget\" data-e-type=\"widget\" data-widget_type=\"heading.default\">\n\t\t\t\t<div class=\"elementor-widget-container\">\n\t\t\t\t\t<h2 class=\"elementor-heading-title elementor-size-default\">Dossier de presse et demande concernant les m\u00e9dias <\/h2>\t\t\t\t<\/div>\n\t\t\t\t<\/div>\n\t\t\t\t<div class=\"elementor-element elementor-element-42f56b80 elementor-widget elementor-widget-text-editor\" data-id=\"42f56b80\" data-element_type=\"widget\" data-e-type=\"widget\" data-widget_type=\"text-editor.default\">\n\t\t\t\t<div class=\"elementor-widget-container\">\n\t\t\t\t\t\t\t\t\tSi vous souhaitez publier une histoire, un article ou un blog sur Filo, veuillez nous contacter <a style=\"color: #ff3545;\" title=\"Contactez-nous\" href=\"\/fr\/contact-us\"><strong>ici<\/strong><\/a> et nous vous fournirons toutes les informations n\u00e9cessaires. and we\u2019ll provide you with all the necessary information that you may need.\t\t\t\t\t\t\t\t<\/div>\n\t\t\t\t<\/div>\n\t\t\t\t\t<\/div>\n\t\t<\/div>\n\t\t\t\t<div class=\"elementor-column elementor-col-50 elementor-top-column elementor-element elementor-element-42c814ba\" data-id=\"42c814ba\" data-element_type=\"column\" data-e-type=\"column\" data-settings=\"{&quot;background_background&quot;:&quot;classic&quot;}\">\n\t\t\t<div class=\"elementor-widget-wrap elementor-element-populated\">\n\t\t\t\t\t\t<div class=\"elementor-element elementor-element-6603efc8 elementor-widget elementor-widget-image\" data-id=\"6603efc8\" data-element_type=\"widget\" data-e-type=\"widget\" data-widget_type=\"image.default\">\n\t\t\t\t<div class=\"elementor-widget-container\">\n\t\t\t\t\t\t\t\t\t\t\t\t\t\t\t<img decoding=\"async\" width=\"750\" height=\"462\" src=\"https:\/\/business.filotrack.com\/wp-content\/uploads\/Press_Img_2-1024x631.jpg\" class=\"attachment-large size-large wp-image-3751\" alt=\"\" srcset=\"https:\/\/business.filotrack.com\/wp-content\/uploads\/Press_Img_2-1024x631.jpg 1024w, https:\/\/business.filotrack.com\/wp-content\/uploads\/Press_Img_2-600x370.jpg 600w, https:\/\/business.filotrack.com\/wp-content\/uploads\/Press_Img_2-300x185.jpg 300w, https:\/\/business.filotrack.com\/wp-content\/uploads\/Press_Img_2-768x474.jpg 768w, https:\/\/business.filotrack.com\/wp-content\/uploads\/Press_Img_2.jpg 1440w\" sizes=\"(max-width: 750px) 100vw, 750px\" style=\"width:100%;height:61.67%;max-width:1440px\" \/>\t\t\t\t\t\t\t\t\t\t\t\t\t\t\t<\/div>\n\t\t\t\t<\/div>\n\t\t\t\t\t<\/div>\n\t\t<\/div>\n\t\t\t\t\t<\/div>\n\t\t<\/section>\n\t\t\t\t<section class=\"elementor-section elementor-top-section elementor-element elementor-element-3cc80a elementor-section-full_width elementor-section-height-default elementor-section-height-default\" data-id=\"3cc80a\" data-element_type=\"section\" data-e-type=\"section\">\n\t\t\t\t\t\t<div class=\"elementor-container elementor-column-gap-no\">\n\t\t\t\t\t<div class=\"elementor-column elementor-col-100 elementor-top-column elementor-element elementor-element-14d4892f\" data-id=\"14d4892f\" data-element_type=\"column\" data-e-type=\"column\">\n\t\t\t<div class=\"elementor-widget-wrap elementor-element-populated\">\n\t\t\t\t\t\t<div class=\"elementor-element elementor-element-52bbf085 elementor-widget elementor-widget-heading\" data-id=\"52bbf085\" data-element_type=\"widget\" data-e-type=\"widget\" data-widget_type=\"heading.default\">\n\t\t\t\t<div class=\"elementor-widget-container\">\n\t\t\t\t\t<h2 class=\"elementor-heading-title elementor-size-default\">Mis en vedette sur<\/h2>\t\t\t\t<\/div>\n\t\t\t\t<\/div>\n\t\t\t\t<div class=\"elementor-element elementor-element-6eaf8f6 elementor-widget elementor-widget-html\" data-id=\"6eaf8f6\" data-element_type=\"widget\" data-e-type=\"widget\" data-widget_type=\"html.default\">\n\t\t\t\t<div class=\"elementor-widget-container\">\n\t\t\t\t\t<div class=\"press-slider\">\n        <div class=\"slides-container press-page\">\n            <div class=\"slide-img\">\n                <img decoding=\"async\" src=\"https:\/\/filotrack.com\/wp-content\/uploads\/Press_StartupItalia.png\" alt=\"\">\n            <\/div>\n            <div class=\"slide-img\">\n                <img decoding=\"async\" src=\"https:\/\/filotrack.com\/wp-content\/uploads\/Press_Repubblica.png\" alt=\"\">\n            <\/div>\n            <div class=\"slide-img\">\n                <img decoding=\"async\" src=\"https:\/\/filotrack.com\/wp-content\/uploads\/Press_TG5-1.png\" alt=\"\">\n            <\/div>\n            <div class=\"slide-img\">\n                <img decoding=\"async\" src=\"https:\/\/filotrack.com\/wp-content\/uploads\/Press_TG1.png\" alt=\"\">\n            <\/div>\n            <div class=\"slide-img\">\n                <img decoding=\"async\" src=\"https:\/\/filotrack.com\/wp-content\/uploads\/Press_24_Sole.png\" alt=\"\">\n            <\/div>\n            <div class=\"slide-img\">\n                <img decoding=\"async\" src=\"https:\/\/filotrack.com\/wp-content\/uploads\/Press_StartupItalia.png\" alt=\"\">\n            <\/div>\n            <div class=\"slide-img\">\n                <img decoding=\"async\" src=\"https:\/\/filotrack.com\/wp-content\/uploads\/Press_Repubblica.png\" alt=\"\">\n            <\/div>\n        <\/div>\n        <div class=\"navigator\">\n            <ion-icon name=\"ellipse\" class=\"active\"><\/ion-icon>\n            <ion-icon name=\"ellipse-outline\"><\/ion-icon>\n            <ion-icon name=\"ellipse-outline\"><\/ion-icon>\n            <ion-icon name=\"ellipse-outline\"><\/ion-icon>\n            <ion-icon name=\"ellipse-outline\"><\/ion-icon>\n        <\/div>\n        <ion-icon name=\"chevron-back-outline\"><\/ion-icon>\n        <ion-icon name=\"chevron-forward-outline\"><\/ion-icon>\n    <\/div>\n    <script type=\"module\" src=\"https:\/\/unpkg.com\/ionicons@5.5.2\/dist\/ionicons\/ionicons.esm.js\"><\/script>\n    <script nomodule src=\"https:\/\/unpkg.com\/ionicons@5.5.2\/dist\/ionicons\/ionicons.js\"><\/script>\n    \t\t\t\t<\/div>\n\t\t\t\t<\/div>\n\t\t\t\t\t<\/div>\n\t\t<\/div>\n\t\t\t\t\t<\/div>\n\t\t<\/section>\n\t\t\t\t<\/div>\n\t\t","protected":false},"excerpt":{"rendered":"<p>Dossier de presse Filo n\u2019est pas seulement un petit dispositif, c\u2019est \u00e9galement un moyen incroyablement intelligent de retrouver des objets. Il vous suffit d\u2019attacher ce traceur Bluetooth g\u00e9nial \u00e0 vos objets importants et de le retrouver \u00e0 l\u2019aide de notre application Filo conviviale. Vous pouvez \u00e9galement utiliser Filo pour retrouver votre t\u00e9l\u00e9phone. Vous pouvez t\u00e9l\u00e9charger&hellip; <a class=\"more-link\" href=\"https:\/\/filotrack.com\/fr\/media-kit\/\">Poursuivre la lecture <span class=\"screen-reader-text\">Media Kit<\/span><\/a><\/p>\n","protected":false},"author":10,"featured_media":0,"parent":0,"menu_order":0,"comment_status":"closed","ping_status":"closed","template":"elementor_header_footer","meta":{"inline_featured_image":false,"footnotes":""},"class_list":["post-2211","page","type-page","status-publish","hentry","entry"],"_links":{"self":[{"href":"https:\/\/filotrack.com\/fr\/wp-json\/wp\/v2\/pages\/2211","targetHints":{"allow":["GET"]}}],"collection":[{"href":"https:\/\/filotrack.com\/fr\/wp-json\/wp\/v2\/pages"}],"about":[{"href":"https:\/\/filotrack.com\/fr\/wp-json\/wp\/v2\/types\/page"}],"author":[{"embeddable":true,"href":"https:\/\/filotrack.com\/fr\/wp-json\/wp\/v2\/users\/10"}],"replies":[{"embeddable":true,"href":"https:\/\/filotrack.com\/fr\/wp-json\/wp\/v2\/comments?post=2211"}],"version-history":[{"count":22,"href":"https:\/\/filotrack.com\/fr\/wp-json\/wp\/v2\/pages\/2211\/revisions"}],"predecessor-version":[{"id":11855,"href":"https:\/\/filotrack.com\/fr\/wp-json\/wp\/v2\/pages\/2211\/revisions\/11855"}],"wp:attachment":[{"href":"https:\/\/filotrack.com\/fr\/wp-json\/wp\/v2\/media?parent=2211"}],"curies":[{"name":"wp","href":"https:\/\/api.w.org\/{rel}","templated":true}]}}