{"id":7055,"date":"2022-04-28T11:36:48","date_gmt":"2022-04-28T11:36:48","guid":{"rendered":"https:\/\/filotrack.com\/what-is-a-bluetooth-tracker\/"},"modified":"2024-04-04T08:09:00","modified_gmt":"2024-04-04T08:09:00","slug":"what-is-a-bluetooth-tracker","status":"publish","type":"page","link":"https:\/\/filotrack.com\/es\/what-is-a-bluetooth-tracker\/","title":{"rendered":"What Is a Bluetooth Tracker?"},"content":{"rendered":"\t\t<div data-elementor-type=\"wp-page\" data-elementor-id=\"7055\" class=\"elementor elementor-7055 elementor-5007\" data-elementor-post-type=\"page\">\n\t\t\t\t\t\t<section class=\"elementor-section elementor-top-section elementor-element elementor-element-3e411c9 elementor-section-full_width elementor-section-height-min-height elementor-section-height-default elementor-section-items-middle\" data-id=\"3e411c9\" data-element_type=\"section\" data-e-type=\"section\" data-settings=\"{&quot;background_background&quot;:&quot;classic&quot;}\">\n\t\t\t\t\t\t<div class=\"elementor-container elementor-column-gap-no\">\n\t\t\t\t\t<div class=\"elementor-column elementor-col-100 elementor-top-column elementor-element elementor-element-5653b5e\" data-id=\"5653b5e\" data-element_type=\"column\" data-e-type=\"column\">\n\t\t\t<div class=\"elementor-widget-wrap\">\n\t\t\t\t\t\t\t<\/div>\n\t\t<\/div>\n\t\t\t\t\t<\/div>\n\t\t<\/section>\n\t\t\t\t<section class=\"elementor-section elementor-top-section elementor-element elementor-element-7feeae3 elementor-section-boxed elementor-section-height-default elementor-section-height-default\" data-id=\"7feeae3\" data-element_type=\"section\" data-e-type=\"section\">\n\t\t\t\t\t\t<div class=\"elementor-container elementor-column-gap-default\">\n\t\t\t\t\t<div class=\"elementor-column elementor-col-100 elementor-top-column elementor-element elementor-element-208454a\" data-id=\"208454a\" data-element_type=\"column\" data-e-type=\"column\">\n\t\t\t<div class=\"elementor-widget-wrap elementor-element-populated\">\n\t\t\t\t\t\t<div class=\"elementor-element elementor-element-71be49e elementor-widget elementor-widget-heading\" data-id=\"71be49e\" data-element_type=\"widget\" data-e-type=\"widget\" data-widget_type=\"heading.default\">\n\t\t\t\t<div class=\"elementor-widget-container\">\n\t\t\t\t\t<h1 class=\"elementor-heading-title elementor-size-default\">\u00bfQu\u00e9 es un rastreador Bluetooth? <\/h1>\t\t\t\t<\/div>\n\t\t\t\t<\/div>\n\t\t\t\t<div class=\"elementor-element elementor-element-dcdbf04 elementor-widget elementor-widget-text-editor\" data-id=\"dcdbf04\" data-element_type=\"widget\" data-e-type=\"widget\" data-widget_type=\"text-editor.default\">\n\t\t\t\t<div class=\"elementor-widget-container\">\n\t\t\t\t\t\t\t\t\t<p><b>B\u00e1sicamente, un rastreador bluetooth es un peque\u00f1o dispositivo que puede adjuntar a sus pertenencias personales y conectarlo a su tel\u00e9fono mediante Bluetooth. Ayuda a encontrar pertenencias perdidas o extraviadas llam\u00e1ndolas. <\/b><\/p>\n\t\t\t\t\t\t\t\t<\/div>\n\t\t\t\t<\/div>\n\t\t\t\t<div class=\"elementor-element elementor-element-6af9a5d elementor-widget elementor-widget-text-editor\" data-id=\"6af9a5d\" data-element_type=\"widget\" data-e-type=\"widget\" data-widget_type=\"text-editor.default\">\n\t\t\t\t<div class=\"elementor-widget-container\">\n\t\t\t\t\t\t\t\t\t<p>Bluetooth trackers also sometimes are called Bluetooth finders or Bluetooth tags, they are also referred to as smart trackers or smart tags. The last two terms often refer to gps trackers, therefore make sure to check what technology a tracker is using before considering buying a bluetooth tracker.<\/p>\n\t\t\t\t\t\t\t\t<\/div>\n\t\t\t\t<\/div>\n\t\t\t\t<div class=\"elementor-element elementor-element-60f8a16 elementor-widget elementor-widget-heading\" data-id=\"60f8a16\" data-element_type=\"widget\" data-e-type=\"widget\" data-widget_type=\"heading.default\">\n\t\t\t\t<div class=\"elementor-widget-container\">\n\t\t\t\t\t<h2 class=\"elementor-heading-title elementor-size-default\">How to use a Bluetooth tracker<\/h2>\t\t\t\t<\/div>\n\t\t\t\t<\/div>\n\t\t\t\t<div class=\"elementor-element elementor-element-7002288 elementor-widget elementor-widget-image\" data-id=\"7002288\" data-element_type=\"widget\" data-e-type=\"widget\" data-widget_type=\"image.default\">\n\t\t\t\t<div class=\"elementor-widget-container\">\n\t\t\t\t\t\t\t\t\t\t\t\t\t\t\t<img fetchpriority=\"high\" decoding=\"async\" width=\"700\" height=\"268\" src=\"https:\/\/filotrack.com\/wp-content\/uploads\/BlogArticle_Img1.webp\" class=\"attachment-large size-large wp-image-5009\" alt=\"\" srcset=\"https:\/\/filotrack.com\/wp-content\/uploads\/BlogArticle_Img1.webp 700w, https:\/\/filotrack.com\/wp-content\/uploads\/BlogArticle_Img1-600x230.webp 600w, https:\/\/filotrack.com\/wp-content\/uploads\/BlogArticle_Img1-300x115.webp 300w\" sizes=\"(max-width: 700px) 100vw, 700px\" style=\"width:100%;height:38.29%;max-width:700px\" \/>\t\t\t\t\t\t\t\t\t\t\t\t\t\t\t<\/div>\n\t\t\t\t<\/div>\n\t\t\t\t<div class=\"elementor-element elementor-element-8c5f5e9 elementor-widget elementor-widget-text-editor\" data-id=\"8c5f5e9\" data-element_type=\"widget\" data-e-type=\"widget\" data-widget_type=\"text-editor.default\">\n\t\t\t\t<div class=\"elementor-widget-container\">\n\t\t\t\t\t\t\t\t\t<p>The first time setting up a tracker, it will need to be connected to an app on your phone through your phone\u2019s Bluetooth connection. To get started, download the tracker\u2019s app on your phone and follow the instruction the app will give you to successfully make the connection.<\/p>\n<\/p>\n<p>Usually bluetooth trackers are used to track keys, wallets, purses, backpacks, phones and even small pets.<\/p>\n<\/p>\n<p>Simply attach the tracker to the item you don\u2019t want to lose with the help of a latch or key ring found on most trackers.<\/p>\n<\/p>\n<p>Make your lost item ring by pressing the button in the app on your phone. The ringing sound will allow you to locate your missing item. <\/p>\n<\/p>\n<p>If the connection between the tracker and your phone is lost, the app on your phone will display the last known location the tracker was last seen on a map to help you locate it. The connection will be maintained as long as your phone is within the Bluetooth tracker\u2019s range (up to 80 meters).<\/p>\n<\/p>\n<p>The bluetooth connection also works both ways, allowing you to also to find your phone by pressing the button on the tracker twice to make your phone ring, even when your phone is in silent mode.<\/p><\/p>\n\t\t\t\t\t\t\t\t<\/div>\n\t\t\t\t<\/div>\n\t\t\t\t<div class=\"elementor-element elementor-element-40561d3 elementor-widget elementor-widget-heading\" data-id=\"40561d3\" data-element_type=\"widget\" data-e-type=\"widget\" data-widget_type=\"heading.default\">\n\t\t\t\t<div class=\"elementor-widget-container\">\n\t\t\t\t\t<h2 class=\"elementor-heading-title elementor-size-default\">Basic features of Bluetooth trackers<\/h2>\t\t\t\t<\/div>\n\t\t\t\t<\/div>\n\t\t\t\t<div class=\"elementor-element elementor-element-8591083 elementor-widget elementor-widget-text-editor\" data-id=\"8591083\" data-element_type=\"widget\" data-e-type=\"widget\" data-widget_type=\"text-editor.default\">\n\t\t\t\t<div class=\"elementor-widget-container\">\n\t\t\t\t\t\t\t\t\t<p>Bluetooth trackers are powered by a small battery &#8211; in some cases capable of lasting up to a year.<\/p>\n\t\t\t\t\t\t\t\t<\/div>\n\t\t\t\t<\/div>\n\t\t\t\t<div class=\"elementor-element elementor-element-0d4233f elementor-widget elementor-widget-text-editor\" data-id=\"0d4233f\" data-element_type=\"widget\" data-e-type=\"widget\" data-widget_type=\"text-editor.default\">\n\t\t\t\t<div class=\"elementor-widget-container\">\n\t\t\t\t\t\t\t\t\t<p>Bluetooth trackers are very energy efficient and only require a small battery to operate. Some models can last up to a year on a single battery thanks to their optimised app on your phone which handles all the data transferring and processing.<\/p>\n\t\t\t\t\t\t\t\t<\/div>\n\t\t\t\t<\/div>\n\t\t\t\t<div class=\"elementor-element elementor-element-d559614 elementor-widget elementor-widget-text-editor\" data-id=\"d559614\" data-element_type=\"widget\" data-e-type=\"widget\" data-widget_type=\"text-editor.default\">\n\t\t\t\t<div class=\"elementor-widget-container\">\n\t\t\t\t\t\t\t\t\t<p>Replaceable battery &#8211; keep the tracker in working condition longer.<\/p>\n\t\t\t\t\t\t\t\t<\/div>\n\t\t\t\t<\/div>\n\t\t\t\t<div class=\"elementor-element elementor-element-dabdf1e elementor-widget elementor-widget-text-editor\" data-id=\"dabdf1e\" data-element_type=\"widget\" data-e-type=\"widget\" data-widget_type=\"text-editor.default\">\n\t\t\t\t<div class=\"elementor-widget-container\">\n\t\t\t\t\t\t\t\t\t<p>Some Bluetooth trackers come with a replaceable battery, like the <a href=\"\/products\/filo-tag\" style=\"color: #ff3545\">Filo Bluetooth tag<\/a>, avoiding the need to buy a new tracker every time the battery runs out. While others have integrated batteries, leaving you with no other option but to replace the entire device when the time comes.<\/p>\n\t\t\t\t\t\t\t\t<\/div>\n\t\t\t\t<\/div>\n\t\t\t\t<div class=\"elementor-element elementor-element-7b0924f elementor-widget elementor-widget-text-editor\" data-id=\"7b0924f\" data-element_type=\"widget\" data-e-type=\"widget\" data-widget_type=\"text-editor.default\">\n\t\t\t\t<div class=\"elementor-widget-container\">\n\t\t\t\t\t\t\t\t\t<p>A strong Bluetooth connection range &#8211; Find your things at a distance. <\/p>\n\t\t\t\t\t\t\t\t<\/div>\n\t\t\t\t<\/div>\n\t\t\t\t<div class=\"elementor-element elementor-element-a172d98 elementor-widget elementor-widget-text-editor\" data-id=\"a172d98\" data-element_type=\"widget\" data-e-type=\"widget\" data-widget_type=\"text-editor.default\">\n\t\t\t\t<div class=\"elementor-widget-container\">\n\t\t\t\t\t\t\t\t\t<p>The connection range on a bluetooth tracker can reach up to 80 meters. It is limited by the Bluetooth signal strength on your phone. Unlike GPS trackers, the connection can be kept even indoors, making them great to track small objects like keys, wallets or a bag, but aren\u2019t the best solution to track moving objects at a distance like a car or people. <\/p>\n\t\t\t\t\t\t\t\t<\/div>\n\t\t\t\t<\/div>\n\t\t\t\t<div class=\"elementor-element elementor-element-ada0ef4 elementor-widget elementor-widget-text-editor\" data-id=\"ada0ef4\" data-element_type=\"widget\" data-e-type=\"widget\" data-widget_type=\"text-editor.default\">\n\t\t\t\t<div class=\"elementor-widget-container\">\n\t\t\t\t\t\t\t\t\t<p>Loudness of ringing sound &#8211; Hear your belongings to find them faster.<\/p>\n\t\t\t\t\t\t\t\t<\/div>\n\t\t\t\t<\/div>\n\t\t\t\t<div class=\"elementor-element elementor-element-346d2b8 elementor-widget elementor-widget-text-editor\" data-id=\"346d2b8\" data-element_type=\"widget\" data-e-type=\"widget\" data-widget_type=\"text-editor.default\">\n\t\t\t\t<div class=\"elementor-widget-container\">\n\t\t\t\t\t\t\t\t\t<p>The emitting sound when ringing a bluetooth tracker plays a fundamental role to find your belongings faster. Some trackers can produce a sound up to 97db. We can locate things faster by sound than by sight. That\u2019s why it is the practical and immediate way to find your keys when buried by a heap of laundry. A strong ringing sound will help to locate your item quicker, therefore the louder the better.<\/p>\n\t\t\t\t\t\t\t\t<\/div>\n\t\t\t\t<\/div>\n\t\t\t\t<div class=\"elementor-element elementor-element-3ed61bb elementor-widget elementor-widget-text-editor\" data-id=\"3ed61bb\" data-element_type=\"widget\" data-e-type=\"widget\" data-widget_type=\"text-editor.default\">\n\t\t\t\t<div class=\"elementor-widget-container\">\n\t\t\t\t\t\t\t\t\t<p>The smart tracker\u2019s in range and out of range notifications &#8211; A friendly reminder to not forget your belongings.<\/p>\n\t\t\t\t\t\t\t\t<\/div>\n\t\t\t\t<\/div>\n\t\t\t\t<div class=\"elementor-element elementor-element-8ca933f elementor-widget elementor-widget-text-editor\" data-id=\"8ca933f\" data-element_type=\"widget\" data-e-type=\"widget\" data-widget_type=\"text-editor.default\">\n\t\t\t\t<div class=\"elementor-widget-container\">\n\t\t\t\t\t\t\t\t\t<p>Wouldn\u2019t it be great to be reminded when you are about to leave your keys behind? The in range notification feature will remind you if you are leaving things behind just before your phone loses the bluetooth connection to your tracker. Or even allow you to know when your item is back in range or near to you.<\/p>\n<\/p>\n<p>While the out of range notification will allow you to see where your tracked item was last seen on a map.<\/p>\n\t\t\t\t\t\t\t\t<\/div>\n\t\t\t\t<\/div>\n\t\t\t\t<div class=\"elementor-element elementor-element-6379a82 elementor-widget elementor-widget-text-editor\" data-id=\"6379a82\" data-element_type=\"widget\" data-e-type=\"widget\" data-widget_type=\"text-editor.default\">\n\t\t\t\t<div class=\"elementor-widget-container\">\n\t\t\t\t\t\t\t\t\t<p>A choice of colours &#8211; quickly Identify your belongings with style.<\/p>\n\t\t\t\t\t\t\t\t<\/div>\n\t\t\t\t<\/div>\n\t\t\t\t<div class=\"elementor-element elementor-element-0bea9c9 elementor-widget elementor-widget-text-editor\" data-id=\"0bea9c9\" data-element_type=\"widget\" data-e-type=\"widget\" data-widget_type=\"text-editor.default\">\n\t\t\t\t<div class=\"elementor-widget-container\">\n\t\t\t\t\t\t\t\t\t<p>Many Bluetooth tracker tags come in different colours and forms. Choose one that you will remember and that stands out in design and colour. It will definitely help to easily spot your belongings quicker when you are searching for your misplaced item.<\/p>\n\t\t\t\t\t\t\t\t<\/div>\n\t\t\t\t<\/div>\n\t\t\t\t<div class=\"elementor-element elementor-element-e6fc56b elementor-widget elementor-widget-text-editor\" data-id=\"e6fc56b\" data-element_type=\"widget\" data-e-type=\"widget\" data-widget_type=\"text-editor.default\">\n\t\t\t\t<div class=\"elementor-widget-container\">\n\t\t\t\t\t\t\t\t\t<p>Great customer support &#8211; a human touch always helps<\/p>\n\t\t\t\t\t\t\t\t<\/div>\n\t\t\t\t<\/div>\n\t\t\t\t<div class=\"elementor-element elementor-element-7dfc563 elementor-widget elementor-widget-text-editor\" data-id=\"7dfc563\" data-element_type=\"widget\" data-e-type=\"widget\" data-widget_type=\"text-editor.default\">\n\t\t\t\t<div class=\"elementor-widget-container\">\n\t\t\t\t\t\t\t\t\t<p>A quick way to tell apart solid Bluetooth trackers from the rest is the amount of human support given to you by their customer support. Whether its by phone, email or social media, a willingness to resolve your questions and issues can ease and make enjoyable the experience with your new bluetooth tracker.<\/p>\n\t\t\t\t\t\t\t\t<\/div>\n\t\t\t\t<\/div>\n\t\t\t\t<div class=\"elementor-element elementor-element-190c94a elementor-widget elementor-widget-text-editor\" data-id=\"190c94a\" data-element_type=\"widget\" data-e-type=\"widget\" data-widget_type=\"text-editor.default\">\n\t\t\t\t<div class=\"elementor-widget-container\">\n\t\t\t\t\t\t\t\t\t<p>App updates &#8211; taking care of the user<\/p>\n\t\t\t\t\t\t\t\t<\/div>\n\t\t\t\t<\/div>\n\t\t\t\t<div class=\"elementor-element elementor-element-a0af2ab elementor-widget elementor-widget-text-editor\" data-id=\"a0af2ab\" data-element_type=\"widget\" data-e-type=\"widget\" data-widget_type=\"text-editor.default\">\n\t\t\t\t<div class=\"elementor-widget-container\">\n\t\t\t\t\t\t\t\t\t<p>App updates ensure the best user experience when using a tracker. It&#8217;s a fundamental part of the tracking experience in bluetooth trackers, as most of the information is done on the phone. In-frequent app updates can indicate a lack in improving the user experience and supporting the end user. Check before buying when the last app update was made and how many reviews where made to have an idea of how active the bluetooth tracker maker is on its app updates.<\/p>\n\t\t\t\t\t\t\t\t<\/div>\n\t\t\t\t<\/div>\n\t\t\t\t<div class=\"elementor-element elementor-element-3022ba0 elementor-widget elementor-widget-text-editor\" data-id=\"3022ba0\" data-element_type=\"widget\" data-e-type=\"widget\" data-widget_type=\"text-editor.default\">\n\t\t\t\t<div class=\"elementor-widget-container\">\n\t\t\t\t\t\t\t\t\t<p>Phone compatibility &#8211; Most phones are covered, but check to make sure<\/p>\n\t\t\t\t\t\t\t\t<\/div>\n\t\t\t\t<\/div>\n\t\t\t\t<div class=\"elementor-element elementor-element-ad261fb elementor-widget elementor-widget-text-editor\" data-id=\"ad261fb\" data-element_type=\"widget\" data-e-type=\"widget\" data-widget_type=\"text-editor.default\">\n\t\t\t\t<div class=\"elementor-widget-container\">\n\t\t\t\t\t\t\t\t\t<p>Most Bluetooth trackers support the Bluetooth low energy standard v4.0. In other words, your phone must support Bluetooth version 4 and above to work with most trackers.<\/p>\n<\/p>\n<p>Make sure to check before buying your phones Bluetooth standard as phones with older Bluetooth standards won&#8217;t be compatible. If you have a phone that isnt older than 4 year than it is most likely compatible. Just to be sure check your phones characteristics before buying. <\/p>\n\t\t\t\t\t\t\t\t<\/div>\n\t\t\t\t<\/div>\n\t\t\t\t<div class=\"elementor-element elementor-element-e3ee223 elementor-widget elementor-widget-heading\" data-id=\"e3ee223\" data-element_type=\"widget\" data-e-type=\"widget\" data-widget_type=\"heading.default\">\n\t\t\t\t<div class=\"elementor-widget-container\">\n\t\t\t\t\t<h2 class=\"elementor-heading-title elementor-size-default\">The 10 best ways to use a Bluetooth tracker<\/h2>\t\t\t\t<\/div>\n\t\t\t\t<\/div>\n\t\t\t\t<div class=\"elementor-element elementor-element-8ee42dd elementor-widget elementor-widget-image\" data-id=\"8ee42dd\" data-element_type=\"widget\" data-e-type=\"widget\" data-widget_type=\"image.default\">\n\t\t\t\t<div class=\"elementor-widget-container\">\n\t\t\t\t\t\t\t\t\t\t\t\t\t\t\t<img decoding=\"async\" width=\"700\" height=\"268\" src=\"https:\/\/filotrack.com\/wp-content\/uploads\/BlogArticle_Img2.webp\" class=\"attachment-large size-large wp-image-5014\" alt=\"\" srcset=\"https:\/\/filotrack.com\/wp-content\/uploads\/BlogArticle_Img2.webp 700w, https:\/\/filotrack.com\/wp-content\/uploads\/BlogArticle_Img2-600x230.webp 600w, https:\/\/filotrack.com\/wp-content\/uploads\/BlogArticle_Img2-300x115.webp 300w\" sizes=\"(max-width: 700px) 100vw, 700px\" style=\"width:100%;height:38.29%;max-width:700px\" \/>\t\t\t\t\t\t\t\t\t\t\t\t\t\t\t<\/div>\n\t\t\t\t<\/div>\n\t\t\t\t<div class=\"elementor-element elementor-element-876e7f1 elementor-widget elementor-widget-text-editor\" data-id=\"876e7f1\" data-element_type=\"widget\" data-e-type=\"widget\" data-widget_type=\"text-editor.default\">\n\t\t\t\t<div class=\"elementor-widget-container\">\n\t\t\t\t\t\t\t\t\t<ol>\n<li><b>Find your keys<\/b>. Finding your keys is one of the most common cases to use a tracker. How many times have you lost your keys? For us, its countless times. Let the tracker do the search for you. Attach it to your home keys and connect it to your phone to let your keys ring when they go missing.\n<\/li>\n<li><b>Find your phone.<\/b> One of the most useful features of a bluetooth tracker is to find your phone again. Not many are aware that trackers can reverse locate your phone, by pressing the button on the tracker. If the phone is in range, pressing the button on the tracker will make your phone ring, even when in silent mode.\n<\/li>\n<li><b>Backpack and bag tracker. <\/b>Misplacing your bag or backup can be a problem when you rely on all the important things that it carries. By attaching a bluetooth gadget to your bag or leaving inside find it easily again before leaving.\n<\/li>\n<li><b>Wallet tracker<\/b>. It has happened to all of us, leaving our wallets at the restaurant after paying the bill or leaving after paying at the cash register. Many trackers are thin enough to be inserted into a wallet or purse. Next time get notified before leaving the place without your wallet by being notified in time to claim your wallet.\n<\/li>\n<li><b>Find luggage. <\/b>Placing a bluetooth tracker inside your luggage while travelling will come in handy when the time comes to claim your luggage after your flight. Before you reach the luggage claims, activate your bluetooth early to be notified when your luggage is in range or avoid someone to mistakenly walk off with your luggage.\n<\/li>\n<li><strong>Avoid coat check mixups.<\/strong> Coat switchups happen frequently when leaving your coat at the coatroom for a night out. Avoid the mixup by inserting a bluetooth tracker inside an inner pocket of your coat and make sure it&#8217;s yours before leaving for the night.\n<\/li>\n<li><strong>Find your car.<\/strong>Can\u2019t remember where you parked your car? Leave a bluetooth tracker inside your car and find again the last location you parked on map within the tracker\u2019s app.\n<\/li>\n<li><strong>Find your umbrella.<\/strong>Leaving the office or a doctors appointment without an umbrella when it&#8217;s pouring outside can be challenging. Especially when you forgot and need to quickly find your umbrella hiding amongst others. Attach a bluetooth tracker to your umbrella\u2019s handle and let it ring to identify it instantly.\n<\/li>\n<li><strong>Cat and dog tracker.<\/strong>While not ideal for long distances. A bluetooth tracker can tell you if your pet is at home or not. Most small trackers are limited by bluetooth range and rely on the phone to read the last location the tracker was.\n<\/li>\n<li><strong>Find your Camera.<\/strong>Misplacing your camera and forgetting where you left it can be avoided with a bluetooth tracker by your side. Simply attach it to your expensive camera and equipment and keep everything safe.<\/li>\n<\/ol>\n\t\t\t\t\t\t\t\t<\/div>\n\t\t\t\t<\/div>\n\t\t\t\t\t<\/div>\n\t\t<\/div>\n\t\t\t\t\t<\/div>\n\t\t<\/section>\n\t\t\t\t<\/div>\n\t\t","protected":false},"excerpt":{"rendered":"<p>\u00bfQu\u00e9 es un rastreador Bluetooth? B\u00e1sicamente, un rastreador bluetooth es un peque\u00f1o dispositivo que puede adjuntar a sus pertenencias personales y conectarlo a su tel\u00e9fono mediante Bluetooth. Ayuda a encontrar pertenencias perdidas o extraviadas llam\u00e1ndolas. Bluetooth trackers also sometimes are called Bluetooth finders or Bluetooth tags, they are also referred to as smart trackers or&hellip; <a class=\"more-link\" href=\"https:\/\/filotrack.com\/es\/what-is-a-bluetooth-tracker\/\">Seguir leyendo <span class=\"screen-reader-text\">What Is a Bluetooth Tracker?<\/span><\/a><\/p>\n","protected":false},"author":10,"featured_media":0,"parent":0,"menu_order":0,"comment_status":"closed","ping_status":"closed","template":"elementor_header_footer","meta":{"inline_featured_image":false,"footnotes":""},"class_list":["post-7055","page","type-page","status-publish","hentry","entry"],"_links":{"self":[{"href":"https:\/\/filotrack.com\/es\/wp-json\/wp\/v2\/pages\/7055","targetHints":{"allow":["GET"]}}],"collection":[{"href":"https:\/\/filotrack.com\/es\/wp-json\/wp\/v2\/pages"}],"about":[{"href":"https:\/\/filotrack.com\/es\/wp-json\/wp\/v2\/types\/page"}],"author":[{"embeddable":true,"href":"https:\/\/filotrack.com\/es\/wp-json\/wp\/v2\/users\/10"}],"replies":[{"embeddable":true,"href":"https:\/\/filotrack.com\/es\/wp-json\/wp\/v2\/comments?post=7055"}],"version-history":[{"count":8,"href":"https:\/\/filotrack.com\/es\/wp-json\/wp\/v2\/pages\/7055\/revisions"}],"predecessor-version":[{"id":11033,"href":"https:\/\/filotrack.com\/es\/wp-json\/wp\/v2\/pages\/7055\/revisions\/11033"}],"wp:attachment":[{"href":"https:\/\/filotrack.com\/es\/wp-json\/wp\/v2\/media?parent=7055"}],"curies":[{"name":"wp","href":"https:\/\/api.w.org\/{rel}","templated":true}]}}