{"id":5541,"date":"2022-04-19T15:54:25","date_gmt":"2022-04-19T15:54:25","guid":{"rendered":"https:\/\/staging.filotrack.com\/devices\/"},"modified":"2022-05-02T15:27:42","modified_gmt":"2022-05-02T15:27:42","slug":"devices","status":"publish","type":"page","link":"https:\/\/filotrack.com\/es\/devices\/","title":{"rendered":"Devices"},"content":{"rendered":"\t\t<div data-elementor-type=\"wp-page\" data-elementor-id=\"5541\" class=\"elementor elementor-5541 elementor-3452\" data-elementor-post-type=\"page\">\n\t\t\t\t\t\t<section class=\"elementor-section elementor-top-section elementor-element elementor-element-7efdc312 elementor-section-boxed elementor-section-height-default elementor-section-height-default\" data-id=\"7efdc312\" data-element_type=\"section\" data-e-type=\"section\">\n\t\t\t\t\t\t<div class=\"elementor-container elementor-column-gap-default\">\n\t\t\t\t\t<div class=\"elementor-column elementor-col-100 elementor-top-column elementor-element elementor-element-9e91166\" data-id=\"9e91166\" data-element_type=\"column\" data-e-type=\"column\">\n\t\t\t<div class=\"elementor-widget-wrap elementor-element-populated\">\n\t\t\t\t\t\t<div class=\"elementor-element elementor-element-6dfecc3e elementor-widget elementor-widget-heading\" data-id=\"6dfecc3e\" data-element_type=\"widget\" data-e-type=\"widget\" data-widget_type=\"heading.default\">\n\t\t\t\t<div class=\"elementor-widget-container\">\n\t\t\t\t\t<h1 class=\"elementor-heading-title elementor-size-default\">Compatibilidad de dispositivos<\/h1>\t\t\t\t<\/div>\n\t\t\t\t<\/div>\n\t\t\t\t<div class=\"elementor-element elementor-element-26e7dd1e elementor-widget elementor-widget-text-editor\" data-id=\"26e7dd1e\" data-element_type=\"widget\" data-e-type=\"widget\" data-widget_type=\"text-editor.default\">\n\t\t\t\t<div class=\"elementor-widget-container\">\n\t\t\t\t\t\t\t\t\t<div class=\"module-wrapper\"><div class=\"module module-default-page\"><div class=\"module-body page-body rte fc-gray-4 fc-devices\"><div><h2 class=\"fc-emph2\">Requisitos de compatibilidad<\/h2><div>Filo es compatible con dispositivos entre los que se incluyen:<br \/><br \/><\/div><div><ul><li>iOS (versi\u00f3n 11 o posterior) y Android (versi\u00f3n 4.4 o posterior)<\/li><li>Bluetooth de bajo consumo (LE) 4.0 o posterior.<br \/><br \/><\/li><\/ul><\/div><div>Si tu dispositivo es compatible con las funciones anteriores, existe una alta probabilidad de que funcione con Filo. La lista de modelos compatibles con Filo aumenta d\u00eda a d\u00eda, gracias a la ayuda de nuestros usuarios.<\/div><\/div><\/div><\/div><\/div><div>\u00a0<\/div><div>\u00a0<\/div><div class=\"module-wrapper\"><div class=\"module module-default-page\"><div class=\"module-body page-body rte fc-gray-4 fc-devices\"><div><h2 class=\"fc-emph2\">Dispositivos compatibles<\/h2><div>Nuestra aplicaci\u00f3n se comprueba de forma frecuente con cada actualizaci\u00f3n de los dispositivos Android e iOS que se enumeran a continuaci\u00f3n, para garantizar el correcto funcionamiento de Filo. No te preocupes si tu dispositivo no aparece en la lista; si cumple los requisitos m\u00ednimos de compatibilidad enumerados anteriormente, es probable que Filo funcione correctamente y podremos ofrecerte el soporte t\u00e9cnico necesario. Para obtener m\u00e1s informaci\u00f3n sobre cualquier modelo espec\u00edfico que no se enumere a continuaci\u00f3n, no dudes en escribirnos a <a href=\"mailto:help@filotrack.com\">help@filotrack.com<\/a>.<\/div><div>\u00a0<\/div><\/div><div><h2 class=\"fc-emph2\">iOS<\/h2><div>Dispositivos iOS (versi\u00f3n 11 o posterior) con Bluetooth 4.0 y posterior<\/div><div>\u00a0<\/div><div><h3 class=\"fc-emph2\">iPhone<\/h3><div><ul><li>iPhone 5s<\/li><li>iPhone SE (1 a y 2 a generaci\u00f3n)<\/li><li>iPhone 6<\/li><li>iPhone 6 Plus<\/li><li>iPhone 6s<\/li><li>iPhone 6s Plus<\/li><li>iPhone 7<\/li><li>iPhone 7 Plus<\/li><li>iPhone 8<\/li><li>iPhone 8 Plus<\/li><li>iPhone X<\/li><li>iPhone XR<\/li><li>iPhone XS<\/li><li>iPhone XS Max<\/li><li>iPhone 11<\/li><li>iPhone 11 Pro<\/li><li>iPhone 11 Pro Max<\/li><li>iPhone 12<\/li><li>iPhone 12 mini<\/li><li>iPhone 12 Pro<\/li><li>iPhone 12 Pro Max<br \/><br \/><\/li><\/ul><\/div><\/div><div><h3 class=\"fc-emph2\">iPad<\/h3><div><ul><li>iPad 3rd, 4th, 5th, 6th, 7th, 8th generaci\u00f3n<\/li><li>iPad Air<\/li><li>iPad Air 2<\/li><li>iPad Pro 1st, 2nd, 3rd, 4th generaci\u00f3n<\/li><li>iPad mini 2nd, 3rd, 4th, 5th generaci\u00f3n<br \/><br \/><\/li><\/ul><\/div><\/div><div><h3 class=\"fc-emph2\">Apple Watch<\/h3><div><ul><li>serie 0, 1, 2, 3<br \/><br \/><\/li><\/ul><\/div><\/div><\/div><div><h2 class=\"fc-emph2\">Android<\/h2><div>Dispositivos Android (versi\u00f3n 4.4 o posterior) con Bluetooth 4.0 o posterior<\/div><div>\u00a0<\/div><div><h3 class=\"fc-emph2\">Android smartphone<\/h3><p>Con cada actualizaci\u00f3n, comprobamos la aplicaci\u00f3n Filo en los siguientes tel\u00e9fonos inteligentes<br \/><br \/><\/p><div><ul><li>Google Pixel 3a<\/li><li>Samsung Galaxy S20 plus<\/li><li>Samsung Galaxy S9<\/li><li>Samsung Galaxy S8<\/li><li>Samsung Galaxy S6 Edge<\/li><li>Samsung Galaxy S5<\/li><li>Samsung Galaxy S4 mini<\/li><li>Samsung Galaxy A40<\/li><li>Samsung Galaxy A20e<\/li><li>Samsung Galaxy A10<\/li><li>Samsung Galaxy A8<\/li><li>Samsung Galaxy A7<\/li><li>Samsung Galaxy Grand Neoplus<\/li><li>Samsung Galaxy Note 3<\/li><li>Huawei P30<\/li><li>Huawei Mate 20 lite<\/li><li>Huawei p9 lite<\/li><li>Huawei P8 lite (v. 2017)<\/li><li>Huawei P7 Ascend<\/li><li>Xiaomi Mi A9<\/li><li>Xiaomi Mi A3<\/li><li>Xiaomi Mi A2<\/li><li>Oppo A5<\/li><li>HTC One<\/li><li>Nexus 5<\/li><li>OnePlus One<\/li><\/ul><\/div><\/div><div><h3 class=\"fc-emph2\">Not Compatible Android devices<\/h3><div><ul><li>Sony Xperia series Z, M<\/li><li>Samsung S3 neo, S3, S3 mini<\/li><li>Samsung Galaxy J3<br \/><br \/><\/li><\/ul><\/div><\/div><\/div><div><h2 class=\"fc-emph2\">Dispositivos no compatibles<\/h2><p>\u00a0<\/p><div>Los dispositivos de <strong><span class=\"fc-emph2\">Windows<\/span> <\/strong>no son compatibles<\/div><div>Los dispositivos <strong><span class=\"fc-emph2\">Blackberry<\/span> <\/strong>no son compatibles<\/div><div>Los dispositivos de <strong><span class=\"fc-emph2\">Huawei<\/span> <\/strong>sin servicios de Google no son compatibles<br \/><br \/><\/div><\/div><div><h2 class=\"fc-emph2\">No disponible en la AppGallery de Huawei<\/h2><\/div><\/div><\/div><\/div>\t\t\t\t\t\t\t\t<\/div>\n\t\t\t\t<\/div>\n\t\t\t\t\t<\/div>\n\t\t<\/div>\n\t\t\t\t\t<\/div>\n\t\t<\/section>\n\t\t\t\t<\/div>\n\t\t","protected":false},"excerpt":{"rendered":"<p>Compatibilidad de dispositivos Requisitos de compatibilidad Filo es compatible con dispositivos entre los que se incluyen: iOS (versi\u00f3n 11 o posterior) y Android (versi\u00f3n 4.4 o posterior) Bluetooth de bajo consumo (LE) 4.0 o posterior. Si tu dispositivo es compatible con las funciones anteriores, existe una alta probabilidad de que funcione con Filo. La lista&hellip; <a class=\"more-link\" href=\"https:\/\/filotrack.com\/es\/devices\/\">Seguir leyendo <span class=\"screen-reader-text\">Devices<\/span><\/a><\/p>\n","protected":false},"author":10,"featured_media":0,"parent":0,"menu_order":0,"comment_status":"closed","ping_status":"closed","template":"elementor_header_footer","meta":{"inline_featured_image":false,"footnotes":""},"class_list":["post-5541","page","type-page","status-publish","hentry","entry"],"_links":{"self":[{"href":"https:\/\/filotrack.com\/es\/wp-json\/wp\/v2\/pages\/5541","targetHints":{"allow":["GET"]}}],"collection":[{"href":"https:\/\/filotrack.com\/es\/wp-json\/wp\/v2\/pages"}],"about":[{"href":"https:\/\/filotrack.com\/es\/wp-json\/wp\/v2\/types\/page"}],"author":[{"embeddable":true,"href":"https:\/\/filotrack.com\/es\/wp-json\/wp\/v2\/users\/10"}],"replies":[{"embeddable":true,"href":"https:\/\/filotrack.com\/es\/wp-json\/wp\/v2\/comments?post=5541"}],"version-history":[{"count":4,"href":"https:\/\/filotrack.com\/es\/wp-json\/wp\/v2\/pages\/5541\/revisions"}],"predecessor-version":[{"id":5545,"href":"https:\/\/filotrack.com\/es\/wp-json\/wp\/v2\/pages\/5541\/revisions\/5545"}],"wp:attachment":[{"href":"https:\/\/filotrack.com\/es\/wp-json\/wp\/v2\/media?parent=5541"}],"curies":[{"name":"wp","href":"https:\/\/api.w.org\/{rel}","templated":true}]}}