{"id":2284,"date":"2022-03-24T18:20:10","date_gmt":"2022-03-24T18:20:10","guid":{"rendered":"https:\/\/34.241.33.110\/press\/"},"modified":"2024-10-07T13:23:38","modified_gmt":"2024-10-07T13:23:38","slug":"press","status":"publish","type":"page","link":"https:\/\/filotrack.com\/es\/press\/","title":{"rendered":"Press"},"content":{"rendered":"\t\t<div data-elementor-type=\"wp-page\" data-elementor-id=\"2284\" class=\"elementor elementor-2284 elementor-501\" data-elementor-post-type=\"page\">\n\t\t\t\t\t\t<section class=\"elementor-section elementor-top-section elementor-element elementor-element-61b0c223 elementor-section-full_width elementor-hidden-mobile elementor-section-height-default elementor-section-height-default\" data-id=\"61b0c223\" data-element_type=\"section\" data-e-type=\"section\">\n\t\t\t\t\t\t<div class=\"elementor-container elementor-column-gap-no\">\n\t\t\t\t\t<div class=\"elementor-column elementor-col-50 elementor-top-column elementor-element elementor-element-f1c29f5\" data-id=\"f1c29f5\" data-element_type=\"column\" data-e-type=\"column\">\n\t\t\t<div class=\"elementor-widget-wrap elementor-element-populated\">\n\t\t\t\t\t\t<div class=\"elementor-element elementor-element-50e74e86 elementor-widget elementor-widget-image\" data-id=\"50e74e86\" data-element_type=\"widget\" data-e-type=\"widget\" data-widget_type=\"image.default\">\n\t\t\t\t<div class=\"elementor-widget-container\">\n\t\t\t\t\t\t\t\t\t\t\t\t\t\t\t<img decoding=\"async\" src=\"https:\/\/filotrack.com\/wp-content\/uploads\/elementor\/thumbs\/HomePage_Img_1_EN-q9og3b0s6ash161h9sjwc4vairs7phxr1ex66q4gsg.webp\" title=\"HomePage_Img_1_EN\" alt=\"HomePage_Img_1_EN\" loading=\"lazy\" \/>\t\t\t\t\t\t\t\t\t\t\t\t\t\t\t<\/div>\n\t\t\t\t<\/div>\n\t\t\t\t\t<\/div>\n\t\t<\/div>\n\t\t\t\t<div class=\"elementor-column elementor-col-50 elementor-top-column elementor-element elementor-element-7cdf4dd0\" data-id=\"7cdf4dd0\" data-element_type=\"column\" data-e-type=\"column\">\n\t\t\t<div class=\"elementor-widget-wrap elementor-element-populated\">\n\t\t\t\t\t\t<div class=\"elementor-element elementor-element-19c5e8c1 elementor-widget elementor-widget-heading\" data-id=\"19c5e8c1\" data-element_type=\"widget\" data-e-type=\"widget\" data-widget_type=\"heading.default\">\n\t\t\t\t<div class=\"elementor-widget-container\">\n\t\t\t\t\t<h1 class=\"elementor-heading-title elementor-size-default\">Dosier de prensa <\/h1>\t\t\t\t<\/div>\n\t\t\t\t<\/div>\n\t\t\t\t<div class=\"elementor-element elementor-element-142ef1e9 elementor-widget elementor-widget-text-editor\" data-id=\"142ef1e9\" data-element_type=\"widget\" data-e-type=\"widget\" data-widget_type=\"text-editor.default\">\n\t\t\t\t<div class=\"elementor-widget-container\">\n\t\t\t\t\t\t\t\t\t<p>Filo no es solo un peque\u00f1o dispositivo; es una forma muy inteligente de encontrar tus pertenencias. Solo tienes que colocar este genial rastreador de Bluetooth en sus objetos de valor y podr\u00e1s localizarlos con nuestra aplicaci\u00f3n Filo de f\u00e1cil uso. Tambi\u00e9n puedes utilizar el Filo para encontrar tu tel\u00e9fono. Si te descargas nuestro dosier de prensa, encontrar\u00e1s mucha m\u00e1s informaci\u00f3n, por ejemplo una presentaci\u00f3n sobre el producto, im\u00e1genes y logotipos.<\/p>\t\t\t\t\t\t\t\t<\/div>\n\t\t\t\t<\/div>\n\t\t\t\t<div class=\"elementor-element elementor-element-62ebe5c7 elementor-widget elementor-widget-button\" data-id=\"62ebe5c7\" data-element_type=\"widget\" data-e-type=\"widget\" data-widget_type=\"button.default\">\n\t\t\t\t<div class=\"elementor-widget-container\">\n\t\t\t\t\t\t\t\t\t<div class=\"elementor-button-wrapper\">\n\t\t\t\t\t<a class=\"elementor-button elementor-button-link elementor-size-sm\" href=\"https:\/\/drive.google.com\/drive\/folders\/1AcDtU-wjp3jI6hpfniY1E-XQTu8gX1Y0?usp=sharing\" target=\"_blank\" rel=\"noopener\">\n\t\t\t\t\t\t<span class=\"elementor-button-content-wrapper\">\n\t\t\t\t\t\t\t\t\t<span class=\"elementor-button-text\">CONSIGUE EL DOSIER DE PRENSA<\/span>\n\t\t\t\t\t<\/span>\n\t\t\t\t\t<\/a>\n\t\t\t\t<\/div>\n\t\t\t\t\t\t\t\t<\/div>\n\t\t\t\t<\/div>\n\t\t\t\t\t<\/div>\n\t\t<\/div>\n\t\t\t\t\t<\/div>\n\t\t<\/section>\n\t\t\t\t<section class=\"elementor-section elementor-top-section elementor-element elementor-element-564331cf elementor-section-full_width elementor-hidden-desktop elementor-hidden-tablet elementor-section-height-default elementor-section-height-default\" data-id=\"564331cf\" data-element_type=\"section\" data-e-type=\"section\">\n\t\t\t\t\t\t<div class=\"elementor-container elementor-column-gap-no\">\n\t\t\t\t\t<div class=\"elementor-column elementor-col-50 elementor-top-column elementor-element elementor-element-6d27873b\" data-id=\"6d27873b\" data-element_type=\"column\" data-e-type=\"column\">\n\t\t\t<div class=\"elementor-widget-wrap elementor-element-populated\">\n\t\t\t\t\t\t<div class=\"elementor-element elementor-element-3734951a elementor-widget elementor-widget-heading\" data-id=\"3734951a\" data-element_type=\"widget\" data-e-type=\"widget\" data-widget_type=\"heading.default\">\n\t\t\t\t<div class=\"elementor-widget-container\">\n\t\t\t\t\t<h2 class=\"elementor-heading-title elementor-size-default\">Dosier de prensa <\/h2>\t\t\t\t<\/div>\n\t\t\t\t<\/div>\n\t\t\t\t<div class=\"elementor-element elementor-element-23403385 elementor-widget elementor-widget-text-editor\" data-id=\"23403385\" data-element_type=\"widget\" data-e-type=\"widget\" data-widget_type=\"text-editor.default\">\n\t\t\t\t<div class=\"elementor-widget-container\">\n\t\t\t\t\t\t\t\t\t<p>Filo no es solo un peque\u00f1o dispositivo; es una forma muy inteligente de encontrar tus pertenencias. Solo tienes que colocar este genial rastreador de Bluetooth en sus objetos de valor y podr\u00e1s localizarlos con nuestra aplicaci\u00f3n Filo de f\u00e1cil uso. Tambi\u00e9n puedes utilizar el Filo para encontrar tu tel\u00e9fono. Si te descargas nuestro dosier de prensa, encontrar\u00e1s mucha m\u00e1s informaci\u00f3n, por ejemplo una presentaci\u00f3n sobre el producto, im\u00e1genes y logotipos.<\/p>\t\t\t\t\t\t\t\t<\/div>\n\t\t\t\t<\/div>\n\t\t\t\t<div class=\"elementor-element elementor-element-2833e0b7 elementor-mobile-align-center elementor-widget elementor-widget-button\" data-id=\"2833e0b7\" data-element_type=\"widget\" data-e-type=\"widget\" data-widget_type=\"button.default\">\n\t\t\t\t<div class=\"elementor-widget-container\">\n\t\t\t\t\t\t\t\t\t<div class=\"elementor-button-wrapper\">\n\t\t\t\t\t<a class=\"elementor-button elementor-button-link elementor-size-sm\" href=\"https:\/\/drive.google.com\/drive\/folders\/1AcDtU-wjp3jI6hpfniY1E-XQTu8gX1Y0?usp=sharing\" target=\"_blank\" rel=\"noopener\">\n\t\t\t\t\t\t<span class=\"elementor-button-content-wrapper\">\n\t\t\t\t\t\t\t\t\t<span class=\"elementor-button-text\">CONSIGUE EL DOSIER DE PRENSA<\/span>\n\t\t\t\t\t<\/span>\n\t\t\t\t\t<\/a>\n\t\t\t\t<\/div>\n\t\t\t\t\t\t\t\t<\/div>\n\t\t\t\t<\/div>\n\t\t\t\t\t<\/div>\n\t\t<\/div>\n\t\t\t\t<div class=\"elementor-column elementor-col-50 elementor-top-column elementor-element elementor-element-3fffc0d6\" data-id=\"3fffc0d6\" data-element_type=\"column\" data-e-type=\"column\">\n\t\t\t<div class=\"elementor-widget-wrap elementor-element-populated\">\n\t\t\t\t\t\t<div class=\"elementor-element elementor-element-1e75f6e1 elementor-widget elementor-widget-image\" data-id=\"1e75f6e1\" data-element_type=\"widget\" data-e-type=\"widget\" data-widget_type=\"image.default\">\n\t\t\t\t<div class=\"elementor-widget-container\">\n\t\t\t\t\t\t\t\t\t\t\t\t\t\t\t<img fetchpriority=\"high\" decoding=\"async\" width=\"636\" height=\"1024\" src=\"https:\/\/filotrack.com\/wp-content\/uploads\/HomePage_Img_1_EN-636x1024.webp\" class=\"attachment-large size-large wp-image-9384\" alt=\"\" srcset=\"https:\/\/filotrack.com\/wp-content\/uploads\/HomePage_Img_1_EN-636x1024.webp 636w, https:\/\/filotrack.com\/wp-content\/uploads\/HomePage_Img_1_EN-600x966.webp 600w, https:\/\/filotrack.com\/wp-content\/uploads\/HomePage_Img_1_EN-186x300.webp 186w, https:\/\/filotrack.com\/wp-content\/uploads\/HomePage_Img_1_EN.webp 679w\" sizes=\"(max-width: 636px) 100vw, 636px\" style=\"width:100%;height:160.97%;max-width:679px\" \/>\t\t\t\t\t\t\t\t\t\t\t\t\t\t\t<\/div>\n\t\t\t\t<\/div>\n\t\t\t\t\t<\/div>\n\t\t<\/div>\n\t\t\t\t\t<\/div>\n\t\t<\/section>\n\t\t\t\t<section class=\"elementor-section elementor-top-section elementor-element elementor-element-7aa6b5ab elementor-section-full_width elementor-hidden-mobile elementor-section-height-default elementor-section-height-default\" data-id=\"7aa6b5ab\" data-element_type=\"section\" data-e-type=\"section\">\n\t\t\t\t\t\t<div class=\"elementor-container elementor-column-gap-no\">\n\t\t\t\t\t<div class=\"elementor-column elementor-col-50 elementor-top-column elementor-element elementor-element-7a0de76c\" data-id=\"7a0de76c\" data-element_type=\"column\" data-e-type=\"column\">\n\t\t\t<div class=\"elementor-widget-wrap elementor-element-populated\">\n\t\t\t\t\t\t<div class=\"elementor-element elementor-element-502e1a2e elementor-widget elementor-widget-heading\" data-id=\"502e1a2e\" data-element_type=\"widget\" data-e-type=\"widget\" data-widget_type=\"heading.default\">\n\t\t\t\t<div class=\"elementor-widget-container\">\n\t\t\t\t\t<h2 class=\"elementor-heading-title elementor-size-default\">Dosier y consultas de prensa <\/h2>\t\t\t\t<\/div>\n\t\t\t\t<\/div>\n\t\t\t\t<div class=\"elementor-element elementor-element-468d2e3c elementor-widget elementor-widget-text-editor\" data-id=\"468d2e3c\" data-element_type=\"widget\" data-e-type=\"widget\" data-widget_type=\"text-editor.default\">\n\t\t\t\t<div class=\"elementor-widget-container\">\n\t\t\t\t\t\t\t\t\tSi deseas publicar una historia, un art\u00edculo o una entrada de blog sobre Filo, ponte en contacto con nosotros desde <a style=\"color: #ff3545;\" title=\"Ponte en contacto con nosotros\" href=\"\/es\/contact-us\"><strong>aqu\u00ed<\/strong><\/a> y te proporcionaremos toda la informaci\u00f3n que puedas necesitar.\t\t\t\t\t\t\t\t<\/div>\n\t\t\t\t<\/div>\n\t\t\t\t\t<\/div>\n\t\t<\/div>\n\t\t\t\t<div class=\"elementor-column elementor-col-50 elementor-top-column elementor-element elementor-element-57ca5b51\" data-id=\"57ca5b51\" data-element_type=\"column\" data-e-type=\"column\" data-settings=\"{&quot;background_background&quot;:&quot;classic&quot;}\">\n\t\t\t<div class=\"elementor-widget-wrap elementor-element-populated\">\n\t\t\t\t\t\t<div class=\"elementor-element elementor-element-3defd5c0 elementor-widget elementor-widget-image\" data-id=\"3defd5c0\" data-element_type=\"widget\" data-e-type=\"widget\" data-widget_type=\"image.default\">\n\t\t\t\t<div class=\"elementor-widget-container\">\n\t\t\t\t\t\t\t\t\t\t\t\t\t\t\t<img decoding=\"async\" width=\"750\" height=\"462\" src=\"https:\/\/filotrack.com\/wp-content\/uploads\/Press_Img_2-1024x631.jpg\" class=\"attachment-large size-large wp-image-3751\" alt=\"\" srcset=\"https:\/\/filotrack.com\/wp-content\/uploads\/Press_Img_2-1024x631.jpg 1024w, https:\/\/filotrack.com\/wp-content\/uploads\/Press_Img_2-600x370.jpg 600w, https:\/\/filotrack.com\/wp-content\/uploads\/Press_Img_2-300x185.jpg 300w, https:\/\/filotrack.com\/wp-content\/uploads\/Press_Img_2-768x474.jpg 768w, https:\/\/filotrack.com\/wp-content\/uploads\/Press_Img_2.jpg 1440w\" sizes=\"(max-width: 750px) 100vw, 750px\" style=\"width:100%;height:61.67%;max-width:1440px\" \/>\t\t\t\t\t\t\t\t\t\t\t\t\t\t\t<\/div>\n\t\t\t\t<\/div>\n\t\t\t\t\t<\/div>\n\t\t<\/div>\n\t\t\t\t\t<\/div>\n\t\t<\/section>\n\t\t\t\t<section class=\"elementor-section elementor-top-section elementor-element elementor-element-48e0c1b1 elementor-section-full_width elementor-hidden-desktop elementor-hidden-tablet elementor-section-height-default elementor-section-height-default\" data-id=\"48e0c1b1\" data-element_type=\"section\" data-e-type=\"section\">\n\t\t\t\t\t\t<div class=\"elementor-container elementor-column-gap-no\">\n\t\t\t\t\t<div class=\"elementor-column elementor-col-50 elementor-top-column elementor-element elementor-element-1147646b\" data-id=\"1147646b\" data-element_type=\"column\" data-e-type=\"column\">\n\t\t\t<div class=\"elementor-widget-wrap elementor-element-populated\">\n\t\t\t\t\t\t<div class=\"elementor-element elementor-element-191b55f3 elementor-widget elementor-widget-heading\" data-id=\"191b55f3\" data-element_type=\"widget\" data-e-type=\"widget\" data-widget_type=\"heading.default\">\n\t\t\t\t<div class=\"elementor-widget-container\">\n\t\t\t\t\t<h2 class=\"elementor-heading-title elementor-size-default\">Dosier y consultas de prensa <\/h2>\t\t\t\t<\/div>\n\t\t\t\t<\/div>\n\t\t\t\t<div class=\"elementor-element elementor-element-5ffbd40c elementor-widget elementor-widget-text-editor\" data-id=\"5ffbd40c\" data-element_type=\"widget\" data-e-type=\"widget\" data-widget_type=\"text-editor.default\">\n\t\t\t\t<div class=\"elementor-widget-container\">\n\t\t\t\t\t\t\t\t\tSi deseas publicar una historia, un art\u00edculo o una entrada de blog sobre Filo, ponte en contacto con nosotros desde <a style=\"color: #ff3545;\" title=\"Ponte en contacto con nosotros\" href=\"\/es\/contact-us\"><strong>aqu\u00ed<\/strong><\/a> y te proporcionaremos toda la informaci\u00f3n que puedas necesitar.\t\t\t\t\t\t\t\t<\/div>\n\t\t\t\t<\/div>\n\t\t\t\t\t<\/div>\n\t\t<\/div>\n\t\t\t\t<div class=\"elementor-column elementor-col-50 elementor-top-column elementor-element elementor-element-6eabac4d\" data-id=\"6eabac4d\" data-element_type=\"column\" data-e-type=\"column\" data-settings=\"{&quot;background_background&quot;:&quot;classic&quot;}\">\n\t\t\t<div class=\"elementor-widget-wrap elementor-element-populated\">\n\t\t\t\t\t\t<div class=\"elementor-element elementor-element-120e26ba elementor-widget elementor-widget-image\" data-id=\"120e26ba\" data-element_type=\"widget\" data-e-type=\"widget\" data-widget_type=\"image.default\">\n\t\t\t\t<div class=\"elementor-widget-container\">\n\t\t\t\t\t\t\t\t\t\t\t\t\t\t\t<img decoding=\"async\" width=\"750\" height=\"462\" src=\"https:\/\/filotrack.com\/wp-content\/uploads\/Press_Img_2-1024x631.jpg\" class=\"attachment-large size-large wp-image-3751\" alt=\"\" srcset=\"https:\/\/filotrack.com\/wp-content\/uploads\/Press_Img_2-1024x631.jpg 1024w, https:\/\/filotrack.com\/wp-content\/uploads\/Press_Img_2-600x370.jpg 600w, https:\/\/filotrack.com\/wp-content\/uploads\/Press_Img_2-300x185.jpg 300w, https:\/\/filotrack.com\/wp-content\/uploads\/Press_Img_2-768x474.jpg 768w, https:\/\/filotrack.com\/wp-content\/uploads\/Press_Img_2.jpg 1440w\" sizes=\"(max-width: 750px) 100vw, 750px\" style=\"width:100%;height:61.67%;max-width:1440px\" \/>\t\t\t\t\t\t\t\t\t\t\t\t\t\t\t<\/div>\n\t\t\t\t<\/div>\n\t\t\t\t\t<\/div>\n\t\t<\/div>\n\t\t\t\t\t<\/div>\n\t\t<\/section>\n\t\t\t\t<section class=\"elementor-section elementor-top-section elementor-element elementor-element-344a236 elementor-section-full_width elementor-section-height-default elementor-section-height-default\" data-id=\"344a236\" data-element_type=\"section\" data-e-type=\"section\">\n\t\t\t\t\t\t<div class=\"elementor-container elementor-column-gap-no\">\n\t\t\t\t\t<div class=\"elementor-column elementor-col-100 elementor-top-column elementor-element elementor-element-48583d73\" data-id=\"48583d73\" data-element_type=\"column\" data-e-type=\"column\">\n\t\t\t<div class=\"elementor-widget-wrap elementor-element-populated\">\n\t\t\t\t\t\t<div class=\"elementor-element elementor-element-3c787e80 elementor-widget elementor-widget-heading\" data-id=\"3c787e80\" data-element_type=\"widget\" data-e-type=\"widget\" data-widget_type=\"heading.default\">\n\t\t\t\t<div class=\"elementor-widget-container\">\n\t\t\t\t\t<h2 class=\"elementor-heading-title elementor-size-default\">Destacado en <\/h2>\t\t\t\t<\/div>\n\t\t\t\t<\/div>\n\t\t\t\t<div class=\"elementor-element elementor-element-ed9bacd elementor-widget elementor-widget-html\" data-id=\"ed9bacd\" data-element_type=\"widget\" data-e-type=\"widget\" data-widget_type=\"html.default\">\n\t\t\t\t<div class=\"elementor-widget-container\">\n\t\t\t\t\t<div class=\"press-slider\">\n        <div class=\"slides-container press-page\">\n            <div class=\"slide-img\">\n                <img decoding=\"async\" src=\"https:\/\/filotrack.com\/wp-content\/uploads\/Press_StartupItalia.png\" alt=\"\">\n            <\/div>\n            <div class=\"slide-img\">\n                <img decoding=\"async\" src=\"https:\/\/filotrack.com\/wp-content\/uploads\/Press_Repubblica.png\" alt=\"\">\n            <\/div>\n            <div class=\"slide-img\">\n                <img decoding=\"async\" src=\"https:\/\/filotrack.com\/wp-content\/uploads\/Press_TG5-1.png\" alt=\"\">\n            <\/div>\n            <div class=\"slide-img\">\n                <img decoding=\"async\" src=\"https:\/\/filotrack.com\/wp-content\/uploads\/Press_TG1.png\" alt=\"\">\n            <\/div>\n            <div class=\"slide-img\">\n                <img decoding=\"async\" src=\"https:\/\/filotrack.com\/wp-content\/uploads\/Press_24_Sole.png\" alt=\"\">\n            <\/div>\n            <div class=\"slide-img\">\n                <img decoding=\"async\" src=\"https:\/\/filotrack.com\/wp-content\/uploads\/Press_StartupItalia.png\" alt=\"\">\n            <\/div>\n            <div class=\"slide-img\">\n                <img decoding=\"async\" src=\"https:\/\/filotrack.com\/wp-content\/uploads\/Press_Repubblica.png\" alt=\"\">\n            <\/div>\n        <\/div>\n        <div class=\"navigator\">\n            <ion-icon name=\"ellipse\" class=\"active\"><\/ion-icon>\n            <ion-icon name=\"ellipse-outline\"><\/ion-icon>\n            <ion-icon name=\"ellipse-outline\"><\/ion-icon>\n            <ion-icon name=\"ellipse-outline\"><\/ion-icon>\n            <ion-icon name=\"ellipse-outline\"><\/ion-icon>\n        <\/div>\n        <ion-icon name=\"chevron-back-outline\"><\/ion-icon>\n        <ion-icon name=\"chevron-forward-outline\"><\/ion-icon>\n    <\/div>\n    <script type=\"module\" src=\"https:\/\/unpkg.com\/ionicons@5.5.2\/dist\/ionicons\/ionicons.esm.js\"><\/script>\n    <script nomodule src=\"https:\/\/unpkg.com\/ionicons@5.5.2\/dist\/ionicons\/ionicons.js\"><\/script>\n    \t\t\t\t<\/div>\n\t\t\t\t<\/div>\n\t\t\t\t\t<\/div>\n\t\t<\/div>\n\t\t\t\t\t<\/div>\n\t\t<\/section>\n\t\t\t\t<\/div>\n\t\t","protected":false},"excerpt":{"rendered":"<p>Dosier de prensa Filo no es solo un peque\u00f1o dispositivo; es una forma muy inteligente de encontrar tus pertenencias. Solo tienes que colocar este genial rastreador de Bluetooth en sus objetos de valor y podr\u00e1s localizarlos con nuestra aplicaci\u00f3n Filo de f\u00e1cil uso. Tambi\u00e9n puedes utilizar el Filo para encontrar tu tel\u00e9fono. Si te descargas&hellip; <a class=\"more-link\" href=\"https:\/\/filotrack.com\/es\/press\/\">Seguir leyendo <span class=\"screen-reader-text\">Press<\/span><\/a><\/p>\n","protected":false},"author":10,"featured_media":0,"parent":0,"menu_order":0,"comment_status":"closed","ping_status":"closed","template":"elementor_header_footer","meta":{"inline_featured_image":false,"footnotes":""},"class_list":["post-2284","page","type-page","status-publish","hentry","entry"],"_links":{"self":[{"href":"https:\/\/filotrack.com\/es\/wp-json\/wp\/v2\/pages\/2284","targetHints":{"allow":["GET"]}}],"collection":[{"href":"https:\/\/filotrack.com\/es\/wp-json\/wp\/v2\/pages"}],"about":[{"href":"https:\/\/filotrack.com\/es\/wp-json\/wp\/v2\/types\/page"}],"author":[{"embeddable":true,"href":"https:\/\/filotrack.com\/es\/wp-json\/wp\/v2\/users\/10"}],"replies":[{"embeddable":true,"href":"https:\/\/filotrack.com\/es\/wp-json\/wp\/v2\/comments?post=2284"}],"version-history":[{"count":24,"href":"https:\/\/filotrack.com\/es\/wp-json\/wp\/v2\/pages\/2284\/revisions"}],"predecessor-version":[{"id":11858,"href":"https:\/\/filotrack.com\/es\/wp-json\/wp\/v2\/pages\/2284\/revisions\/11858"}],"wp:attachment":[{"href":"https:\/\/filotrack.com\/es\/wp-json\/wp\/v2\/media?parent=2284"}],"curies":[{"name":"wp","href":"https:\/\/api.w.org\/{rel}","templated":true}]}}