{"id":2256,"date":"2022-03-24T18:20:33","date_gmt":"2022-03-24T18:20:33","guid":{"rendered":"https:\/\/34.241.33.110\/filo-career\/"},"modified":"2025-03-20T08:22:48","modified_gmt":"2025-03-20T08:22:48","slug":"filo-career","status":"publish","type":"page","link":"https:\/\/filotrack.com\/es\/filo-career\/","title":{"rendered":"Career"},"content":{"rendered":"\t\t<div data-elementor-type=\"wp-page\" data-elementor-id=\"2256\" class=\"elementor elementor-2256 elementor-503\" data-elementor-post-type=\"page\">\n\t\t\t\t\t\t<section class=\"elementor-section elementor-top-section elementor-element elementor-element-11e6fe4 elementor-section-full_width elementor-hidden-mobile elementor-section-height-default elementor-section-height-default\" data-id=\"11e6fe4\" data-element_type=\"section\" data-e-type=\"section\" data-settings=\"{&quot;background_background&quot;:&quot;classic&quot;}\">\n\t\t\t\t\t\t\t<div class=\"elementor-background-overlay\"><\/div>\n\t\t\t\t\t\t\t<div class=\"elementor-container elementor-column-gap-no\">\n\t\t\t\t\t<div class=\"elementor-column elementor-col-100 elementor-top-column elementor-element elementor-element-fc1f929\" data-id=\"fc1f929\" data-element_type=\"column\" data-e-type=\"column\">\n\t\t\t<div class=\"elementor-widget-wrap elementor-element-populated\">\n\t\t\t\t\t\t<div class=\"elementor-element elementor-element-990188e elementor-widget elementor-widget-heading\" data-id=\"990188e\" data-element_type=\"widget\" data-e-type=\"widget\" data-widget_type=\"heading.default\">\n\t\t\t\t<div class=\"elementor-widget-container\">\n\t\t\t\t\t<h2 class=\"elementor-heading-title elementor-size-default\">Trabajar en Filo. Te encantar\u00e1.<\/h2>\t\t\t\t<\/div>\n\t\t\t\t<\/div>\n\t\t\t\t<div class=\"elementor-element elementor-element-9a9b0bf elementor-widget elementor-widget-text-editor\" data-id=\"9a9b0bf\" data-element_type=\"widget\" data-e-type=\"widget\" data-widget_type=\"text-editor.default\">\n\t\t\t\t<div class=\"elementor-widget-container\">\n\t\t\t\t\t\t\t\t\t<p>Somos un equipo de personas apasionadas que aman lo que hacen cada d\u00eda.<\/p><p>Nuestra sede est\u00e1 en Roma, rodeada de la vegetaci\u00f3n del distrito EUR.<\/p><p>Estamos en b\u00fasqueda constante de talentos que puedan aportar valor a nuestro equipo.<\/p>\t\t\t\t\t\t\t\t<\/div>\n\t\t\t\t<\/div>\n\t\t\t\t\t<\/div>\n\t\t<\/div>\n\t\t\t\t\t<\/div>\n\t\t<\/section>\n\t\t\t\t<section class=\"elementor-section elementor-top-section elementor-element elementor-element-46d2d2a elementor-section-full_width elementor-hidden-desktop elementor-hidden-tablet elementor-hidden-tablet_extra elementor-section-height-default elementor-section-height-default\" data-id=\"46d2d2a\" data-element_type=\"section\" data-e-type=\"section\" data-settings=\"{&quot;background_background&quot;:&quot;classic&quot;}\">\n\t\t\t\t\t\t\t<div class=\"elementor-background-overlay\"><\/div>\n\t\t\t\t\t\t\t<div class=\"elementor-container elementor-column-gap-no\">\n\t\t\t\t\t<div class=\"elementor-column elementor-col-100 elementor-top-column elementor-element elementor-element-d2b8cc3\" data-id=\"d2b8cc3\" data-element_type=\"column\" data-e-type=\"column\">\n\t\t\t<div class=\"elementor-widget-wrap elementor-element-populated\">\n\t\t\t\t\t\t<div class=\"elementor-element elementor-element-ce5680b elementor-widget elementor-widget-heading\" data-id=\"ce5680b\" data-element_type=\"widget\" data-e-type=\"widget\" data-widget_type=\"heading.default\">\n\t\t\t\t<div class=\"elementor-widget-container\">\n\t\t\t\t\t<h2 class=\"elementor-heading-title elementor-size-default\">Trabajar en Filo. Te encantar\u00e1.<\/h2>\t\t\t\t<\/div>\n\t\t\t\t<\/div>\n\t\t\t\t<div class=\"elementor-element elementor-element-1d85a00 elementor-widget elementor-widget-text-editor\" data-id=\"1d85a00\" data-element_type=\"widget\" data-e-type=\"widget\" data-widget_type=\"text-editor.default\">\n\t\t\t\t<div class=\"elementor-widget-container\">\n\t\t\t\t\t\t\t\t\t<p>Somos un equipo de personas apasionadas que aman lo que hacen cada d\u00eda.<\/p><p>Nuestra sede est\u00e1 en Roma, rodeada de la vegetaci\u00f3n del distrito EUR.<\/p><p>Estamos en b\u00fasqueda constante de talentos que puedan aportar valor a nuestro equipo.<\/p>\t\t\t\t\t\t\t\t<\/div>\n\t\t\t\t<\/div>\n\t\t\t\t\t<\/div>\n\t\t<\/div>\n\t\t\t\t\t<\/div>\n\t\t<\/section>\n\t\t\t\t<section class=\"elementor-section elementor-top-section elementor-element elementor-element-29dcfa6 elementor-hidden-mobile elementor-section-boxed elementor-section-height-default elementor-section-height-default\" data-id=\"29dcfa6\" data-element_type=\"section\" data-e-type=\"section\">\n\t\t\t\t\t\t<div class=\"elementor-container elementor-column-gap-default\">\n\t\t\t\t\t<div class=\"elementor-column elementor-col-100 elementor-top-column elementor-element elementor-element-15c0f67\" data-id=\"15c0f67\" data-element_type=\"column\" data-e-type=\"column\">\n\t\t\t<div class=\"elementor-widget-wrap elementor-element-populated\">\n\t\t\t\t\t\t<div class=\"elementor-element elementor-element-0266467 elementor-widget elementor-widget-text-editor\" data-id=\"0266467\" data-element_type=\"widget\" data-e-type=\"widget\" data-widget_type=\"text-editor.default\">\n\t\t\t\t<div class=\"elementor-widget-container\">\n\t\t\t\t\t\t\t\t\t<p>Fundada en 2014 como una startup innovadora, Filo S.r.l. se ha consolidado en el mercado italiano como un \u00abatelier tecnol\u00f3gico italiano\u00bb especializado en Bluetooth e IoT para beb\u00e9s y ni\u00f1os. Gracias a una ronda de inversi\u00f3n de 2M\u20ac, a lo largo de los a\u00f1os, Filo ha desarrollado varios productos exitosos, alcanzando una facturaci\u00f3n de 10M\u20ac en 2019. En 2023, la empresa vivi\u00f3 un momento crucial con su adquisici\u00f3n por parte de un grupo internacional del sector tecnol\u00f3gico e IoT.<\/p><p>Hoy en d\u00eda, Filo gestiona \u00edntegramente todas las fases de la creaci\u00f3n de productos IoT de hardware, desde la idea y el dise\u00f1o hasta la validaci\u00f3n y producci\u00f3n.<\/p><p>\u00a0<\/p><p><strong>\u00bfPor qu\u00e9 trabajar en Filo?<\/strong><\/p><p><br \/>Crear productos de calidad \u00abal servicio de alguien\u00bb significa escuchar atentamente sus necesidades y valorar sus sugerencias. Pero, incluso antes de eso, significa construir un entorno de trabajo saludable, donde las personas se sientan realmente valoradas y motivadas para perseguir un objetivo com\u00fan. Hoy, el equipo de Filo cuenta con unas 30 personas y el negocio est\u00e1 creciendo r\u00e1pidamente. \u00a1\u00danete a nosotros!<\/p>\t\t\t\t\t\t\t\t<\/div>\n\t\t\t\t<\/div>\n\t\t\t\t\t<\/div>\n\t\t<\/div>\n\t\t\t\t\t<\/div>\n\t\t<\/section>\n\t\t\t\t<section class=\"elementor-section elementor-top-section elementor-element elementor-element-c9b29aa elementor-hidden-desktop elementor-hidden-tablet_extra elementor-hidden-tablet elementor-section-boxed elementor-section-height-default elementor-section-height-default\" data-id=\"c9b29aa\" data-element_type=\"section\" data-e-type=\"section\">\n\t\t\t\t\t\t<div class=\"elementor-container elementor-column-gap-default\">\n\t\t\t\t\t<div class=\"elementor-column elementor-col-100 elementor-top-column elementor-element elementor-element-5df3dce\" data-id=\"5df3dce\" data-element_type=\"column\" data-e-type=\"column\">\n\t\t\t<div class=\"elementor-widget-wrap elementor-element-populated\">\n\t\t\t\t\t\t<div class=\"elementor-element elementor-element-b1c43e4 elementor-widget elementor-widget-text-editor\" data-id=\"b1c43e4\" data-element_type=\"widget\" data-e-type=\"widget\" data-widget_type=\"text-editor.default\">\n\t\t\t\t<div class=\"elementor-widget-container\">\n\t\t\t\t\t\t\t\t\t<p>Fundada en 2014 como una startup innovadora, Filo S.r.l. se ha consolidado en el mercado italiano como un \u00abatelier tecnol\u00f3gico italiano\u00bb especializado en Bluetooth e IoT para beb\u00e9s y ni\u00f1os. Gracias a una ronda de inversi\u00f3n de 2M\u20ac, a lo largo de los a\u00f1os, Filo ha desarrollado varios productos exitosos, alcanzando una facturaci\u00f3n de 10M\u20ac en 2019. En 2023, la empresa vivi\u00f3 un momento crucial con su adquisici\u00f3n por parte de un grupo internacional del sector tecnol\u00f3gico e IoT.<\/p><p>Hoy en d\u00eda, Filo gestiona \u00edntegramente todas las fases de la creaci\u00f3n de productos IoT de hardware, desde la idea y el dise\u00f1o hasta la validaci\u00f3n y producci\u00f3n.<\/p><p>\u00a0<\/p><p><strong>\u00bfPor qu\u00e9 trabajar en Filo?<\/strong><\/p><p><br \/>Crear productos de calidad \u00abal servicio de alguien\u00bb significa escuchar atentamente sus necesidades y valorar sus sugerencias. Pero, incluso antes de eso, significa construir un entorno de trabajo saludable, donde las personas se sientan realmente valoradas y motivadas para perseguir un objetivo com\u00fan. Hoy, el equipo de Filo cuenta con unas 30 personas y el negocio est\u00e1 creciendo r\u00e1pidamente. \u00a1\u00danete a nosotros!<\/p>\t\t\t\t\t\t\t\t<\/div>\n\t\t\t\t<\/div>\n\t\t\t\t\t<\/div>\n\t\t<\/div>\n\t\t\t\t\t<\/div>\n\t\t<\/section>\n\t\t\t\t<section class=\"elementor-section elementor-top-section elementor-element elementor-element-8353a53 elementor-section-boxed elementor-section-height-default elementor-section-height-default\" data-id=\"8353a53\" data-element_type=\"section\" data-e-type=\"section\">\n\t\t\t\t\t\t<div class=\"elementor-container elementor-column-gap-default\">\n\t\t\t\t\t<div class=\"elementor-column elementor-col-100 elementor-top-column elementor-element elementor-element-8474595\" data-id=\"8474595\" data-element_type=\"column\" data-e-type=\"column\">\n\t\t\t<div class=\"elementor-widget-wrap elementor-element-populated\">\n\t\t\t\t\t\t<div class=\"elementor-element elementor-element-62657cc elementor-widget elementor-widget-text-editor\" data-id=\"62657cc\" data-element_type=\"widget\" data-e-type=\"widget\" data-widget_type=\"text-editor.default\">\n\t\t\t\t<div class=\"elementor-widget-container\">\n\t\t\t\t\t\t\t\t\t<p>En Filo encontrar\u00e1s<\/p>\t\t\t\t\t\t\t\t<\/div>\n\t\t\t\t<\/div>\n\t\t\t\t\t<\/div>\n\t\t<\/div>\n\t\t\t\t\t<\/div>\n\t\t<\/section>\n\t\t\t\t<section class=\"elementor-section elementor-top-section elementor-element elementor-element-b282e63 elementor-section-boxed elementor-section-height-default elementor-section-height-default\" data-id=\"b282e63\" data-element_type=\"section\" data-e-type=\"section\">\n\t\t\t\t\t\t<div class=\"elementor-container elementor-column-gap-wide\">\n\t\t\t\t\t<div class=\"elementor-column elementor-col-25 elementor-top-column elementor-element elementor-element-ce09156\" data-id=\"ce09156\" data-element_type=\"column\" data-e-type=\"column\">\n\t\t\t<div class=\"elementor-widget-wrap elementor-element-populated\">\n\t\t\t\t\t\t<div class=\"elementor-element elementor-element-8ee5e5e elementor-widget elementor-widget-image\" data-id=\"8ee5e5e\" data-element_type=\"widget\" data-e-type=\"widget\" data-widget_type=\"image.default\">\n\t\t\t\t<div class=\"elementor-widget-container\">\n\t\t\t\t\t\t\t\t\t\t\t\t\t\t\t<img fetchpriority=\"high\" decoding=\"async\" width=\"750\" height=\"533\" src=\"https:\/\/filotrack.com\/wp-content\/uploads\/AboutUs_Work_life_balance-1.webp\" class=\"attachment-large size-large wp-image-12470\" alt=\"\" srcset=\"https:\/\/filotrack.com\/wp-content\/uploads\/AboutUs_Work_life_balance-1.webp 810w, https:\/\/filotrack.com\/wp-content\/uploads\/AboutUs_Work_life_balance-1-300x213.webp 300w, https:\/\/filotrack.com\/wp-content\/uploads\/AboutUs_Work_life_balance-1-768x546.webp 768w, https:\/\/filotrack.com\/wp-content\/uploads\/AboutUs_Work_life_balance-1-600x427.webp 600w\" sizes=\"(max-width: 750px) 100vw, 750px\" style=\"width:100%;height:71.11%;max-width:810px\" \/>\t\t\t\t\t\t\t\t\t\t\t\t\t\t\t<\/div>\n\t\t\t\t<\/div>\n\t\t\t\t<div class=\"elementor-element elementor-element-205c9cc elementor-widget elementor-widget-text-editor\" data-id=\"205c9cc\" data-element_type=\"widget\" data-e-type=\"widget\" data-widget_type=\"text-editor.default\">\n\t\t\t\t<div class=\"elementor-widget-container\">\n\t\t\t\t\t\t\t\t\t<p>WORK-LIFE BALANCE<\/p>\t\t\t\t\t\t\t\t<\/div>\n\t\t\t\t<\/div>\n\t\t\t\t<div class=\"elementor-element elementor-element-1778457 elementor-widget elementor-widget-text-editor\" data-id=\"1778457\" data-element_type=\"widget\" data-e-type=\"widget\" data-widget_type=\"text-editor.default\">\n\t\t\t\t<div class=\"elementor-widget-container\">\n\t\t\t\t\t\t\t\t\t<p>Filo permite conciliar<br \/>la vida personal y laboral<br \/>apoyando a sus empleados con herramientas adecuadas y horarios flexibles.<\/p>\t\t\t\t\t\t\t\t<\/div>\n\t\t\t\t<\/div>\n\t\t\t\t\t<\/div>\n\t\t<\/div>\n\t\t\t\t<div class=\"elementor-column elementor-col-25 elementor-top-column elementor-element elementor-element-57a764c\" data-id=\"57a764c\" data-element_type=\"column\" data-e-type=\"column\">\n\t\t\t<div class=\"elementor-widget-wrap elementor-element-populated\">\n\t\t\t\t\t\t<div class=\"elementor-element elementor-element-065fd28 elementor-widget elementor-widget-image\" data-id=\"065fd28\" data-element_type=\"widget\" data-e-type=\"widget\" data-widget_type=\"image.default\">\n\t\t\t\t<div class=\"elementor-widget-container\">\n\t\t\t\t\t\t\t\t\t\t\t\t\t\t\t<img decoding=\"async\" width=\"750\" height=\"533\" src=\"https:\/\/filotrack.com\/wp-content\/uploads\/AboutUs_Location_Speciale_2023-1.webp\" class=\"attachment-large size-large wp-image-12475\" alt=\"\" srcset=\"https:\/\/filotrack.com\/wp-content\/uploads\/AboutUs_Location_Speciale_2023-1.webp 810w, https:\/\/filotrack.com\/wp-content\/uploads\/AboutUs_Location_Speciale_2023-1-300x213.webp 300w, https:\/\/filotrack.com\/wp-content\/uploads\/AboutUs_Location_Speciale_2023-1-768x546.webp 768w, https:\/\/filotrack.com\/wp-content\/uploads\/AboutUs_Location_Speciale_2023-1-600x427.webp 600w\" sizes=\"(max-width: 750px) 100vw, 750px\" style=\"width:100%;height:71.11%;max-width:810px\" \/>\t\t\t\t\t\t\t\t\t\t\t\t\t\t\t<\/div>\n\t\t\t\t<\/div>\n\t\t\t\t<div class=\"elementor-element elementor-element-cad4fd3 elementor-widget elementor-widget-text-editor\" data-id=\"cad4fd3\" data-element_type=\"widget\" data-e-type=\"widget\" data-widget_type=\"text-editor.default\">\n\t\t\t\t<div class=\"elementor-widget-container\">\n\t\t\t\t\t\t\t\t\t<p>UNA UBICACI\u00d3N ESPECIAL<\/p>\t\t\t\t\t\t\t\t<\/div>\n\t\t\t\t<\/div>\n\t\t\t\t<div class=\"elementor-element elementor-element-11e855b elementor-widget elementor-widget-text-editor\" data-id=\"11e855b\" data-element_type=\"widget\" data-e-type=\"widget\" data-widget_type=\"text-editor.default\">\n\t\t\t\t<div class=\"elementor-widget-container\">\n\t\t\t\t\t\t\t\t\t<p>Nuestra sede se encuentra<br data-start=\"272\" data-end=\"275\" \/>en Roma, rodeada de la vegetaci\u00f3n del distrito EUR,<br data-start=\"326\" data-end=\"329\" \/>en una villa con un amplio jard\u00edn a pocos pasos de la Bas\u00edlica<br data-start=\"391\" data-end=\"394\" \/>de los Santos Pedro y Pablo.<\/p>\t\t\t\t\t\t\t\t<\/div>\n\t\t\t\t<\/div>\n\t\t\t\t\t<\/div>\n\t\t<\/div>\n\t\t\t\t<div class=\"elementor-column elementor-col-25 elementor-top-column elementor-element elementor-element-239bb5f\" data-id=\"239bb5f\" data-element_type=\"column\" data-e-type=\"column\">\n\t\t\t<div class=\"elementor-widget-wrap elementor-element-populated\">\n\t\t\t\t\t\t<div class=\"elementor-element elementor-element-cadc7df elementor-widget elementor-widget-image\" data-id=\"cadc7df\" data-element_type=\"widget\" data-e-type=\"widget\" data-widget_type=\"image.default\">\n\t\t\t\t<div class=\"elementor-widget-container\">\n\t\t\t\t\t\t\t\t\t\t\t\t\t\t\t<img decoding=\"async\" width=\"750\" height=\"533\" src=\"https:\/\/filotrack.com\/wp-content\/uploads\/AboutUs_Crescita_Professionale-1.webp\" class=\"attachment-large size-large wp-image-12480\" alt=\"\" srcset=\"https:\/\/filotrack.com\/wp-content\/uploads\/AboutUs_Crescita_Professionale-1.webp 810w, https:\/\/filotrack.com\/wp-content\/uploads\/AboutUs_Crescita_Professionale-1-300x213.webp 300w, https:\/\/filotrack.com\/wp-content\/uploads\/AboutUs_Crescita_Professionale-1-768x546.webp 768w, https:\/\/filotrack.com\/wp-content\/uploads\/AboutUs_Crescita_Professionale-1-600x427.webp 600w\" sizes=\"(max-width: 750px) 100vw, 750px\" style=\"width:100%;height:71.11%;max-width:810px\" \/>\t\t\t\t\t\t\t\t\t\t\t\t\t\t\t<\/div>\n\t\t\t\t<\/div>\n\t\t\t\t<div class=\"elementor-element elementor-element-67fb631 elementor-widget elementor-widget-text-editor\" data-id=\"67fb631\" data-element_type=\"widget\" data-e-type=\"widget\" data-widget_type=\"text-editor.default\">\n\t\t\t\t<div class=\"elementor-widget-container\">\n\t\t\t\t\t\t\t\t\t<p>CRECIMIENTO PROFESIONAL<\/p>\t\t\t\t\t\t\t\t<\/div>\n\t\t\t\t<\/div>\n\t\t\t\t<div class=\"elementor-element elementor-element-e3a3269 elementor-widget elementor-widget-text-editor\" data-id=\"e3a3269\" data-element_type=\"widget\" data-e-type=\"widget\" data-widget_type=\"text-editor.default\">\n\t\t\t\t<div class=\"elementor-widget-container\">\n\t\t\t\t\t\t\t\t\t<p>Trabajar en Filo significa formar parte de una realidad din\u00e1mica y en constante evoluci\u00f3n,<br \/>con un compromiso diario en desaf\u00edos estimulantes<br \/>que contribuir\u00e1n exponencialmente a tu crecimiento profesional.<\/p>\t\t\t\t\t\t\t\t<\/div>\n\t\t\t\t<\/div>\n\t\t\t\t\t<\/div>\n\t\t<\/div>\n\t\t\t\t<div class=\"elementor-column elementor-col-25 elementor-top-column elementor-element elementor-element-0f33771\" data-id=\"0f33771\" data-element_type=\"column\" data-e-type=\"column\">\n\t\t\t<div class=\"elementor-widget-wrap elementor-element-populated\">\n\t\t\t\t\t\t<div class=\"elementor-element elementor-element-4141e75 elementor-widget elementor-widget-image\" data-id=\"4141e75\" data-element_type=\"widget\" data-e-type=\"widget\" data-widget_type=\"image.default\">\n\t\t\t\t<div class=\"elementor-widget-container\">\n\t\t\t\t\t\t\t\t\t\t\t\t\t\t\t<img loading=\"lazy\" decoding=\"async\" width=\"750\" height=\"533\" src=\"https:\/\/filotrack.com\/wp-content\/uploads\/AboutUs_Non_Solo_Lavoro_2023-1.webp\" class=\"attachment-large size-large wp-image-12485\" alt=\"\" srcset=\"https:\/\/filotrack.com\/wp-content\/uploads\/AboutUs_Non_Solo_Lavoro_2023-1.webp 810w, https:\/\/filotrack.com\/wp-content\/uploads\/AboutUs_Non_Solo_Lavoro_2023-1-300x213.webp 300w, https:\/\/filotrack.com\/wp-content\/uploads\/AboutUs_Non_Solo_Lavoro_2023-1-768x546.webp 768w, https:\/\/filotrack.com\/wp-content\/uploads\/AboutUs_Non_Solo_Lavoro_2023-1-600x427.webp 600w\" sizes=\"(max-width: 750px) 100vw, 750px\" style=\"width:100%;height:71.11%;max-width:810px\" \/>\t\t\t\t\t\t\t\t\t\t\t\t\t\t\t<\/div>\n\t\t\t\t<\/div>\n\t\t\t\t<div class=\"elementor-element elementor-element-0ad5a28 elementor-widget elementor-widget-text-editor\" data-id=\"0ad5a28\" data-element_type=\"widget\" data-e-type=\"widget\" data-widget_type=\"text-editor.default\">\n\t\t\t\t<div class=\"elementor-widget-container\">\n\t\t\t\t\t\t\t\t\t<p>NO SOLO TRABAJO<\/p>\t\t\t\t\t\t\t\t<\/div>\n\t\t\t\t<\/div>\n\t\t\t\t<div class=\"elementor-element elementor-element-986407a elementor-widget elementor-widget-text-editor\" data-id=\"986407a\" data-element_type=\"widget\" data-e-type=\"widget\" data-widget_type=\"text-editor.default\">\n\t\t\t\t<div class=\"elementor-widget-container\">\n\t\t\t\t\t\t\t\t\t<p>Procuramos empezar cada d\u00eda con una sonrisa,<br \/>y aunque el trabajo es intenso,<br \/>sabemos encontrar tiempo para relajarnos y divertirnos<br \/>a trav\u00e9s de numerosos momentos de team building y ocio.<\/p>\t\t\t\t\t\t\t\t<\/div>\n\t\t\t\t<\/div>\n\t\t\t\t\t<\/div>\n\t\t<\/div>\n\t\t\t\t\t<\/div>\n\t\t<\/section>\n\t\t\t\t<section class=\"elementor-section elementor-top-section elementor-element elementor-element-4d86ea6 elementor-section-boxed elementor-section-height-default elementor-section-height-default\" data-id=\"4d86ea6\" data-element_type=\"section\" data-e-type=\"section\">\n\t\t\t\t\t\t<div class=\"elementor-container elementor-column-gap-default\">\n\t\t\t\t\t<div class=\"elementor-column elementor-col-100 elementor-top-column elementor-element elementor-element-90d3107\" data-id=\"90d3107\" data-element_type=\"column\" data-e-type=\"column\">\n\t\t\t<div class=\"elementor-widget-wrap elementor-element-populated\">\n\t\t\t\t\t\t<div class=\"elementor-element elementor-element-e4072c7 elementor-widget elementor-widget-text-editor\" data-id=\"e4072c7\" data-element_type=\"widget\" data-e-type=\"widget\" data-widget_type=\"text-editor.default\">\n\t\t\t\t<div class=\"elementor-widget-container\">\n\t\t\t\t\t\t\t\t\t<p>Posizioni aperte<\/p>\t\t\t\t\t\t\t\t<\/div>\n\t\t\t\t<\/div>\n\t\t\t\t\t<\/div>\n\t\t<\/div>\n\t\t\t\t\t<\/div>\n\t\t<\/section>\n\t\t\t\t<section class=\"elementor-section elementor-top-section elementor-element elementor-element-5bc2a64 elementor-section-boxed elementor-section-height-default elementor-section-height-default\" data-id=\"5bc2a64\" data-element_type=\"section\" data-e-type=\"section\">\n\t\t\t\t\t\t<div class=\"elementor-container elementor-column-gap-default\">\n\t\t\t\t\t<div class=\"elementor-column elementor-col-100 elementor-top-column elementor-element elementor-element-a219bec\" data-id=\"a219bec\" data-element_type=\"column\" data-e-type=\"column\">\n\t\t\t<div class=\"elementor-widget-wrap elementor-element-populated\">\n\t\t\t\t\t\t<div class=\"elementor-element elementor-element-a2b80cb elementor-widget elementor-widget-text-editor\" data-id=\"a2b80cb\" data-element_type=\"widget\" data-e-type=\"widget\" data-widget_type=\"text-editor.default\">\n\t\t\t\t<div class=\"elementor-widget-container\">\n\t\t\t\t\t\t\t\t\t<p>Estamos en b\u00fasqueda constante de profesionales competentes y din\u00e1micos<br \/>que puedan aportar valor a nuestro equipo y acelerar el desarrollo de nuestros productos.<br \/>Actualmente, buscamos los siguientes perfiles:<\/p><ul><li>Desarrolladores m\u00f3viles (Android, iOS y Flutter)<\/li><li>Ingenieros electr\u00f3nicos y de hardware<\/li><li>Ingenieros inform\u00e1ticos con experiencia en desarrollo backend<\/li><li>Testers de software<\/li><\/ul><p><br \/>Si quieres estar informado sobre futuras vacantes,<br \/>env\u00eda tu CV y carta de presentaci\u00f3n a:<span style=\"background-color: var(--global--color-background); color: var(--global--color-primary); font-family: var(--global--font-secondary); font-size: var(--global--font-size-base);\">\u00a0<\/span><a style=\"color: #ff3545;\" href=\"mailto:jobs@filotrack.com\">jobs@filotrack.com<\/a><\/p>\t\t\t\t\t\t\t\t<\/div>\n\t\t\t\t<\/div>\n\t\t\t\t\t<\/div>\n\t\t<\/div>\n\t\t\t\t\t<\/div>\n\t\t<\/section>\n\t\t\t\t<section class=\"elementor-section elementor-top-section elementor-element elementor-element-4333514 elementor-section-boxed elementor-section-height-default elementor-section-height-default\" data-id=\"4333514\" data-element_type=\"section\" data-e-type=\"section\">\n\t\t\t\t\t\t<div class=\"elementor-container elementor-column-gap-default\">\n\t\t\t\t\t<div class=\"elementor-column elementor-col-100 elementor-top-column elementor-element elementor-element-ed0fd5d\" data-id=\"ed0fd5d\" data-element_type=\"column\" data-e-type=\"column\">\n\t\t\t<div class=\"elementor-widget-wrap elementor-element-populated\">\n\t\t\t\t\t\t<div class=\"elementor-element elementor-element-b2ca6e3 elementor-widget elementor-widget-text-editor\" data-id=\"b2ca6e3\" data-element_type=\"widget\" data-e-type=\"widget\" data-widget_type=\"text-editor.default\">\n\t\t\t\t<div class=\"elementor-widget-container\">\n\t\t\t\t\t\t\t\t\t<p>\u00bfEres estudiante?<\/p>\t\t\t\t\t\t\t\t<\/div>\n\t\t\t\t<\/div>\n\t\t\t\t\t<\/div>\n\t\t<\/div>\n\t\t\t\t\t<\/div>\n\t\t<\/section>\n\t\t\t\t<section class=\"elementor-section elementor-top-section elementor-element elementor-element-ab353f8 elementor-section-boxed elementor-section-height-default elementor-section-height-default\" data-id=\"ab353f8\" data-element_type=\"section\" data-e-type=\"section\">\n\t\t\t\t\t\t<div class=\"elementor-container elementor-column-gap-default\">\n\t\t\t\t\t<div class=\"elementor-column elementor-col-100 elementor-top-column elementor-element elementor-element-de64b75\" data-id=\"de64b75\" data-element_type=\"column\" data-e-type=\"column\">\n\t\t\t<div class=\"elementor-widget-wrap elementor-element-populated\">\n\t\t\t\t\t\t<div class=\"elementor-element elementor-element-2615e0a elementor-widget elementor-widget-text-editor\" data-id=\"2615e0a\" data-element_type=\"widget\" data-e-type=\"widget\" data-widget_type=\"text-editor.default\">\n\t\t\t\t<div class=\"elementor-widget-container\">\n\t\t\t\t\t\t\t\t\t<p>Estamos convencidos de que la mejor manera de fomentar la innovaci\u00f3n es invirtiendo en los j\u00f3venes y su talento.<br \/>Por ello, ofrecemos constantemente oportunidades de pr\u00e1cticas curriculares y proyectos de tesis en el \u00e1mbito tecnol\u00f3gico.<\/p><p>\u00a0<\/p><p>Para m\u00e1s informaci\u00f3n, cont\u00e1ctanos en <a style=\"color: #ff3545;\" href=\"mailto:jobs@filotrack.com\">jobs@filotrack.com<\/a><\/p>\t\t\t\t\t\t\t\t<\/div>\n\t\t\t\t<\/div>\n\t\t\t\t\t<\/div>\n\t\t<\/div>\n\t\t\t\t\t<\/div>\n\t\t<\/section>\n\t\t\t\t<\/div>\n\t\t","protected":false},"excerpt":{"rendered":"<p>Trabajar en Filo. Te encantar\u00e1. Somos un equipo de personas apasionadas que aman lo que hacen cada d\u00eda. Nuestra sede est\u00e1 en Roma, rodeada de la vegetaci\u00f3n del distrito EUR. Estamos en b\u00fasqueda constante de talentos que puedan aportar valor a nuestro equipo. Trabajar en Filo. Te encantar\u00e1. Somos un equipo de personas apasionadas que&hellip; <a class=\"more-link\" href=\"https:\/\/filotrack.com\/es\/filo-career\/\">Seguir leyendo <span class=\"screen-reader-text\">Career<\/span><\/a><\/p>\n","protected":false},"author":10,"featured_media":0,"parent":0,"menu_order":0,"comment_status":"closed","ping_status":"closed","template":"elementor_header_footer","meta":{"inline_featured_image":false,"footnotes":""},"class_list":["post-2256","page","type-page","status-publish","hentry","entry"],"_links":{"self":[{"href":"https:\/\/filotrack.com\/es\/wp-json\/wp\/v2\/pages\/2256","targetHints":{"allow":["GET"]}}],"collection":[{"href":"https:\/\/filotrack.com\/es\/wp-json\/wp\/v2\/pages"}],"about":[{"href":"https:\/\/filotrack.com\/es\/wp-json\/wp\/v2\/types\/page"}],"author":[{"embeddable":true,"href":"https:\/\/filotrack.com\/es\/wp-json\/wp\/v2\/users\/10"}],"replies":[{"embeddable":true,"href":"https:\/\/filotrack.com\/es\/wp-json\/wp\/v2\/comments?post=2256"}],"version-history":[{"count":24,"href":"https:\/\/filotrack.com\/es\/wp-json\/wp\/v2\/pages\/2256\/revisions"}],"predecessor-version":[{"id":12495,"href":"https:\/\/filotrack.com\/es\/wp-json\/wp\/v2\/pages\/2256\/revisions\/12495"}],"wp:attachment":[{"href":"https:\/\/filotrack.com\/es\/wp-json\/wp\/v2\/media?parent=2256"}],"curies":[{"name":"wp","href":"https:\/\/api.w.org\/{rel}","templated":true}]}}