{"id":2253,"date":"2022-03-24T18:21:01","date_gmt":"2022-03-24T18:21:01","guid":{"rendered":"https:\/\/34.241.33.110\/filo-blog\/"},"modified":"2022-05-18T13:46:14","modified_gmt":"2022-05-18T13:46:14","slug":"filo-blog","status":"publish","type":"page","link":"https:\/\/filotrack.com\/es\/filo-blog\/","title":{"rendered":"Blog"},"content":{"rendered":"\t\t<div data-elementor-type=\"wp-page\" data-elementor-id=\"2253\" class=\"elementor elementor-2253 elementor-505\" data-elementor-post-type=\"page\">\n\t\t\t\t\t\t<section class=\"elementor-section elementor-top-section elementor-element elementor-element-7d5f9c85 elementor-hidden-mobile elementor-section-boxed elementor-section-height-default elementor-section-height-default\" data-id=\"7d5f9c85\" data-element_type=\"section\" data-e-type=\"section\">\n\t\t\t\t\t\t<div class=\"elementor-container elementor-column-gap-default\">\n\t\t\t\t\t<div class=\"elementor-column elementor-col-100 elementor-top-column elementor-element elementor-element-3d5358b0\" data-id=\"3d5358b0\" data-element_type=\"column\" data-e-type=\"column\">\n\t\t\t<div class=\"elementor-widget-wrap elementor-element-populated\">\n\t\t\t\t\t\t<div class=\"elementor-element elementor-element-25e35fd3 elementor-widget elementor-widget-heading\" data-id=\"25e35fd3\" data-element_type=\"widget\" data-e-type=\"widget\" data-widget_type=\"heading.default\">\n\t\t\t\t<div class=\"elementor-widget-container\">\n\t\t\t\t\t<h1 class=\"elementor-heading-title elementor-size-default\">Blog de Filo<\/h1>\t\t\t\t<\/div>\n\t\t\t\t<\/div>\n\t\t\t\t<div class=\"elementor-element elementor-element-7e9194a6 elementor-widget elementor-widget-text-editor\" data-id=\"7e9194a6\" data-element_type=\"widget\" data-e-type=\"widget\" data-widget_type=\"text-editor.default\">\n\t\t\t\t<div class=\"elementor-widget-container\">\n\t\t\t\t\t\t\t\t\t<p>Compartiendo historias de \u00e9xito de nuestros usuarios, mostrando actualizaciones de productos y consejos que pueden hacer su vida m\u00e1s f\u00e1cil.<\/p>\t\t\t\t\t\t\t\t<\/div>\n\t\t\t\t<\/div>\n\t\t\t\t<div class=\"elementor-element elementor-element-62775de7 elementor-widget elementor-widget-heading\" data-id=\"62775de7\" data-element_type=\"widget\" data-e-type=\"widget\" data-widget_type=\"heading.default\">\n\t\t\t\t<div class=\"elementor-widget-container\">\n\t\t\t\t\t<h2 class=\"elementor-heading-title elementor-size-default\">\u00bfQu\u00e9 es un rastreador Bluetooth? <\/h2>\t\t\t\t<\/div>\n\t\t\t\t<\/div>\n\t\t\t\t<div class=\"elementor-element elementor-element-7e260c02 elementor-widget__width-inherit blog-img elementor-widget elementor-widget-image\" data-id=\"7e260c02\" data-element_type=\"widget\" data-e-type=\"widget\" data-widget_type=\"image.default\">\n\t\t\t\t<div class=\"elementor-widget-container\">\n\t\t\t\t\t\t\t\t\t\t\t\t\t\t\t<img fetchpriority=\"high\" decoding=\"async\" width=\"697\" height=\"268\" src=\"https:\/\/business.filotrack.com\/wp-content\/uploads\/Blog_Banner.webp\" class=\"attachment-large size-large wp-image-3801\" alt=\"\" srcset=\"https:\/\/business.filotrack.com\/wp-content\/uploads\/Blog_Banner.webp 697w, https:\/\/business.filotrack.com\/wp-content\/uploads\/Blog_Banner-600x231.webp 600w, https:\/\/business.filotrack.com\/wp-content\/uploads\/Blog_Banner-300x115.webp 300w\" sizes=\"(max-width: 697px) 100vw, 697px\" style=\"width:100%;height:38.45%;max-width:697px\" \/>\t\t\t\t\t\t\t\t\t\t\t\t\t\t\t<\/div>\n\t\t\t\t<\/div>\n\t\t\t\t<div class=\"elementor-element elementor-element-2d913ed3 elementor-widget elementor-widget-text-editor\" data-id=\"2d913ed3\" data-element_type=\"widget\" data-e-type=\"widget\" data-widget_type=\"text-editor.default\">\n\t\t\t\t<div class=\"elementor-widget-container\">\n\t\t\t\t\t\t\t\t\t<p><b>B\u00e1sicamente, un rastreador bluetooth es un peque\u00f1o dispositivo que puede adjuntar a sus pertenencias personales y conectarlo a su tel\u00e9fono mediante Bluetooth. Ayuda a encontrar pertenencias perdidas o extraviadas llam\u00e1ndolas.<\/b><\/p>\t\t\t\t\t\t\t\t<\/div>\n\t\t\t\t<\/div>\n\t\t\t\t<div class=\"elementor-element elementor-element-27347945 elementor-widget elementor-widget-button\" data-id=\"27347945\" data-element_type=\"widget\" data-e-type=\"widget\" data-widget_type=\"button.default\">\n\t\t\t\t<div class=\"elementor-widget-container\">\n\t\t\t\t\t\t\t\t\t<div class=\"elementor-button-wrapper\">\n\t\t\t\t\t<a class=\"elementor-button elementor-button-link elementor-size-sm\" href=\"https:\/\/filotrack.com\/es\/what-is-a-bluetooth-tracker\/\">\n\t\t\t\t\t\t<span class=\"elementor-button-content-wrapper\">\n\t\t\t\t\t\t<span class=\"elementor-button-icon\">\n\t\t\t\t<i aria-hidden=\"true\" class=\"fas fa-arrow-right\"><\/i>\t\t\t<\/span>\n\t\t\t\t\t\t\t\t\t<span class=\"elementor-button-text\">Lee Mas<\/span>\n\t\t\t\t\t<\/span>\n\t\t\t\t\t<\/a>\n\t\t\t\t<\/div>\n\t\t\t\t\t\t\t\t<\/div>\n\t\t\t\t<\/div>\n\t\t\t\t\t<\/div>\n\t\t<\/div>\n\t\t\t\t\t<\/div>\n\t\t<\/section>\n\t\t\t\t<section class=\"elementor-section elementor-top-section elementor-element elementor-element-18e7161a elementor-hidden-desktop elementor-hidden-tablet elementor-section-boxed elementor-section-height-default elementor-section-height-default\" data-id=\"18e7161a\" data-element_type=\"section\" data-e-type=\"section\">\n\t\t\t\t\t\t<div class=\"elementor-container elementor-column-gap-default\">\n\t\t\t\t\t<div class=\"elementor-column elementor-col-100 elementor-top-column elementor-element elementor-element-16fe1208\" data-id=\"16fe1208\" data-element_type=\"column\" data-e-type=\"column\">\n\t\t\t<div class=\"elementor-widget-wrap elementor-element-populated\">\n\t\t\t\t\t\t<div class=\"elementor-element elementor-element-26039fd2 elementor-widget elementor-widget-heading\" data-id=\"26039fd2\" data-element_type=\"widget\" data-e-type=\"widget\" data-widget_type=\"heading.default\">\n\t\t\t\t<div class=\"elementor-widget-container\">\n\t\t\t\t\t<h2 class=\"elementor-heading-title elementor-size-default\">Blog de Filo <\/h2>\t\t\t\t<\/div>\n\t\t\t\t<\/div>\n\t\t\t\t<div class=\"elementor-element elementor-element-2705d608 elementor-widget elementor-widget-text-editor\" data-id=\"2705d608\" data-element_type=\"widget\" data-e-type=\"widget\" data-widget_type=\"text-editor.default\">\n\t\t\t\t<div class=\"elementor-widget-container\">\n\t\t\t\t\t\t\t\t\t<p>Compartiendo historias de \u00e9xito de nuestros usuarios, mostrando actualizaciones de productos y consejos que pueden hacer su vida m\u00e1s f\u00e1cil.<\/p>\t\t\t\t\t\t\t\t<\/div>\n\t\t\t\t<\/div>\n\t\t\t\t<div class=\"elementor-element elementor-element-75962d8f elementor-widget elementor-widget-heading\" data-id=\"75962d8f\" data-element_type=\"widget\" data-e-type=\"widget\" data-widget_type=\"heading.default\">\n\t\t\t\t<div class=\"elementor-widget-container\">\n\t\t\t\t\t<h2 class=\"elementor-heading-title elementor-size-default\">\u00bfQu\u00e9 es un rastreador Bluetooth? <\/h2>\t\t\t\t<\/div>\n\t\t\t\t<\/div>\n\t\t\t\t<div class=\"elementor-element elementor-element-6affdf9d elementor-widget__width-inherit blog-img elementor-widget elementor-widget-image\" data-id=\"6affdf9d\" data-element_type=\"widget\" data-e-type=\"widget\" data-widget_type=\"image.default\">\n\t\t\t\t<div class=\"elementor-widget-container\">\n\t\t\t\t\t\t\t\t\t\t\t\t\t\t\t<img fetchpriority=\"high\" decoding=\"async\" width=\"697\" height=\"268\" src=\"https:\/\/business.filotrack.com\/wp-content\/uploads\/Blog_Banner.webp\" class=\"attachment-large size-large wp-image-3801\" alt=\"\" srcset=\"https:\/\/business.filotrack.com\/wp-content\/uploads\/Blog_Banner.webp 697w, https:\/\/business.filotrack.com\/wp-content\/uploads\/Blog_Banner-600x231.webp 600w, https:\/\/business.filotrack.com\/wp-content\/uploads\/Blog_Banner-300x115.webp 300w\" sizes=\"(max-width: 697px) 100vw, 697px\" style=\"width:100%;height:38.45%;max-width:697px\" \/>\t\t\t\t\t\t\t\t\t\t\t\t\t\t\t<\/div>\n\t\t\t\t<\/div>\n\t\t\t\t<div class=\"elementor-element elementor-element-420084c9 elementor-widget elementor-widget-text-editor\" data-id=\"420084c9\" data-element_type=\"widget\" data-e-type=\"widget\" data-widget_type=\"text-editor.default\">\n\t\t\t\t<div class=\"elementor-widget-container\">\n\t\t\t\t\t\t\t\t\t<p><b>B\u00e1sicamente, un rastreador bluetooth es un peque\u00f1o dispositivo que puede adjuntar a sus pertenencias personales y conectarlo a su tel\u00e9fono mediante Bluetooth. Ayuda a encontrar pertenencias perdidas o extraviadas llam\u00e1ndolas.<\/b><\/p>\t\t\t\t\t\t\t\t<\/div>\n\t\t\t\t<\/div>\n\t\t\t\t<div class=\"elementor-element elementor-element-6c83cd2d elementor-widget elementor-widget-button\" data-id=\"6c83cd2d\" data-element_type=\"widget\" data-e-type=\"widget\" data-widget_type=\"button.default\">\n\t\t\t\t<div class=\"elementor-widget-container\">\n\t\t\t\t\t\t\t\t\t<div class=\"elementor-button-wrapper\">\n\t\t\t\t\t<a class=\"elementor-button elementor-button-link elementor-size-sm\" href=\"\/what-is-a-bluetooth-tracker\">\n\t\t\t\t\t\t<span class=\"elementor-button-content-wrapper\">\n\t\t\t\t\t\t<span class=\"elementor-button-icon\">\n\t\t\t\t<i aria-hidden=\"true\" class=\"fas fa-arrow-right\"><\/i>\t\t\t<\/span>\n\t\t\t\t\t\t\t\t\t<span class=\"elementor-button-text\">Lee Mas<\/span>\n\t\t\t\t\t<\/span>\n\t\t\t\t\t<\/a>\n\t\t\t\t<\/div>\n\t\t\t\t\t\t\t\t<\/div>\n\t\t\t\t<\/div>\n\t\t\t\t\t<\/div>\n\t\t<\/div>\n\t\t\t\t\t<\/div>\n\t\t<\/section>\n\t\t\t\t<\/div>\n\t\t","protected":false},"excerpt":{"rendered":"<p>Blog de Filo Compartiendo historias de \u00e9xito de nuestros usuarios, mostrando actualizaciones de productos y consejos que pueden hacer su vida m\u00e1s f\u00e1cil. \u00bfQu\u00e9 es un rastreador Bluetooth? B\u00e1sicamente, un rastreador bluetooth es un peque\u00f1o dispositivo que puede adjuntar a sus pertenencias personales y conectarlo a su tel\u00e9fono mediante Bluetooth. Ayuda a encontrar pertenencias perdidas&hellip; <a class=\"more-link\" href=\"https:\/\/filotrack.com\/es\/filo-blog\/\">Seguir leyendo <span class=\"screen-reader-text\">Blog<\/span><\/a><\/p>\n","protected":false},"author":10,"featured_media":0,"parent":0,"menu_order":0,"comment_status":"closed","ping_status":"closed","template":"elementor_header_footer","meta":{"inline_featured_image":false,"footnotes":""},"class_list":["post-2253","page","type-page","status-publish","hentry","entry"],"_links":{"self":[{"href":"https:\/\/filotrack.com\/es\/wp-json\/wp\/v2\/pages\/2253","targetHints":{"allow":["GET"]}}],"collection":[{"href":"https:\/\/filotrack.com\/es\/wp-json\/wp\/v2\/pages"}],"about":[{"href":"https:\/\/filotrack.com\/es\/wp-json\/wp\/v2\/types\/page"}],"author":[{"embeddable":true,"href":"https:\/\/filotrack.com\/es\/wp-json\/wp\/v2\/users\/10"}],"replies":[{"embeddable":true,"href":"https:\/\/filotrack.com\/es\/wp-json\/wp\/v2\/comments?post=2253"}],"version-history":[{"count":19,"href":"https:\/\/filotrack.com\/es\/wp-json\/wp\/v2\/pages\/2253\/revisions"}],"predecessor-version":[{"id":7072,"href":"https:\/\/filotrack.com\/es\/wp-json\/wp\/v2\/pages\/2253\/revisions\/7072"}],"wp:attachment":[{"href":"https:\/\/filotrack.com\/es\/wp-json\/wp\/v2\/media?parent=2253"}],"curies":[{"name":"wp","href":"https:\/\/api.w.org\/{rel}","templated":true}]}}