{"id":2142,"date":"2022-03-24T18:20:10","date_gmt":"2022-03-24T18:20:10","guid":{"rendered":"https:\/\/34.241.33.110\/media-kit\/"},"modified":"2024-10-07T13:24:55","modified_gmt":"2024-10-07T13:24:55","slug":"media-kit","status":"publish","type":"page","link":"https:\/\/filotrack.com\/de\/media-kit\/","title":{"rendered":"Media Kit"},"content":{"rendered":"\t\t<div data-elementor-type=\"wp-page\" data-elementor-id=\"2142\" class=\"elementor elementor-2142 elementor-501\" data-elementor-post-type=\"page\">\n\t\t\t\t\t\t<section class=\"elementor-section elementor-top-section elementor-element elementor-element-7afb0617 elementor-section-full_width elementor-hidden-mobile elementor-section-height-default elementor-section-height-default\" data-id=\"7afb0617\" data-element_type=\"section\" data-e-type=\"section\">\n\t\t\t\t\t\t<div class=\"elementor-container elementor-column-gap-no\">\n\t\t\t\t\t<div class=\"elementor-column elementor-col-50 elementor-top-column elementor-element elementor-element-5b779de\" data-id=\"5b779de\" data-element_type=\"column\" data-e-type=\"column\">\n\t\t\t<div class=\"elementor-widget-wrap elementor-element-populated\">\n\t\t\t\t\t\t<div class=\"elementor-element elementor-element-d186ff elementor-widget elementor-widget-image\" data-id=\"d186ff\" data-element_type=\"widget\" data-e-type=\"widget\" data-widget_type=\"image.default\">\n\t\t\t\t<div class=\"elementor-widget-container\">\n\t\t\t\t\t\t\t\t\t\t\t\t\t\t\t<img decoding=\"async\" src=\"https:\/\/staging.filotrack.com\/wp-content\/uploads\/elementor\/thumbs\/HomePage_Img_1_EN-q9og3b0s6ash161h9sjwc4vairs7phxr1ex66q4gsg.webp\" title=\"HomePage_Img_1_EN\" alt=\"HomePage_Img_1_EN\" loading=\"lazy\" \/>\t\t\t\t\t\t\t\t\t\t\t\t\t\t\t<\/div>\n\t\t\t\t<\/div>\n\t\t\t\t\t<\/div>\n\t\t<\/div>\n\t\t\t\t<div class=\"elementor-column elementor-col-50 elementor-top-column elementor-element elementor-element-e683749\" data-id=\"e683749\" data-element_type=\"column\" data-e-type=\"column\">\n\t\t\t<div class=\"elementor-widget-wrap elementor-element-populated\">\n\t\t\t\t\t\t<div class=\"elementor-element elementor-element-60880f6d elementor-widget elementor-widget-heading\" data-id=\"60880f6d\" data-element_type=\"widget\" data-e-type=\"widget\" data-widget_type=\"heading.default\">\n\t\t\t\t<div class=\"elementor-widget-container\">\n\t\t\t\t\t<h2 class=\"elementor-heading-title elementor-size-default\">Pressematerial <\/h2>\t\t\t\t<\/div>\n\t\t\t\t<\/div>\n\t\t\t\t<div class=\"elementor-element elementor-element-63c1f7c4 elementor-widget elementor-widget-text-editor\" data-id=\"63c1f7c4\" data-element_type=\"widget\" data-e-type=\"widget\" data-widget_type=\"text-editor.default\">\n\t\t\t\t<div class=\"elementor-widget-container\">\n\t\t\t\t\t\t\t\t\t<p>Filo ist nicht nur ein kleines Ger\u00e4t, sondern auch eine unglaublich clevere Art, Ihre Gegenst\u00e4nde wiederzufinden. Befestigen Sie diesen coolen Bluetooth-Anh\u00e4nger einfach an Ihren Wertsachen und finden Sie sie mit unserer benutzerfreundlichen Filo-App wieder. Sie k\u00f6nnen Filo auch benutzen, um Ihr Handy wiederzufinden. Laden Sie unsere Pressematerialien herunter, um weitere Informationen zu finden, einschlie\u00dflich einer Produktpr\u00e4sentation, Photos des Produkts und Logos.<\/p>\t\t\t\t\t\t\t\t<\/div>\n\t\t\t\t<\/div>\n\t\t\t\t<div class=\"elementor-element elementor-element-fe58f9f elementor-widget elementor-widget-button\" data-id=\"fe58f9f\" data-element_type=\"widget\" data-e-type=\"widget\" data-widget_type=\"button.default\">\n\t\t\t\t<div class=\"elementor-widget-container\">\n\t\t\t\t\t\t\t\t\t<div class=\"elementor-button-wrapper\">\n\t\t\t\t\t<a class=\"elementor-button elementor-button-link elementor-size-sm\" href=\"https:\/\/drive.google.com\/drive\/folders\/1AcDtU-wjp3jI6hpfniY1E-XQTu8gX1Y0?usp=sharing\" target=\"_blank\" rel=\"noopener\">\n\t\t\t\t\t\t<span class=\"elementor-button-content-wrapper\">\n\t\t\t\t\t\t\t\t\t<span class=\"elementor-button-text\">                    PRESSEMATERIALIEN HERUNTERLADEN<\/span>\n\t\t\t\t\t<\/span>\n\t\t\t\t\t<\/a>\n\t\t\t\t<\/div>\n\t\t\t\t\t\t\t\t<\/div>\n\t\t\t\t<\/div>\n\t\t\t\t\t<\/div>\n\t\t<\/div>\n\t\t\t\t\t<\/div>\n\t\t<\/section>\n\t\t\t\t<section class=\"elementor-section elementor-top-section elementor-element elementor-element-5c113112 elementor-section-full_width elementor-hidden-desktop elementor-hidden-tablet elementor-section-height-default elementor-section-height-default\" data-id=\"5c113112\" data-element_type=\"section\" data-e-type=\"section\">\n\t\t\t\t\t\t<div class=\"elementor-container elementor-column-gap-no\">\n\t\t\t\t\t<div class=\"elementor-column elementor-col-50 elementor-top-column elementor-element elementor-element-782b2a6f\" data-id=\"782b2a6f\" data-element_type=\"column\" data-e-type=\"column\">\n\t\t\t<div class=\"elementor-widget-wrap elementor-element-populated\">\n\t\t\t\t\t\t<div class=\"elementor-element elementor-element-6471a947 elementor-widget elementor-widget-heading\" data-id=\"6471a947\" data-element_type=\"widget\" data-e-type=\"widget\" data-widget_type=\"heading.default\">\n\t\t\t\t<div class=\"elementor-widget-container\">\n\t\t\t\t\t<h2 class=\"elementor-heading-title elementor-size-default\">Pressematerial <\/h2>\t\t\t\t<\/div>\n\t\t\t\t<\/div>\n\t\t\t\t<div class=\"elementor-element elementor-element-3effe4e2 elementor-widget elementor-widget-text-editor\" data-id=\"3effe4e2\" data-element_type=\"widget\" data-e-type=\"widget\" data-widget_type=\"text-editor.default\">\n\t\t\t\t<div class=\"elementor-widget-container\">\n\t\t\t\t\t\t\t\t\t<p>Filo ist nicht nur ein kleines Ger\u00e4t, sondern auch eine unglaublich clevere Art, Ihre Gegenst\u00e4nde wiederzufinden. Befestigen Sie diesen coolen Bluetooth-Anh\u00e4nger einfach an Ihren Wertsachen und finden Sie sie mit unserer benutzerfreundlichen Filo-App wieder. Sie k\u00f6nnen Filo auch benutzen, um Ihr Handy wiederzufinden. Laden Sie unsere Pressematerialien herunter, um weitere Informationen zu finden, einschlie\u00dflich einer Produktpr\u00e4sentation, Photos des Produkts und Logos.<\/p>\t\t\t\t\t\t\t\t<\/div>\n\t\t\t\t<\/div>\n\t\t\t\t<div class=\"elementor-element elementor-element-3c73a60 elementor-mobile-align-center elementor-widget elementor-widget-button\" data-id=\"3c73a60\" data-element_type=\"widget\" data-e-type=\"widget\" data-widget_type=\"button.default\">\n\t\t\t\t<div class=\"elementor-widget-container\">\n\t\t\t\t\t\t\t\t\t<div class=\"elementor-button-wrapper\">\n\t\t\t\t\t<a class=\"elementor-button elementor-button-link elementor-size-sm\" href=\"https:\/\/drive.google.com\/drive\/folders\/1AcDtU-wjp3jI6hpfniY1E-XQTu8gX1Y0?usp=sharing\" target=\"_blank\" rel=\"noopener\">\n\t\t\t\t\t\t<span class=\"elementor-button-content-wrapper\">\n\t\t\t\t\t\t\t\t\t<span class=\"elementor-button-text\">                    PRESSEMATERIALIEN HERUNTERLADEN<\/span>\n\t\t\t\t\t<\/span>\n\t\t\t\t\t<\/a>\n\t\t\t\t<\/div>\n\t\t\t\t\t\t\t\t<\/div>\n\t\t\t\t<\/div>\n\t\t\t\t\t<\/div>\n\t\t<\/div>\n\t\t\t\t<div class=\"elementor-column elementor-col-50 elementor-top-column elementor-element elementor-element-68283dae\" data-id=\"68283dae\" data-element_type=\"column\" data-e-type=\"column\">\n\t\t\t<div class=\"elementor-widget-wrap elementor-element-populated\">\n\t\t\t\t\t\t<div class=\"elementor-element elementor-element-43c0c145 elementor-widget elementor-widget-image\" data-id=\"43c0c145\" data-element_type=\"widget\" data-e-type=\"widget\" data-widget_type=\"image.default\">\n\t\t\t\t<div class=\"elementor-widget-container\">\n\t\t\t\t\t\t\t\t\t\t\t\t\t\t\t<img fetchpriority=\"high\" decoding=\"async\" width=\"636\" height=\"1024\" src=\"https:\/\/staging.filotrack.com\/wp-content\/uploads\/HomePage_Img_1_EN-636x1024.webp\" class=\"attachment-large size-large wp-image-9382\" alt=\"\" srcset=\"https:\/\/staging.filotrack.com\/wp-content\/uploads\/HomePage_Img_1_EN-636x1024.webp 636w, https:\/\/staging.filotrack.com\/wp-content\/uploads\/HomePage_Img_1_EN-600x966.webp 600w, https:\/\/staging.filotrack.com\/wp-content\/uploads\/HomePage_Img_1_EN-186x300.webp 186w, https:\/\/staging.filotrack.com\/wp-content\/uploads\/HomePage_Img_1_EN.webp 679w\" sizes=\"(max-width: 636px) 100vw, 636px\" style=\"width:100%;height:160.97%;max-width:679px\" \/>\t\t\t\t\t\t\t\t\t\t\t\t\t\t\t<\/div>\n\t\t\t\t<\/div>\n\t\t\t\t\t<\/div>\n\t\t<\/div>\n\t\t\t\t\t<\/div>\n\t\t<\/section>\n\t\t\t\t<section class=\"elementor-section elementor-top-section elementor-element elementor-element-69776a27 elementor-section-full_width elementor-hidden-mobile elementor-section-height-default elementor-section-height-default\" data-id=\"69776a27\" data-element_type=\"section\" data-e-type=\"section\">\n\t\t\t\t\t\t<div class=\"elementor-container elementor-column-gap-no\">\n\t\t\t\t\t<div class=\"elementor-column elementor-col-50 elementor-top-column elementor-element elementor-element-101b2490\" data-id=\"101b2490\" data-element_type=\"column\" data-e-type=\"column\">\n\t\t\t<div class=\"elementor-widget-wrap elementor-element-populated\">\n\t\t\t\t\t\t<div class=\"elementor-element elementor-element-784b5889 elementor-widget elementor-widget-heading\" data-id=\"784b5889\" data-element_type=\"widget\" data-e-type=\"widget\" data-widget_type=\"heading.default\">\n\t\t\t\t<div class=\"elementor-widget-container\">\n\t\t\t\t\t<h2 class=\"elementor-heading-title elementor-size-default\">Pressematerialen &amp; -anfragen <\/h2>\t\t\t\t<\/div>\n\t\t\t\t<\/div>\n\t\t\t\t<div class=\"elementor-element elementor-element-1c33a9ae elementor-widget elementor-widget-text-editor\" data-id=\"1c33a9ae\" data-element_type=\"widget\" data-e-type=\"widget\" data-widget_type=\"text-editor.default\">\n\t\t\t\t<div class=\"elementor-widget-container\">\n\t\t\t\t\t\t\t\t\tWenn Sie einen Artikel, Blog-Post oder eine Story \u00fcber uns schreiben wollen, <a title=\"Kontaktieren Sie uns\" href=\"\/de\/contact-us\" style=\"color:#ff3545\"><strong>kontaktieren Sie uns<\/strong><\/a> bitte und wir werden Ihnen s\u00e4mtliche Informationen zur Verf\u00fcgung stellen, die Sie ben\u00f6tigen.\t\t\t\t\t\t\t\t<\/div>\n\t\t\t\t<\/div>\n\t\t\t\t\t<\/div>\n\t\t<\/div>\n\t\t\t\t<div class=\"elementor-column elementor-col-50 elementor-top-column elementor-element elementor-element-4a701b62\" data-id=\"4a701b62\" data-element_type=\"column\" data-e-type=\"column\" data-settings=\"{&quot;background_background&quot;:&quot;classic&quot;}\">\n\t\t\t<div class=\"elementor-widget-wrap elementor-element-populated\">\n\t\t\t\t\t\t<div class=\"elementor-element elementor-element-55189721 elementor-widget elementor-widget-image\" data-id=\"55189721\" data-element_type=\"widget\" data-e-type=\"widget\" data-widget_type=\"image.default\">\n\t\t\t\t<div class=\"elementor-widget-container\">\n\t\t\t\t\t\t\t\t\t\t\t\t\t\t\t<img decoding=\"async\" width=\"750\" height=\"462\" src=\"https:\/\/staging.filotrack.com\/wp-content\/uploads\/Press_Img_2-1024x631.jpg\" class=\"attachment-large size-large wp-image-3751\" alt=\"\" srcset=\"https:\/\/staging.filotrack.com\/wp-content\/uploads\/Press_Img_2-1024x631.jpg 1024w, https:\/\/staging.filotrack.com\/wp-content\/uploads\/Press_Img_2-600x370.jpg 600w, https:\/\/staging.filotrack.com\/wp-content\/uploads\/Press_Img_2-300x185.jpg 300w, https:\/\/staging.filotrack.com\/wp-content\/uploads\/Press_Img_2-768x474.jpg 768w, https:\/\/staging.filotrack.com\/wp-content\/uploads\/Press_Img_2.jpg 1440w\" sizes=\"(max-width: 750px) 100vw, 750px\" style=\"width:100%;height:61.67%;max-width:1440px\" \/>\t\t\t\t\t\t\t\t\t\t\t\t\t\t\t<\/div>\n\t\t\t\t<\/div>\n\t\t\t\t\t<\/div>\n\t\t<\/div>\n\t\t\t\t\t<\/div>\n\t\t<\/section>\n\t\t\t\t<section class=\"elementor-section elementor-top-section elementor-element elementor-element-271fb6e1 elementor-section-full_width elementor-hidden-desktop elementor-hidden-tablet elementor-section-height-default elementor-section-height-default\" data-id=\"271fb6e1\" data-element_type=\"section\" data-e-type=\"section\">\n\t\t\t\t\t\t<div class=\"elementor-container elementor-column-gap-no\">\n\t\t\t\t\t<div class=\"elementor-column elementor-col-50 elementor-top-column elementor-element elementor-element-56d11fe7\" data-id=\"56d11fe7\" data-element_type=\"column\" data-e-type=\"column\">\n\t\t\t<div class=\"elementor-widget-wrap elementor-element-populated\">\n\t\t\t\t\t\t<div class=\"elementor-element elementor-element-189f2ce6 elementor-widget elementor-widget-heading\" data-id=\"189f2ce6\" data-element_type=\"widget\" data-e-type=\"widget\" data-widget_type=\"heading.default\">\n\t\t\t\t<div class=\"elementor-widget-container\">\n\t\t\t\t\t<h2 class=\"elementor-heading-title elementor-size-default\">Pressematerialen &amp; -anfragen <\/h2>\t\t\t\t<\/div>\n\t\t\t\t<\/div>\n\t\t\t\t<div class=\"elementor-element elementor-element-6f04e019 elementor-widget elementor-widget-text-editor\" data-id=\"6f04e019\" data-element_type=\"widget\" data-e-type=\"widget\" data-widget_type=\"text-editor.default\">\n\t\t\t\t<div class=\"elementor-widget-container\">\n\t\t\t\t\t\t\t\t\tWenn Sie einen Artikel, Blog-Post oder eine Story \u00fcber uns schreiben wollen, <a title=\"Kontaktieren Sie uns\" href=\"\/de\/contact-us\" style=\"color: #ff3545\"><strong>kontaktieren Sie uns<\/strong><\/a> bitte und wir werden Ihnen s\u00e4mtliche Informationen zur Verf\u00fcgung stellen, die Sie ben\u00f6tigen.\t\t\t\t\t\t\t\t<\/div>\n\t\t\t\t<\/div>\n\t\t\t\t\t<\/div>\n\t\t<\/div>\n\t\t\t\t<div class=\"elementor-column elementor-col-50 elementor-top-column elementor-element elementor-element-f97822b\" data-id=\"f97822b\" data-element_type=\"column\" data-e-type=\"column\" data-settings=\"{&quot;background_background&quot;:&quot;classic&quot;}\">\n\t\t\t<div class=\"elementor-widget-wrap elementor-element-populated\">\n\t\t\t\t\t\t<div class=\"elementor-element elementor-element-5de8fd58 elementor-widget elementor-widget-image\" data-id=\"5de8fd58\" data-element_type=\"widget\" data-e-type=\"widget\" data-widget_type=\"image.default\">\n\t\t\t\t<div class=\"elementor-widget-container\">\n\t\t\t\t\t\t\t\t\t\t\t\t\t\t\t<img decoding=\"async\" width=\"750\" height=\"462\" src=\"https:\/\/staging.filotrack.com\/wp-content\/uploads\/Press_Img_2-1024x631.jpg\" class=\"attachment-large size-large wp-image-3751\" alt=\"\" srcset=\"https:\/\/staging.filotrack.com\/wp-content\/uploads\/Press_Img_2-1024x631.jpg 1024w, https:\/\/staging.filotrack.com\/wp-content\/uploads\/Press_Img_2-600x370.jpg 600w, https:\/\/staging.filotrack.com\/wp-content\/uploads\/Press_Img_2-300x185.jpg 300w, https:\/\/staging.filotrack.com\/wp-content\/uploads\/Press_Img_2-768x474.jpg 768w, https:\/\/staging.filotrack.com\/wp-content\/uploads\/Press_Img_2.jpg 1440w\" sizes=\"(max-width: 750px) 100vw, 750px\" style=\"width:100%;height:61.67%;max-width:1440px\" \/>\t\t\t\t\t\t\t\t\t\t\t\t\t\t\t<\/div>\n\t\t\t\t<\/div>\n\t\t\t\t\t<\/div>\n\t\t<\/div>\n\t\t\t\t\t<\/div>\n\t\t<\/section>\n\t\t\t\t<section class=\"elementor-section elementor-top-section elementor-element elementor-element-4971dfc7 elementor-section-full_width elementor-section-height-default elementor-section-height-default\" data-id=\"4971dfc7\" data-element_type=\"section\" data-e-type=\"section\">\n\t\t\t\t\t\t<div class=\"elementor-container elementor-column-gap-no\">\n\t\t\t\t\t<div class=\"elementor-column elementor-col-100 elementor-top-column elementor-element elementor-element-52613cd2\" data-id=\"52613cd2\" data-element_type=\"column\" data-e-type=\"column\">\n\t\t\t<div class=\"elementor-widget-wrap elementor-element-populated\">\n\t\t\t\t\t\t<div class=\"elementor-element elementor-element-762babaf elementor-widget elementor-widget-heading\" data-id=\"762babaf\" data-element_type=\"widget\" data-e-type=\"widget\" data-widget_type=\"heading.default\">\n\t\t\t\t<div class=\"elementor-widget-container\">\n\t\t\t\t\t<h2 class=\"elementor-heading-title elementor-size-default\">Ausgestellt bei <\/h2>\t\t\t\t<\/div>\n\t\t\t\t<\/div>\n\t\t\t\t<div class=\"elementor-element elementor-element-838f86f elementor-widget elementor-widget-html\" data-id=\"838f86f\" data-element_type=\"widget\" data-e-type=\"widget\" data-widget_type=\"html.default\">\n\t\t\t\t<div class=\"elementor-widget-container\">\n\t\t\t\t\t<div class=\"press-slider\">\n        <div class=\"slides-container press-page\">\n            <div class=\"slide-img\">\n                <img decoding=\"async\" src=\"https:\/\/filotrack.com\/wp-content\/uploads\/Press_StartupItalia.png\" alt=\"\">\n            <\/div>\n            <div class=\"slide-img\">\n                <img decoding=\"async\" src=\"https:\/\/filotrack.com\/wp-content\/uploads\/Press_Repubblica.png\" alt=\"\">\n            <\/div>\n            <div class=\"slide-img\">\n                <img decoding=\"async\" src=\"https:\/\/filotrack.com\/wp-content\/uploads\/Press_TG5-1.png\" alt=\"\">\n            <\/div>\n            <div class=\"slide-img\">\n                <img decoding=\"async\" src=\"https:\/\/filotrack.com\/wp-content\/uploads\/Press_TG1.png\" alt=\"\">\n            <\/div>\n            <div class=\"slide-img\">\n                <img decoding=\"async\" src=\"https:\/\/filotrack.com\/wp-content\/uploads\/Press_24_Sole.png\" alt=\"\">\n            <\/div>\n            <div class=\"slide-img\">\n                <img decoding=\"async\" src=\"https:\/\/filotrack.com\/wp-content\/uploads\/Press_StartupItalia.png\" alt=\"\">\n            <\/div>\n            <div class=\"slide-img\">\n                <img decoding=\"async\" src=\"https:\/\/filotrack.com\/wp-content\/uploads\/Press_Repubblica.png\" alt=\"\">\n            <\/div>\n        <\/div>\n        <div class=\"navigator\">\n            <ion-icon name=\"ellipse\" class=\"active\"><\/ion-icon>\n            <ion-icon name=\"ellipse-outline\"><\/ion-icon>\n            <ion-icon name=\"ellipse-outline\"><\/ion-icon>\n            <ion-icon name=\"ellipse-outline\"><\/ion-icon>\n            <ion-icon name=\"ellipse-outline\"><\/ion-icon>\n        <\/div>\n        <ion-icon name=\"chevron-back-outline\"><\/ion-icon>\n        <ion-icon name=\"chevron-forward-outline\"><\/ion-icon>\n    <\/div>\n    <script type=\"module\" src=\"https:\/\/unpkg.com\/ionicons@5.5.2\/dist\/ionicons\/ionicons.esm.js\"><\/script>\n    <script nomodule src=\"https:\/\/unpkg.com\/ionicons@5.5.2\/dist\/ionicons\/ionicons.js\"><\/script>\n    \t\t\t\t<\/div>\n\t\t\t\t<\/div>\n\t\t\t\t\t<\/div>\n\t\t<\/div>\n\t\t\t\t\t<\/div>\n\t\t<\/section>\n\t\t\t\t<\/div>\n\t\t","protected":false},"excerpt":{"rendered":"<p>Pressematerial Filo ist nicht nur ein kleines Ger\u00e4t, sondern auch eine unglaublich clevere Art, Ihre Gegenst\u00e4nde wiederzufinden. Befestigen Sie diesen coolen Bluetooth-Anh\u00e4nger einfach an Ihren Wertsachen und finden Sie sie mit unserer benutzerfreundlichen Filo-App wieder. Sie k\u00f6nnen Filo auch benutzen, um Ihr Handy wiederzufinden. Laden Sie unsere Pressematerialien herunter, um weitere Informationen zu finden, einschlie\u00dflich&hellip; <a class=\"more-link\" href=\"https:\/\/filotrack.com\/de\/media-kit\/\"><span class=\"screen-reader-text\">Media Kit<\/span> weiterlesen<\/a><\/p>\n","protected":false},"author":10,"featured_media":0,"parent":0,"menu_order":0,"comment_status":"closed","ping_status":"closed","template":"elementor_header_footer","meta":{"inline_featured_image":false,"footnotes":""},"class_list":["post-2142","page","type-page","status-publish","hentry","entry"],"_links":{"self":[{"href":"https:\/\/filotrack.com\/de\/wp-json\/wp\/v2\/pages\/2142","targetHints":{"allow":["GET"]}}],"collection":[{"href":"https:\/\/filotrack.com\/de\/wp-json\/wp\/v2\/pages"}],"about":[{"href":"https:\/\/filotrack.com\/de\/wp-json\/wp\/v2\/types\/page"}],"author":[{"embeddable":true,"href":"https:\/\/filotrack.com\/de\/wp-json\/wp\/v2\/users\/10"}],"replies":[{"embeddable":true,"href":"https:\/\/filotrack.com\/de\/wp-json\/wp\/v2\/comments?post=2142"}],"version-history":[{"count":24,"href":"https:\/\/filotrack.com\/de\/wp-json\/wp\/v2\/pages\/2142\/revisions"}],"predecessor-version":[{"id":11861,"href":"https:\/\/filotrack.com\/de\/wp-json\/wp\/v2\/pages\/2142\/revisions\/11861"}],"wp:attachment":[{"href":"https:\/\/filotrack.com\/de\/wp-json\/wp\/v2\/media?parent=2142"}],"curies":[{"name":"wp","href":"https:\/\/api.w.org\/{rel}","templated":true}]}}